{"id":99,"date":"2018-09-21T10:07:42","date_gmt":"2018-09-21T10:07:42","guid":{"rendered":"http:\/\/nowa.sp6wejherowo.pl\/Blog\/?page_id=99"},"modified":"2023-11-30T07:22:38","modified_gmt":"2023-11-30T07:22:38","slug":"psycholog","status":"publish","type":"page","link":"https:\/\/sp6wejherowo.pl\/?page_id=99","title":{"rendered":"Psycholog"},"content":{"rendered":"<p style=\"text-align: center;\"><span style=\"font-size: 14pt;\"><strong>Psycholog Szko\u0142y Podstawowej Nr 6<\/strong><\/span><\/p>\n<p style=\"text-align: center;\"><em><span style=\"font-size: 12pt;\"><strong>mgr Magdalena Serafin<\/strong><\/span><\/em><\/p>\n<p style=\"text-align: center;\"><span style=\"text-decoration: underline;\"><span style=\"font-size: 12pt;\">Godziny pracy:<\/span><\/span><\/p>\n<p style=\"text-align: center;\"><span style=\"font-size: 12pt;\">Poniedzia\u0142ek <strong>11.00 &#8211; 13.30&nbsp;<\/strong><\/span><\/p>\n<p style=\"text-align: center;\"><span style=\"font-size: 12pt;\">Wtorek <strong>9.00 &#8211; 14.00 <\/strong><span style=\"color: #0000ff;\">(<em>16.00 &#8211; 17.00 konsultacje dla rodzic\u00f3w<\/em>)<\/span><\/span><\/p>\n<p style=\"text-align: center;\"><span style=\"font-size: 12pt;\">\u015aroda <strong>10.00 &#8211; 14.00<\/strong><\/span><\/p>\n<p style=\"text-align: center;\"><span style=\"font-size: 12pt;\">Czwartek <strong>7.30 &#8211; 12.30 <span style=\"color: #339966;\">(godziny pedagoga specjalnego)<\/span><\/strong><\/span><\/p>\n<p style=\"text-align: center;\"><span style=\"font-size: 12pt;\">Pi\u0105tek <strong>8.30 &#8211; 11.30 , 12.00 &#8211; 13.30<br \/>\n<\/strong><\/span><\/p>\n","protected":false},"excerpt":{"rendered":"<p>Psycholog Szko\u0142y Podstawowej Nr 6 mgr Magdalena Serafin Godziny pracy: Poniedzia\u0142ek 11.00 &#8211; 13.30&nbsp; Wtorek 9.00 &#8211; 14.00 (16.00 &#8211; 17.00 konsultacje dla rodzic\u00f3w) \u015aroda 10.00 &#8211; 14.00 Czwartek 7.30 &#8211; 12.30 (godziny pedagoga specjalnego) Pi\u0105tek 8.30 &#8211; 11.30 , 12.00 &#8211; 13.30<\/p>\n","protected":false},"author":1,"featured_media":0,"parent":0,"menu_order":0,"comment_status":"closed","ping_status":"closed","template":"","meta":{"ngg_post_thumbnail":0,"footnotes":"","_links_to":"","_links_to_target":""},"class_list":["post-99","page","type-page","status-publish","hentry"],"_links":{"self":[{"href":"https:\/\/sp6wejherowo.pl\/index.php?rest_route=\/wp\/v2\/pages\/99","targetHints":{"allow":["GET"]}}],"collection":[{"href":"https:\/\/sp6wejherowo.pl\/index.php?rest_route=\/wp\/v2\/pages"}],"about":[{"href":"https:\/\/sp6wejherowo.pl\/index.php?rest_route=\/wp\/v2\/types\/page"}],"author":[{"embeddable":true,"href":"https:\/\/sp6wejherowo.pl\/index.php?rest_route=\/wp\/v2\/users\/1"}],"replies":[{"embeddable":true,"href":"https:\/\/sp6wejherowo.pl\/index.php?rest_route=%2Fwp%2Fv2%2Fcomments&post=99"}],"version-history":[{"count":13,"href":"https:\/\/sp6wejherowo.pl\/index.php?rest_route=\/wp\/v2\/pages\/99\/revisions"}],"predecessor-version":[{"id":7582,"href":"https:\/\/sp6wejherowo.pl\/index.php?rest_route=\/wp\/v2\/pages\/99\/revisions\/7582"}],"wp:attachment":[{"href":"https:\/\/sp6wejherowo.pl\/index.php?rest_route=%2Fwp%2Fv2%2Fmedia&parent=99"}],"curies":[{"name":"wp","href":"https:\/\/api.w.org\/{rel}","templated":true}]}}