{"id":97,"date":"2018-09-21T10:07:27","date_gmt":"2018-09-21T10:07:27","guid":{"rendered":"http:\/\/nowa.sp6wejherowo.pl\/Blog\/?page_id=97"},"modified":"2025-10-29T10:43:49","modified_gmt":"2025-10-29T10:43:49","slug":"pedagodzy-szkolni","status":"publish","type":"page","link":"https:\/\/sp6wejherowo.pl\/?page_id=97","title":{"rendered":"Pedagodzy i Psycholog"},"content":{"rendered":"<table style=\"border-collapse: collapse; width: 99.9999%; height: 150px;\" border=\"1\">\n<tbody>\n<tr style=\"height: 25px;\">\n<td style=\"width: 33.3333%; height: 25px;\">&nbsp;<\/td>\n<td style=\"width: 24.7721%; height: 25px; text-align: center;\"><strong><span style=\"font-size: 12pt;\">Mariola Wadas<\/span><\/strong><\/p>\n<p><em><span style=\"font-size: 12pt;\">Pedagog szkolny<\/span><\/em><\/p>\n<p><span style=\"color: #339966;\"><em><span style=\"font-size: 12pt;\">Pedagog specjalny<\/span><\/em><\/span><\/p>\n<p><em><span style=\"font-size: 12pt;\">Klasy 0 &#8211; 4 SP<\/span><\/em><\/td>\n<td style=\"width: 21.6608%; height: 25px; text-align: center;\"><strong><span style=\"font-size: 12pt;\">Anita Poche\u0107<\/span><\/strong><\/p>\n<p><em><span style=\"font-size: 12pt;\">Pedagog szkolny<\/span><\/em><\/p>\n<p><span style=\"color: #339966;\"><em><span style=\"font-size: 12pt;\">Pedagog specjalny<\/span><\/em><\/span><\/p>\n<p><em><span style=\"font-size: 12pt;\">Klasy 5 &#8211; 8 SP<\/span><\/em><\/td>\n<td style=\"width: 20.2338%; text-align: center; height: 25px;\"><strong><span style=\"font-size: 12pt;\">Marta Pi\u0105tkowska<\/span><\/strong><\/p>\n<p><em><span style=\"font-size: 12pt;\">psycholog szkolny<\/span><\/em><\/td>\n<\/tr>\n<tr style=\"height: 25px;\">\n<td style=\"width: 33.3333%; height: 25px; text-align: center;\"><span style=\"font-size: 12pt;\">Poniedzia\u0142ek<\/span><\/td>\n<td style=\"width: 24.7721%; text-align: center; height: 25px;\" width=\"215\">\n<p align=\"center\"><span style=\"color: #000000; font-family: helvetica, arial, sans-serif;\"><span style=\"font-size: medium;\">08.15 \u2013 10.05<\/span><\/span><\/p>\n<p align=\"center\"><span style=\"color: #000000; font-family: helvetica, arial, sans-serif;\"><span style=\"font-size: medium;\">11.05 \u2013 12.10<\/span><\/span><\/p>\n<p align=\"center\"><span style=\"color: #000000; font-family: helvetica, arial, sans-serif;\"><span style=\"font-size: medium;\">13.10 \u2013 14.15<\/span><\/span><\/p>\n<\/td>\n<td style=\"width: 21.6608%; text-align: center; height: 25px;\" width=\"216\">\n<p align=\"center\"><span style=\"color: #000000; font-family: helvetica, arial, sans-serif;\"><span style=\"font-size: medium;\">10.00 \u2013 14.05<\/span><\/span><\/p>\n<p align=\"center\"><span style=\"color: #000000; font-family: helvetica, arial, sans-serif;\"><span style=\"font-size: medium;\">15.05 \u2013 16.05 <\/span><\/span><\/p>\n<p align=\"center\"><span style=\"color: #000000; font-family: helvetica, arial, sans-serif;\"><span style=\"font-size: medium;\">(w tym konsultacje <\/span><\/span><\/p>\n<p align=\"center\"><span style=\"color: #000000; font-family: helvetica, arial, sans-serif;\"><span style=\"font-size: medium;\">dla rodzic\u00f3w)<\/span><\/span><\/p>\n<\/td>\n<td style=\"width: 20.2338%; text-align: center; height: 25px;\">\n<p align=\"center\"><span style=\"color: #000000; font-family: helvetica, arial, sans-serif;\"><span style=\"font-size: medium;\">09.00 \u2013 14.30<\/span><\/span><\/p>\n<\/td>\n<\/tr>\n<tr style=\"height: 25px;\">\n<td style=\"width: 33.3333%; height: 25px; text-align: center;\"><span style=\"font-size: 12pt;\">Wtorek<\/span><\/td>\n<td style=\"width: 24.7721%; height: 25px; text-align: center;\">\n<p align=\"center\"><span style=\"color: #000000; font-family: helvetica, arial, sans-serif;\"><span style=\"font-size: medium;\">09.10 \u2013 13.40<\/span><\/span><\/p>\n<\/td>\n<td style=\"width: 21.6608%; text-align: center; height: 25px;\" width=\"216\">\n<p align=\"center\"><span style=\"color: #000000; font-family: helvetica, arial, sans-serif;\"><span style=\"font-size: medium;\">08.30 \u2013 13.30<\/span><\/span><\/p>\n<p align=\"center\"><span style=\"color: #008000; font-family: helvetica, arial, sans-serif;\"><span style=\"font-size: medium;\">pedagog specjalny<\/span><\/span><\/p>\n<\/td>\n<td style=\"width: 20.2338%; text-align: center; height: 25px;\">\n<p align=\"center\"><span style=\"color: #000000; font-family: helvetica, arial, sans-serif;\"><span style=\"font-size: medium;\">08.00 \u2013 13.30<\/span><\/span><\/p>\n<\/td>\n<\/tr>\n<tr style=\"height: 25px;\">\n<td style=\"width: 33.3333%; height: 25px; text-align: center;\"><span style=\"font-size: 12pt;\">\u015aroda<\/span><\/td>\n<td style=\"width: 24.7721%; height: 25px; text-align: center;\">\n<p align=\"center\"><span style=\"color: #000000; font-family: helvetica, arial, sans-serif;\"><span style=\"font-size: medium;\">11.00 \u2013 16.00<\/span><\/span><\/p>\n<p align=\"center\"><span style=\"color: #000000; font-family: helvetica, arial, sans-serif;\"><span style=\"font-size: medium;\">(w tym 15.00-16.00 konsultacje dla rodzic\u00f3w)<\/span><\/span><\/p>\n<p align=\"center\"><span style=\"color: #008000; font-family: helvetica, arial, sans-serif;\"><span style=\"font-size: medium;\">pedagog specjalny<\/span><\/span><\/p>\n<\/td>\n<td style=\"width: 21.6608%; text-align: center; height: 25px;\" width=\"216\">\n<p align=\"center\"><span style=\"color: #000000; font-family: helvetica, arial, sans-serif;\"><span style=\"font-size: medium;\">09.10 \u2013 13.10<\/span><\/span><\/p>\n<\/td>\n<td style=\"width: 20.2338%; text-align: center; height: 25px;\">\n<p align=\"center\"><span style=\"color: #000000; font-family: helvetica, arial, sans-serif;\"><span style=\"font-size: medium;\">07.30 \u2013 11.30<\/span><\/span><\/p>\n<\/td>\n<\/tr>\n<tr style=\"height: 25px;\">\n<td style=\"width: 33.3333%; height: 25px; text-align: center;\"><span style=\"font-size: 12pt;\">Czwartek<\/span><\/td>\n<td style=\"width: 24.7721%; height: 25px; text-align: center;\">\n<p align=\"center\"><span style=\"color: #000000; font-family: helvetica, arial, sans-serif;\"><span style=\"font-size: medium;\">07.30 \u2013 10.05<\/span><\/span><\/p>\n<p align=\"center\"><span style=\"color: #000000; font-family: helvetica, arial, sans-serif;\"><span style=\"font-size: medium;\">11.05 \u2013 12.30<\/span><\/span><\/p>\n<p align=\"center\"><span style=\"color: #008000; font-family: helvetica, arial, sans-serif;\"><span style=\"font-size: medium;\">pedagog specjalny<\/span><\/span><\/p>\n<\/td>\n<td style=\"width: 21.6608%; height: 25px; text-align: center;\">\n<p align=\"center\"><span style=\"color: #000000; font-family: helvetica, arial, sans-serif;\"><span style=\"font-size: medium;\">09.00 \u2013 13.00<\/span><\/span><\/p>\n<\/td>\n<td style=\"width: 20.2338%; text-align: center; height: 25px;\">\n<p align=\"center\"><span style=\"color: #000000; font-family: helvetica, arial, sans-serif;\"><span style=\"font-size: medium;\">11.00 \u2013 16.00<\/span><\/span><\/p>\n<p align=\"center\"><span style=\"color: #000000; font-family: helvetica, arial, sans-serif;\"><span style=\"font-size: medium;\">(w tym 15.00 \u2013 16.00 konsultacje dla rodzic\u00f3w)<\/span><\/span><\/p>\n<\/td>\n<\/tr>\n<tr style=\"height: 25px;\">\n<td style=\"width: 33.3333%; height: 25px; text-align: center;\"><span style=\"font-size: 12pt;\">Pi\u0105tek<\/span><\/td>\n<td style=\"width: 24.7721%; height: 25px; text-align: center;\">\n<p align=\"center\"><span style=\"color: #000000; font-family: helvetica, arial, sans-serif;\"><span style=\"font-size: medium;\">07.30 \u2013 11.00<\/span><\/span><\/p>\n<\/td>\n<td style=\"width: 21.6608%; height: 25px; text-align: center;\">\n<p align=\"center\"><span style=\"color: #000000; font-family: helvetica, arial, sans-serif;\"><span style=\"font-size: medium;\">08.15 \u2013 12.15<\/span><\/span><\/p>\n<p align=\"center\"><span style=\"color: #008000; font-family: helvetica, arial, sans-serif;\"><span style=\"font-size: medium;\">pedagog specjalny<\/span><\/span><\/p>\n<\/td>\n<td style=\"width: 20.2338%; text-align: center; height: 25px;\">\n<p align=\"center\"><span style=\"color: #000000; font-family: helvetica, arial, sans-serif;\"><span style=\"font-size: medium;\">12.00 \u2013 14.00<\/span><\/span><\/p>\n<\/td>\n<\/tr>\n<\/tbody>\n<\/table>\n","protected":false},"excerpt":{"rendered":"<p>&nbsp; Mariola Wadas Pedagog szkolny Pedagog specjalny Klasy 0 &#8211; 4 SP Anita Poche\u0107 Pedagog szkolny Pedagog specjalny Klasy 5 &#8211; 8 SP Marta Pi\u0105tkowska psycholog szkolny Poniedzia\u0142ek 08.15 \u2013 10.05 11.05 \u2013 12.10 13.10 \u2013 14.15 10.00 \u2013 14.05 15.05 \u2013 16.05 (w tym konsultacje dla rodzic\u00f3w) 09.00 \u2013 14.30 Wtorek 09.10 \u2013 13.40&hellip;<\/p>\n","protected":false},"author":1,"featured_media":0,"parent":0,"menu_order":0,"comment_status":"closed","ping_status":"closed","template":"","meta":{"ngg_post_thumbnail":0,"footnotes":"","_links_to":"","_links_to_target":""},"class_list":["post-97","page","type-page","status-publish","hentry"],"_links":{"self":[{"href":"https:\/\/sp6wejherowo.pl\/index.php?rest_route=\/wp\/v2\/pages\/97","targetHints":{"allow":["GET"]}}],"collection":[{"href":"https:\/\/sp6wejherowo.pl\/index.php?rest_route=\/wp\/v2\/pages"}],"about":[{"href":"https:\/\/sp6wejherowo.pl\/index.php?rest_route=\/wp\/v2\/types\/page"}],"author":[{"embeddable":true,"href":"https:\/\/sp6wejherowo.pl\/index.php?rest_route=\/wp\/v2\/users\/1"}],"replies":[{"embeddable":true,"href":"https:\/\/sp6wejherowo.pl\/index.php?rest_route=%2Fwp%2Fv2%2Fcomments&post=97"}],"version-history":[{"count":20,"href":"https:\/\/sp6wejherowo.pl\/index.php?rest_route=\/wp\/v2\/pages\/97\/revisions"}],"predecessor-version":[{"id":8241,"href":"https:\/\/sp6wejherowo.pl\/index.php?rest_route=\/wp\/v2\/pages\/97\/revisions\/8241"}],"wp:attachment":[{"href":"https:\/\/sp6wejherowo.pl\/index.php?rest_route=%2Fwp%2Fv2%2Fmedia&parent=97"}],"curies":[{"name":"wp","href":"https:\/\/api.w.org\/{rel}","templated":true}]}}