{"id":95,"date":"2018-09-21T10:07:13","date_gmt":"2018-09-21T10:07:13","guid":{"rendered":"http:\/\/nowa.sp6wejherowo.pl\/Blog\/?page_id=95"},"modified":"2025-09-16T17:35:55","modified_gmt":"2025-09-16T17:35:55","slug":"dyrekcja","status":"publish","type":"page","link":"https:\/\/sp6wejherowo.pl\/?page_id=95","title":{"rendered":"Dyrekcja"},"content":{"rendered":"<table class=\"aligncenter\" style=\"width: 72.1899%; border-collapse: collapse;\" border=\"0\">\n<tbody>\n<tr>\n<td style=\"width: 38.7518%;\"><a href=\"http:\/\/nowa.sp6wejherowo.pl\/Blog\/wp-content\/uploads\/2018\/09\/dyrektor.jpg\"><img loading=\"lazy\" decoding=\"async\" class=\"alignnone size-medium wp-image-168\" src=\"http:\/\/nowa.sp6wejherowo.pl\/Blog\/wp-content\/uploads\/2018\/09\/dyrektor-201x300.jpg\" alt=\"\" width=\"201\" height=\"300\" srcset=\"https:\/\/sp6wejherowo.pl\/wp-content\/uploads\/2018\/09\/dyrektor-201x300.jpg 201w, https:\/\/sp6wejherowo.pl\/wp-content\/uploads\/2018\/09\/dyrektor-768x1149.jpg 768w, https:\/\/sp6wejherowo.pl\/wp-content\/uploads\/2018\/09\/dyrektor-685x1024.jpg 685w, https:\/\/sp6wejherowo.pl\/wp-content\/uploads\/2018\/09\/dyrektor.jpg 968w\" sizes=\"auto, (max-width: 201px) 100vw, 201px\" \/><\/a><\/td>\n<td style=\"width: 73.4387%;\"><strong><span style=\"font-size: 12pt;\">Dyrektor Szko\u0142y Podstawowej Nr 6<\/span><\/strong><\/p>\n<p><em><strong><span style=\"font-size: 12pt;\">mgr in\u017c. Piotr Litwin<\/span><\/strong><\/em><\/p>\n<p><span style=\"font-size: 10pt;\">Przyjmowanie interesant\u00f3w:<\/span><\/p>\n<p><strong><span style=\"font-size: 10pt;\">PONIEDZIA\u0141EK 9.00 &#8211; 10.00<\/span><\/strong><\/p>\n<p><strong><span style=\"font-size: 10pt;\">CZWARTEK 15.00 &#8211; 16.00<\/span><\/strong><\/p>\n<p><span style=\"font-size: 10pt;\">po uprzednim um\u00f3wieniu si\u0119 telefonicznie<\/span><\/td>\n<\/tr>\n<tr>\n<td style=\"width: 38.7518%;\"><a href=\"http:\/\/nowa.sp6wejherowo.pl\/Blog\/wp-content\/uploads\/2018\/10\/marzena.jpg\"><img loading=\"lazy\" decoding=\"async\" class=\"alignnone size-medium wp-image-198\" src=\"http:\/\/nowa.sp6wejherowo.pl\/Blog\/wp-content\/uploads\/2018\/10\/marzena-201x300.jpg\" alt=\"\" width=\"201\" height=\"300\" srcset=\"https:\/\/sp6wejherowo.pl\/wp-content\/uploads\/2018\/10\/marzena-201x300.jpg 201w, https:\/\/sp6wejherowo.pl\/wp-content\/uploads\/2018\/10\/marzena-768x1149.jpg 768w, https:\/\/sp6wejherowo.pl\/wp-content\/uploads\/2018\/10\/marzena-685x1024.jpg 685w, https:\/\/sp6wejherowo.pl\/wp-content\/uploads\/2018\/10\/marzena.jpg 968w\" sizes=\"auto, (max-width: 201px) 100vw, 201px\" \/><\/a><\/td>\n<td style=\"width: 73.4387%;\"><strong><span style=\"font-size: 12pt;\">V-ce Dyrektor Szko\u0142y Podstawowej Nr 6<\/span><\/strong><\/p>\n<p><em><strong><span style=\"font-size: 12pt;\">mgr Marzena Lesner<\/span><\/strong><\/em><\/p>\n<p><span style=\"font-size: 10pt;\">PONIEDZIA\u0141EK <strong>7.00 &#8211; 15.00<\/strong><\/span><\/p>\n<p><span style=\"font-size: 10pt;\">WTOREK <strong>10.00 &#8211; 16.30<\/strong><\/span><\/p>\n<p><span style=\"font-size: 10pt;\">\u015aRODA <strong>09.00 &#8211; 14.30<\/strong><\/span><\/p>\n<p><span style=\"font-size: 10pt;\">CZWARTEK <strong>7.00 &#8211; 14.00,<br \/>\n<\/strong><\/span><\/p>\n<p><span style=\"font-size: 10pt;\">PI\u0104TEK <strong>10.00 &#8211; 14.00<\/strong><\/span><\/p>\n<p><span style=\"font-size: 10pt;\">Przyjmowanie interesant\u00f3w:<\/span><\/p>\n<p><strong><span style=\"font-size: 10pt;\">Wtorek 15.30 &#8211; 16.30 (przyjmowanie interesant\u00f3w po uprzednim um\u00f3wieniu si\u0119 telefonicznie)<\/span><\/strong><\/p>\n<p><span style=\"font-size: 10pt;\">&nbsp;<\/span><\/td>\n<\/tr>\n<tr>\n<td style=\"width: 38.7518%;\"><a href=\"http:\/\/nowa.sp6wejherowo.pl\/Blog\/wp-content\/uploads\/2018\/10\/justyna.jpg\"><img loading=\"lazy\" decoding=\"async\" class=\"alignnone size-medium wp-image-197\" src=\"http:\/\/nowa.sp6wejherowo.pl\/Blog\/wp-content\/uploads\/2018\/10\/justyna-201x300.jpg\" alt=\"\" width=\"201\" height=\"300\" srcset=\"https:\/\/sp6wejherowo.pl\/wp-content\/uploads\/2018\/10\/justyna-201x300.jpg 201w, https:\/\/sp6wejherowo.pl\/wp-content\/uploads\/2018\/10\/justyna-768x1149.jpg 768w, https:\/\/sp6wejherowo.pl\/wp-content\/uploads\/2018\/10\/justyna-685x1024.jpg 685w, https:\/\/sp6wejherowo.pl\/wp-content\/uploads\/2018\/10\/justyna.jpg 968w\" sizes=\"auto, (max-width: 201px) 100vw, 201px\" \/><\/a><\/td>\n<td style=\"width: 73.4387%;\"><strong><span style=\"font-size: 12pt;\">V-ce Dyrektor Szko\u0142y Podstawowej Nr 6<\/span><\/strong><\/p>\n<p><em><strong><span style=\"font-size: 12pt;\">mgr Justyna Boszke<\/span><\/strong><\/em><\/p>\n<p><span style=\"font-size: 10pt;\">PONIEDZIA\u0141EK <strong>10.00 &#8211; 16.30<\/strong><\/span><\/p>\n<p><span style=\"font-size: 10pt;\">WTOREK <strong>7.00 &#8211; 14.00<br \/>\n<\/strong><\/span><\/p>\n<p><span style=\"font-size: 10pt;\">\u015aRODA <strong>8.00 &#8211; 13.30&nbsp;<br \/>\n<\/strong><\/span><\/p>\n<p><span style=\"font-size: 10pt;\">CZWARTEK <strong>9.00 &#8211; 15.00<\/strong><\/span><\/p>\n<p><span style=\"font-size: 10pt;\">PI\u0104TEK <strong>7.30 &#8211; 13.30<\/strong><\/span><\/p>\n<p><span style=\"font-size: 10pt;\">Przyjmowanie interesant\u00f3w:<\/span><\/p>\n<p><strong><span style=\"font-size: 10pt;\">Poniedzia\u0142ek 15.30 &#8211; 16.30 (przyjmowanie interesant\u00f3w po uprzednim um\u00f3wieniu si\u0119 telefonicznie)<\/span><\/strong><\/td>\n<\/tr>\n<tr>\n<td style=\"width: 38.7518%;\">&nbsp;<\/td>\n<td style=\"width: 73.4387%;\">&nbsp;<\/td>\n<\/tr>\n<\/tbody>\n<\/table>\n","protected":false},"excerpt":{"rendered":"<p>Dyrektor Szko\u0142y Podstawowej Nr 6 mgr in\u017c. Piotr Litwin Przyjmowanie interesant\u00f3w: PONIEDZIA\u0141EK 9.00 &#8211; 10.00 CZWARTEK 15.00 &#8211; 16.00 po uprzednim um\u00f3wieniu si\u0119 telefonicznie V-ce Dyrektor Szko\u0142y Podstawowej Nr 6 mgr Marzena Lesner PONIEDZIA\u0141EK 7.00 &#8211; 15.00 WTOREK 10.00 &#8211; 16.30 \u015aRODA 09.00 &#8211; 14.30 CZWARTEK 7.00 &#8211; 14.00, PI\u0104TEK 10.00 &#8211; 14.00 Przyjmowanie interesant\u00f3w:&hellip;<\/p>\n","protected":false},"author":1,"featured_media":0,"parent":0,"menu_order":0,"comment_status":"closed","ping_status":"closed","template":"","meta":{"ngg_post_thumbnail":0,"footnotes":"","_links_to":"","_links_to_target":""},"class_list":["post-95","page","type-page","status-publish","hentry"],"_links":{"self":[{"href":"https:\/\/sp6wejherowo.pl\/index.php?rest_route=\/wp\/v2\/pages\/95","targetHints":{"allow":["GET"]}}],"collection":[{"href":"https:\/\/sp6wejherowo.pl\/index.php?rest_route=\/wp\/v2\/pages"}],"about":[{"href":"https:\/\/sp6wejherowo.pl\/index.php?rest_route=\/wp\/v2\/types\/page"}],"author":[{"embeddable":true,"href":"https:\/\/sp6wejherowo.pl\/index.php?rest_route=\/wp\/v2\/users\/1"}],"replies":[{"embeddable":true,"href":"https:\/\/sp6wejherowo.pl\/index.php?rest_route=%2Fwp%2Fv2%2Fcomments&post=95"}],"version-history":[{"count":26,"href":"https:\/\/sp6wejherowo.pl\/index.php?rest_route=\/wp\/v2\/pages\/95\/revisions"}],"predecessor-version":[{"id":8185,"href":"https:\/\/sp6wejherowo.pl\/index.php?rest_route=\/wp\/v2\/pages\/95\/revisions\/8185"}],"wp:attachment":[{"href":"https:\/\/sp6wejherowo.pl\/index.php?rest_route=%2Fwp%2Fv2%2Fmedia&parent=95"}],"curies":[{"name":"wp","href":"https:\/\/api.w.org\/{rel}","templated":true}]}}