{"id":91,"date":"2018-09-21T09:30:23","date_gmt":"2018-09-21T09:30:23","guid":{"rendered":"http:\/\/nowa.sp6wejherowo.pl\/Blog\/?page_id=91"},"modified":"2022-03-21T10:58:31","modified_gmt":"2022-03-21T10:58:31","slug":"swietlica-szkolna","status":"publish","type":"page","link":"https:\/\/sp6wejherowo.pl\/?page_id=91","title":{"rendered":"\u015awietlica szkolna"},"content":{"rendered":"<p style=\"text-align: center;\"><a href=\"https:\/\/sp6wejherowo.pl\/wp-content\/uploads\/2019\/11\/regulamin_\u015bwietlicy_2019.pdf\"><span style=\"font-size: 12pt;\">Regulamin \u015bwietlicy szkolnej<\/span><\/a><\/p>\n<p style=\"text-align: center;\"><a href=\"https:\/\/sp6wejherowo.pl\/wp-content\/uploads\/2022\/03\/karta_zgloszenia_swietlica_2022.pdf\"><span style=\"font-size: 12pt;\">Karta zg\u0142oszenia do \u015bwietlicy szkolnej<\/span><\/a><\/p>\n<p style=\"text-align: center;\"><a href=\"https:\/\/sp6wejherowo.pl\/wp-content\/uploads\/2019\/03\/podanie_do_\u015bwietlicy.pdf\"><span style=\"font-size: 12pt;\">Podanie do \u015bwietlicy szkolnej<\/span><\/a><\/p>\n<p>&nbsp;<\/p>\n<p style=\"text-align: center;\"><span style=\"font-size: 12pt;\"><strong>Informacja dla rodzic\u00f3w<\/strong><\/span><\/p>\n<p style=\"text-align: center;\"><span style=\"font-size: 12pt;\"><strong>chc\u0105cych zapisa\u0107 dziecko do \u015bwietlicy szkolnej<\/strong><\/span><\/p>\n<p>&nbsp;<\/p>\n<p><span style=\"font-size: 12pt;\">\u00a0 Rodzice\/opiekunowie prawni sk\u0142adaj\u0105 do szko\u0142y nast\u0119puj\u0105ce dokumenty:<\/span><\/p>\n<ul>\n<li><span style=\"font-size: 12pt;\">podanie z pro\u015bb\u0105 o przyj\u0119cie dziecka do \u015bwietlicy szkolnej wraz z uzasadnieniem oraz za\u015bwiadczenia z zak\u0142adu pracy o zatrudnieniu obojga rodzic\u00f3w\/opiekun\u00f3w prawnych potwierdzone piecz\u0105tk\u0105 z zak\u0142adu pracy,<\/span><\/li>\n<li><span style=\"font-size: 12pt;\">po z\u0142o\u017ceniu wy\u017cej wymienionych dokument\u00f3w rodzice\/opiekunowie prawni otrzymuj\u0105 Kart\u0119 zg\u0142oszenia dziecka do \u015bwietlicy szkolnej (karty zg\u0142oszenia dost\u0119pne s\u0105 w sekretariacie szko\u0142y, \u015bwietlicy szkolnej lub mo\u017cna pobra\u0107 ze strony internetowej szko\u0142y),<\/span><\/li>\n<li><span style=\"font-size: 12pt;\">w przypadku z\u0142o\u017cenia przez rodzic\u00f3w\/opiekun\u00f3w prawnych niepe\u0142nej dokumentacji, podanie nie b\u0119dzie rozpatrywane,<\/span><\/li>\n<li><span style=\"font-size: 12pt;\">lista przyj\u0119tych dzieci do \u015bwietlicy szkolnej zostanie wywieszona na tablicy og\u0142osze\u0144 (przy wyj\u015bciu ze szko\u0142y) po 18 czerwca br.<\/span><\/li>\n<\/ul>\n","protected":false},"excerpt":{"rendered":"<p>Regulamin \u015bwietlicy szkolnej Karta zg\u0142oszenia do \u015bwietlicy szkolnej Podanie do \u015bwietlicy szkolnej &nbsp; Informacja dla rodzic\u00f3w chc\u0105cych zapisa\u0107 dziecko do \u015bwietlicy szkolnej &nbsp; \u00a0 Rodzice\/opiekunowie prawni sk\u0142adaj\u0105 do szko\u0142y nast\u0119puj\u0105ce dokumenty: podanie z pro\u015bb\u0105 o przyj\u0119cie dziecka do \u015bwietlicy szkolnej wraz z uzasadnieniem oraz za\u015bwiadczenia z zak\u0142adu pracy o zatrudnieniu obojga rodzic\u00f3w\/opiekun\u00f3w prawnych potwierdzone piecz\u0105tk\u0105&hellip;<\/p>\n","protected":false},"author":1,"featured_media":0,"parent":0,"menu_order":0,"comment_status":"closed","ping_status":"closed","template":"","meta":{"ngg_post_thumbnail":0,"footnotes":"","_links_to":"","_links_to_target":""},"class_list":["post-91","page","type-page","status-publish","hentry"],"_links":{"self":[{"href":"https:\/\/sp6wejherowo.pl\/index.php?rest_route=\/wp\/v2\/pages\/91","targetHints":{"allow":["GET"]}}],"collection":[{"href":"https:\/\/sp6wejherowo.pl\/index.php?rest_route=\/wp\/v2\/pages"}],"about":[{"href":"https:\/\/sp6wejherowo.pl\/index.php?rest_route=\/wp\/v2\/types\/page"}],"author":[{"embeddable":true,"href":"https:\/\/sp6wejherowo.pl\/index.php?rest_route=\/wp\/v2\/users\/1"}],"replies":[{"embeddable":true,"href":"https:\/\/sp6wejherowo.pl\/index.php?rest_route=%2Fwp%2Fv2%2Fcomments&post=91"}],"version-history":[{"count":10,"href":"https:\/\/sp6wejherowo.pl\/index.php?rest_route=\/wp\/v2\/pages\/91\/revisions"}],"predecessor-version":[{"id":6843,"href":"https:\/\/sp6wejherowo.pl\/index.php?rest_route=\/wp\/v2\/pages\/91\/revisions\/6843"}],"wp:attachment":[{"href":"https:\/\/sp6wejherowo.pl\/index.php?rest_route=%2Fwp%2Fv2%2Fmedia&parent=91"}],"curies":[{"name":"wp","href":"https:\/\/api.w.org\/{rel}","templated":true}]}}