{"id":89,"date":"2018-09-21T09:30:06","date_gmt":"2018-09-21T09:30:06","guid":{"rendered":"http:\/\/nowa.sp6wejherowo.pl\/Blog\/?page_id=89"},"modified":"2024-10-01T10:00:08","modified_gmt":"2024-10-01T10:00:08","slug":"biblioteka","status":"publish","type":"page","link":"https:\/\/sp6wejherowo.pl\/?page_id=89","title":{"rendered":"Biblioteka"},"content":{"rendered":"<p style=\"text-align: center;\"><span style=\"font-size: 12pt;\">Nauczyciele bibliotekarze: <em><strong>Katarzyna Bingoraj &#8211; Heldt<\/strong><\/em> i <em><strong>Izabela Pawlik &#8211; Jadach<\/strong><\/em><\/span><\/p>\n<p style=\"text-align: center;\"><span style=\"text-decoration: underline;\"><strong><span style=\"font-size: 12pt;\">Godziny pracy biblioteki:<\/span><\/strong><\/span><br \/>\n<span style=\"font-size: 12pt;\">Poniedzia\u0142ek: 9:00 \u2013 15:00<\/span><br \/>\n<span style=\"font-size: 12pt;\">Wtorek: 7:30 \u2013 15:00<\/span><br \/>\n<span style=\"font-size: 12pt;\">\u015aroda: 7:30 \u2013 13:30<\/span><br \/>\n<span style=\"font-size: 12pt;\">Czwartek:7:30 \u2013 15:00<\/span><br \/>\n<span style=\"font-size: 12pt;\">Pi\u0105tek: 7:30 \u2013 14:00<\/span><\/p>\n<p style=\"text-align: center;\">&nbsp;<\/p>\n<p style=\"text-align: justify;\"><span style=\"font-size: 12pt;\">Pod adresem:<a href=\"https:\/\/m004652.molnet.mol.pl\/\"> https:\/\/m004652.molnet.mol.pl<\/a> dost\u0119pny jest katalog biblioteczny on-line.<\/span><\/p>\n<p style=\"text-align: justify;\"><span style=\"font-size: 12pt;\">Pod adresem <a href=\"http:\/\/bibliotekazs1wejherowo.blogspot.com\/\">http:\/\/bibliotekazs1wejherowo.blogspot.com\/<\/a> dost\u0119pny jest nasz blog.<\/span><\/p>\n<p><a href=\"https:\/\/sp6wejherowo.pl\/wp-content\/uploads\/2018\/10\/zdj\u0119cie_1.jpg\"><img loading=\"lazy\" decoding=\"async\" class=\"alignnone wp-image-579 size-thumbnail\" src=\"https:\/\/sp6wejherowo.pl\/wp-content\/uploads\/2018\/10\/zdj\u0119cie_1-150x150.jpg\" alt=\"\" width=\"150\" height=\"150\"><\/a>&nbsp;<a href=\"https:\/\/sp6wejherowo.pl\/wp-content\/uploads\/2018\/10\/zdj\u0119cie_2.jpg\"><img loading=\"lazy\" decoding=\"async\" class=\"alignnone wp-image-580 size-thumbnail\" src=\"https:\/\/sp6wejherowo.pl\/wp-content\/uploads\/2018\/10\/zdj\u0119cie_2-150x150.jpg\" alt=\"\" width=\"150\" height=\"150\"><\/a>&nbsp;<a href=\"https:\/\/sp6wejherowo.pl\/wp-content\/uploads\/2018\/10\/zdj\u0119cie_3.jpg\"><img loading=\"lazy\" decoding=\"async\" class=\"alignnone wp-image-581 size-thumbnail\" src=\"https:\/\/sp6wejherowo.pl\/wp-content\/uploads\/2018\/10\/zdj\u0119cie_3-150x150.jpg\" alt=\"\" width=\"150\" height=\"150\"><\/a><\/p>\n<p><span style=\"font-size: 12pt;\">Biblioteka szkolna to centrum informacyjno \u2013 kulturalne szko\u0142y.<\/span><\/p>\n<p><span style=\"font-size: 12pt;\">Czytelnia jest wyposa\u017cona w Internetowe Centrum Multimedialne oraz sprz\u0119t audiowizualny.<\/span><span style=\"font-size: 12pt;\">Biblioteka posiada zbi\u00f3r oko\u0142o 20000 wolumin\u00f3w, prenumeruje pi\u0119\u0107 tytu\u0142\u00f3w czasopism. Oferuje lektury szkolne w wielu egzemplarzach, literatur\u0119 beletrystyczn\u0105, popularnonaukow\u0105, literatur\u0119 pedagogiczn\u0105 dla nauczycieli i rodzic\u00f3w, a tak\u017ce audiobooki i filmy oraz podr\u0119czniki szkolne.<\/span><\/p>\n<p><span style=\"font-size: 12pt;\">Tradycj\u0105 biblioteki jest organizowanie r\u00f3\u017cnych imprez kulturalnych. Co roku organizujemy akcj\u0119 \u201eCa\u0142a Polska czyta dzieciom\u201d, szkolne konkursy tw\u00f3rczo\u015bci literackiej, konkursy czytelnicze, spotkania z pisarzami. Z us\u0142ug biblioteki mog\u0105 korzysta\u0107 uczniowie i ich rodzice, nauczyciele, pracownicy administracji i obs\u0142ugi.<\/span><\/p>\n<p>&nbsp;<\/p>\n","protected":false},"excerpt":{"rendered":"<p>Nauczyciele bibliotekarze: Katarzyna Bingoraj &#8211; Heldt i Izabela Pawlik &#8211; Jadach Godziny pracy biblioteki: Poniedzia\u0142ek: 9:00 \u2013 15:00 Wtorek: 7:30 \u2013 15:00 \u015aroda: 7:30 \u2013 13:30 Czwartek:7:30 \u2013 15:00 Pi\u0105tek: 7:30 \u2013 14:00 &nbsp; Pod adresem: https:\/\/m004652.molnet.mol.pl dost\u0119pny jest katalog biblioteczny on-line. Pod adresem http:\/\/bibliotekazs1wejherowo.blogspot.com\/ dost\u0119pny jest nasz blog. &nbsp;&nbsp; Biblioteka szkolna to centrum informacyjno&hellip;<\/p>\n","protected":false},"author":1,"featured_media":0,"parent":0,"menu_order":0,"comment_status":"closed","ping_status":"closed","template":"","meta":{"ngg_post_thumbnail":0,"footnotes":"","_links_to":"","_links_to_target":""},"class_list":["post-89","page","type-page","status-publish","hentry"],"_links":{"self":[{"href":"https:\/\/sp6wejherowo.pl\/index.php?rest_route=\/wp\/v2\/pages\/89","targetHints":{"allow":["GET"]}}],"collection":[{"href":"https:\/\/sp6wejherowo.pl\/index.php?rest_route=\/wp\/v2\/pages"}],"about":[{"href":"https:\/\/sp6wejherowo.pl\/index.php?rest_route=\/wp\/v2\/types\/page"}],"author":[{"embeddable":true,"href":"https:\/\/sp6wejherowo.pl\/index.php?rest_route=\/wp\/v2\/users\/1"}],"replies":[{"embeddable":true,"href":"https:\/\/sp6wejherowo.pl\/index.php?rest_route=%2Fwp%2Fv2%2Fcomments&post=89"}],"version-history":[{"count":21,"href":"https:\/\/sp6wejherowo.pl\/index.php?rest_route=\/wp\/v2\/pages\/89\/revisions"}],"predecessor-version":[{"id":7847,"href":"https:\/\/sp6wejherowo.pl\/index.php?rest_route=\/wp\/v2\/pages\/89\/revisions\/7847"}],"wp:attachment":[{"href":"https:\/\/sp6wejherowo.pl\/index.php?rest_route=%2Fwp%2Fv2%2Fmedia&parent=89"}],"curies":[{"name":"wp","href":"https:\/\/api.w.org\/{rel}","templated":true}]}}