{"id":82,"date":"2018-09-21T09:28:27","date_gmt":"2018-09-21T09:28:27","guid":{"rendered":"http:\/\/nowa.sp6wejherowo.pl\/Blog\/?page_id=82"},"modified":"2024-10-01T11:51:06","modified_gmt":"2024-10-01T11:51:06","slug":"fundusz-rady-rodzicow","status":"publish","type":"page","link":"https:\/\/sp6wejherowo.pl\/?page_id=82","title":{"rendered":"Fundusz rady rodzic\u00f3w"},"content":{"rendered":"<p style=\"text-align: center;\"><span style=\"font-size: 12pt;\">Drodzy rodzice.<\/span><\/p>\n<p style=\"text-align: center;\"><span style=\"font-size: 12pt;\">Prosimy o uzupe\u0142nienie corocznych sk\u0142adek na Fundusz Rady Rodzic\u00f3w.<\/span><\/p>\n<p style=\"text-align: center;\"><span style=\"font-size: 12pt;\">Roczna sk\u0142adka za ka\u017cdego ucznia wynosi 5<strong>0 z\u0142<\/strong>.<\/span><\/p>\n<p style=\"text-align: center;\"><span style=\"font-size: 12pt;\">( + <strong>10 z<\/strong>\u0142 na kolejne dziecko rocznie)<\/span><\/p>\n<p>&nbsp;<\/p>\n<p style=\"text-align: center;\"><span style=\"font-size: 12pt;\">Wp\u0142at nale\u017cy dokonywa\u0107 na konto: <strong>29 8351 0003 0026 9175 2000 0010<\/strong>.<\/span><\/p>\n<p>&nbsp;<\/p>\n<p style=\"text-align: center;\"><span style=\"font-size: 12pt;\">W tytule wp\u0142at nale\u017cy poda\u0107 <strong>imi\u0119<\/strong> i <strong>nazwisko<\/strong> ucznia oraz <strong>klas\u0119<\/strong>.<\/span><\/p>\n<p style=\"text-align: center;\"><em><span style=\"font-size: 12pt;\">Dzi\u0119kujemy!<\/span><\/em><\/p>\n","protected":false},"excerpt":{"rendered":"<p>Drodzy rodzice. Prosimy o uzupe\u0142nienie corocznych sk\u0142adek na Fundusz Rady Rodzic\u00f3w. Roczna sk\u0142adka za ka\u017cdego ucznia wynosi 50 z\u0142. ( + 10 z\u0142 na kolejne dziecko rocznie) &nbsp; Wp\u0142at nale\u017cy dokonywa\u0107 na konto: 29 8351 0003 0026 9175 2000 0010. &nbsp; W tytule wp\u0142at nale\u017cy poda\u0107 imi\u0119 i nazwisko ucznia oraz klas\u0119. Dzi\u0119kujemy!<\/p>\n","protected":false},"author":1,"featured_media":0,"parent":0,"menu_order":0,"comment_status":"closed","ping_status":"closed","template":"","meta":{"ngg_post_thumbnail":0,"footnotes":"","_links_to":"","_links_to_target":""},"class_list":["post-82","page","type-page","status-publish","hentry"],"_links":{"self":[{"href":"https:\/\/sp6wejherowo.pl\/index.php?rest_route=\/wp\/v2\/pages\/82","targetHints":{"allow":["GET"]}}],"collection":[{"href":"https:\/\/sp6wejherowo.pl\/index.php?rest_route=\/wp\/v2\/pages"}],"about":[{"href":"https:\/\/sp6wejherowo.pl\/index.php?rest_route=\/wp\/v2\/types\/page"}],"author":[{"embeddable":true,"href":"https:\/\/sp6wejherowo.pl\/index.php?rest_route=\/wp\/v2\/users\/1"}],"replies":[{"embeddable":true,"href":"https:\/\/sp6wejherowo.pl\/index.php?rest_route=%2Fwp%2Fv2%2Fcomments&post=82"}],"version-history":[{"count":7,"href":"https:\/\/sp6wejherowo.pl\/index.php?rest_route=\/wp\/v2\/pages\/82\/revisions"}],"predecessor-version":[{"id":7850,"href":"https:\/\/sp6wejherowo.pl\/index.php?rest_route=\/wp\/v2\/pages\/82\/revisions\/7850"}],"wp:attachment":[{"href":"https:\/\/sp6wejherowo.pl\/index.php?rest_route=%2Fwp%2Fv2%2Fmedia&parent=82"}],"curies":[{"name":"wp","href":"https:\/\/api.w.org\/{rel}","templated":true}]}}