{"id":7498,"date":"2023-06-30T20:13:55","date_gmt":"2023-06-30T20:13:55","guid":{"rendered":"https:\/\/sp6wejherowo.pl\/?page_id=7498"},"modified":"2024-10-21T09:15:00","modified_gmt":"2024-10-21T09:15:00","slug":"erasmus","status":"publish","type":"page","link":"https:\/\/sp6wejherowo.pl\/?page_id=7498","title":{"rendered":"ERASMUS +"},"content":{"rendered":"<p><span style=\"font-size: 12pt;\">30 wrze\u015bnia br. Szko\u0142a Podstawowa nr 6 w Wejherowie z\u0142o\u017cy\u0142a wniosek o akredytacj\u0119 programu unijnego Erasmus+ na lata 2024 \u2013 2027 w sektorze Edukacja Szkolna, Akcja 1 Mobilno\u015b\u0107 Edukacyjna.&nbsp;<\/span><\/p>\n<p><span style=\"font-size: 12pt;\">Ch\u0119\u0107 udzia\u0142u w projekcie jest odpowiedzi\u0105 na realne potrzeby naszej szko\u0142y. Naszym celem jest nie tylko podniesienie jako\u015bci nauczania, ale r\u00f3wnie\u017c przygotowanie uczni\u00f3w do aktywnego uczestnictwa w globalnym spo\u0142ecze\u0144stwie, kt\u00f3re zwraca uwag\u0119 na zr\u00f3wnowa\u017cony rozw\u00f3j i ochron\u0119 \u015brodowiska. Projekt Erasmus+ pozwoli na rozw\u00f3j osobisty i zawodowy nauczycieli, ale przede wszystkim na wprowadzenie innowacyjnych praktyk edukacyjnych, kt\u00f3re promuj\u0105 \u015bwiadome podej\u015bcie do wyzwa\u0144 wsp\u00f3\u0142czesnego \u015bwiata.<\/span><\/p>\n<p><span style=\"font-size: 12pt;\">Przygotowania do z\u0142o\u017cenia wniosku rozpocz\u0119\u0142y si\u0119 ju\u017c w poprzednim roku szkolnym 2023\/2024. Zespo\u0142y nauczycieli opracowa\u0142y cele i szczeg\u00f3\u0142owe harmonogramy dzia\u0142a\u0144 do realizacji swoich pomys\u0142\u00f3w; powsta\u0142y w ten spos\u00f3b dokument nazwany \u201eStrategi\u0105 podniesienia jako\u015bci pracy szko\u0142y w wymiarze europejskim\u201d zosta\u0142 zatwierdzony przez rad\u0119 pedagogiczn\u0105 w czerwcu 2024 r.<\/span><\/p>\n<p><span style=\"font-size: 12pt;\">W dniach 15-17 wrze\u015bnia trzy nauczycielki z naszej szko\u0142y, Pani Aleksandra Lis, Pani Katarzyna Rygelska i Pani Izabela Nikielska-Towgin, wzi\u0119\u0142y udzia\u0142 w konferencji \u201eStandardy jako\u015bci Erasmusa w praktyce szkolnej\u201d zorganizowanej w Zakopanem przez Narodow\u0105 Agencj\u0119 Programu Erasmus+ i Europejski Korpus Solidarno\u015bci. Wyk\u0142ady i prezentacje umo\u017cliwi\u0142y usystematyzowanie wiedzy niezb\u0119dnej w sk\u0142adaniu wniosku o akredytacj\u0119, pozwoli\u0142y na nawi\u0105zanie kontakt\u00f3w i mo\u017cliwo\u015b\u0107 wymiany do\u015bwiadcze\u0144 z nauczycielami z innych szk\u00f3\u0142 podejmuj\u0105cych dzia\u0142ania w ramach akredytacji Erasmus+.<\/span><\/p>\n<p><span style=\"font-size: 12pt;\">Wyj\u0105tkowe zaanga\u017cowanie naszych nauczycielek w aktywno\u015bci grywalizacji podczas konferencji zosta\u0142o nagrodzone 4 grami planszowymi wydanymi przez Fundacj\u0119 Wspierania Edukacji i Rozwoju \u201eInnowatorium\u201d, kt\u00f3re nasza szko\u0142a b\u0119dzie mog\u0142a wykorzysta\u0107 w pracy z uczniami.<\/span><\/p>\n<p><code id=\"envira_shortcode_7863\"><div id=\"envira-gallery-wrap-7863\" class=\"envira-gallery-wrap envira-gallery-theme-base envira-lightbox-theme-base\" itemscope itemtype=\"https:\/\/schema.org\/ImageGallery\"><div data-row-height=\"150\" data-gallery-theme=\"normal\" id=\"envira-gallery-7863\" class=\"envira-gallery-public envira-gallery-justified-public envira-gallery-0-columns envira-clear enviratope envira-gallery-css-animations\" data-envira-columns=\"0\"><div id=\"envira-gallery-item-7864\" class=\"envira-gallery-item enviratope-item envira-gallery-item-1 envira-lazy-load\" style=\"padding-left: 5px; padding-bottom: 10px; padding-right: 5px;\"  itemscope itemtype=\"https:\/\/schema.org\/ImageObject\"><div class=\"envira-gallery-item-inner\"><div class=\"envira-gallery-position-overlay  envira-gallery-top-left\"><\/div><div class=\"envira-gallery-position-overlay  envira-gallery-top-right\"><\/div><div class=\"envira-gallery-position-overlay  envira-gallery-bottom-left\"><\/div><div class=\"envira-gallery-position-overlay  envira-gallery-bottom-right\"><\/div><a href=\"https:\/\/sp6wejherowo.pl\/wp-content\/uploads\/2024\/10\/IMG_20241017_133223-scaled.jpg\" class=\"envira-gallery-7863 envira-gallery-link\" rel=\"enviragallery7863\" title=\"Oplus_34\" data-envira-caption=\"Oplus_34\" data-envira-retina=\"\" data-thumbnail=\"\"  itemprop=\"contentUrl\"><img decoding=\"async\" id=\"envira-gallery-image-7864\" class=\"envira-gallery-image envira-gallery-image-1 envira-normal envira-lazy\" data-envira-index=\"1\" src=\"https:\/\/sp6wejherowo.pl\/wp-content\/uploads\/2024\/10\/IMG_20241017_133223-629x1024-640x480.jpg\" data-envira-src=\"https:\/\/sp6wejherowo.pl\/wp-content\/uploads\/2024\/10\/IMG_20241017_133223-629x1024-640x480.jpg\" data-envira-gallery-id=\"7863\" data-envira-item-id=\"7864\" data-envira-caption=\"Oplus_34\" alt=\"\" title=\"Oplus_34\"  itemprop=\"thumbnailUrl\" data-envira-srcset=\"https:\/\/sp6wejherowo.pl\/wp-content\/uploads\/2024\/10\/IMG_20241017_133223-629x1024-640x480.jpg 400w,https:\/\/sp6wejherowo.pl\/wp-content\/uploads\/2024\/10\/IMG_20241017_133223-629x1024-640x480.jpg 2x\" data-envira-width=\"184\" data-envira-height=\"300\" srcset=\"data:image\/gif;base64,R0lGODlhAQABAIAAAP\/\/\/\/\/\/\/yH5BAEKAAEALAAAAAABAAEAAAICTAEAOw==\" data-safe-src=\"data:image\/gif;base64,R0lGODlhAQABAIAAAP\/\/\/\/\/\/\/yH5BAEKAAEALAAAAAABAAEAAAICTAEAOw==\" \/><\/a><\/div><\/div><div id=\"envira-gallery-item-7865\" class=\"envira-gallery-item enviratope-item envira-gallery-item-2 envira-lazy-load\" style=\"padding-left: 5px; padding-bottom: 10px; padding-right: 5px;\"  itemscope itemtype=\"https:\/\/schema.org\/ImageObject\"><div class=\"envira-gallery-item-inner\"><div class=\"envira-gallery-position-overlay  envira-gallery-top-left\"><\/div><div class=\"envira-gallery-position-overlay  envira-gallery-top-right\"><\/div><div class=\"envira-gallery-position-overlay  envira-gallery-bottom-left\"><\/div><div class=\"envira-gallery-position-overlay  envira-gallery-bottom-right\"><\/div><a href=\"https:\/\/sp6wejherowo.pl\/wp-content\/uploads\/2024\/10\/IMG_20241017_133705.jpg\" class=\"envira-gallery-7863 envira-gallery-link\" rel=\"enviragallery7863\" title=\"Oplus_0\" data-envira-caption=\"Oplus_0\" data-envira-retina=\"\" data-thumbnail=\"\"  itemprop=\"contentUrl\"><img decoding=\"async\" id=\"envira-gallery-image-7865\" class=\"envira-gallery-image envira-gallery-image-2 envira-normal envira-lazy\" data-envira-index=\"2\" src=\"https:\/\/sp6wejherowo.pl\/wp-content\/uploads\/2024\/10\/IMG_20241017_133705-640x480.jpg\" data-envira-src=\"https:\/\/sp6wejherowo.pl\/wp-content\/uploads\/2024\/10\/IMG_20241017_133705-640x480.jpg\" data-envira-gallery-id=\"7863\" data-envira-item-id=\"7865\" data-envira-caption=\"Oplus_0\" alt=\"\" title=\"Oplus_0\"  itemprop=\"thumbnailUrl\" data-envira-srcset=\"https:\/\/sp6wejherowo.pl\/wp-content\/uploads\/2024\/10\/IMG_20241017_133705-640x480.jpg 400w,https:\/\/sp6wejherowo.pl\/wp-content\/uploads\/2024\/10\/IMG_20241017_133705-640x480.jpg 2x\" data-envira-width=\"300\" data-envira-height=\"201\" srcset=\"data:image\/gif;base64,R0lGODlhAQABAIAAAP\/\/\/\/\/\/\/yH5BAEKAAEALAAAAAABAAEAAAICTAEAOw==\" data-safe-src=\"data:image\/gif;base64,R0lGODlhAQABAIAAAP\/\/\/\/\/\/\/yH5BAEKAAEALAAAAAABAAEAAAICTAEAOw==\" \/><\/a><\/div><\/div><div id=\"envira-gallery-item-7866\" class=\"envira-gallery-item enviratope-item envira-gallery-item-3 envira-lazy-load\" style=\"padding-left: 5px; padding-bottom: 10px; padding-right: 5px;\"  itemscope itemtype=\"https:\/\/schema.org\/ImageObject\"><div class=\"envira-gallery-item-inner\"><div class=\"envira-gallery-position-overlay  envira-gallery-top-left\"><\/div><div class=\"envira-gallery-position-overlay  envira-gallery-top-right\"><\/div><div class=\"envira-gallery-position-overlay  envira-gallery-bottom-left\"><\/div><div class=\"envira-gallery-position-overlay  envira-gallery-bottom-right\"><\/div><a href=\"https:\/\/sp6wejherowo.pl\/wp-content\/uploads\/2024\/10\/IMG_20241017_133731.jpg\" class=\"envira-gallery-7863 envira-gallery-link\" rel=\"enviragallery7863\" title=\"Oplus_0\" data-envira-caption=\"Oplus_0\" data-envira-retina=\"\" data-thumbnail=\"\"  itemprop=\"contentUrl\"><img decoding=\"async\" id=\"envira-gallery-image-7866\" class=\"envira-gallery-image envira-gallery-image-3 envira-normal envira-lazy\" data-envira-index=\"3\" src=\"https:\/\/sp6wejherowo.pl\/wp-content\/uploads\/2024\/10\/IMG_20241017_133731-640x480.jpg\" data-envira-src=\"https:\/\/sp6wejherowo.pl\/wp-content\/uploads\/2024\/10\/IMG_20241017_133731-640x480.jpg\" data-envira-gallery-id=\"7863\" data-envira-item-id=\"7866\" data-envira-caption=\"Oplus_0\" alt=\"\" title=\"Oplus_0\"  itemprop=\"thumbnailUrl\" data-envira-srcset=\"https:\/\/sp6wejherowo.pl\/wp-content\/uploads\/2024\/10\/IMG_20241017_133731-640x480.jpg 400w,https:\/\/sp6wejherowo.pl\/wp-content\/uploads\/2024\/10\/IMG_20241017_133731-640x480.jpg 2x\" data-envira-width=\"300\" data-envira-height=\"248\" srcset=\"data:image\/gif;base64,R0lGODlhAQABAIAAAP\/\/\/\/\/\/\/yH5BAEKAAEALAAAAAABAAEAAAICTAEAOw==\" data-safe-src=\"data:image\/gif;base64,R0lGODlhAQABAIAAAP\/\/\/\/\/\/\/yH5BAEKAAEALAAAAAABAAEAAAICTAEAOw==\" \/><\/a><\/div><\/div><div id=\"envira-gallery-item-7867\" class=\"envira-gallery-item enviratope-item envira-gallery-item-4 envira-lazy-load\" style=\"padding-left: 5px; padding-bottom: 10px; padding-right: 5px;\"  itemscope itemtype=\"https:\/\/schema.org\/ImageObject\"><div class=\"envira-gallery-item-inner\"><div class=\"envira-gallery-position-overlay  envira-gallery-top-left\"><\/div><div class=\"envira-gallery-position-overlay  envira-gallery-top-right\"><\/div><div class=\"envira-gallery-position-overlay  envira-gallery-bottom-left\"><\/div><div class=\"envira-gallery-position-overlay  envira-gallery-bottom-right\"><\/div><a href=\"https:\/\/sp6wejherowo.pl\/wp-content\/uploads\/2024\/10\/IMG_20241017_133802.jpg\" class=\"envira-gallery-7863 envira-gallery-link\" rel=\"enviragallery7863\" title=\"Oplus_0\" data-envira-caption=\"Oplus_0\" data-envira-retina=\"\" data-thumbnail=\"\"  itemprop=\"contentUrl\"><img decoding=\"async\" id=\"envira-gallery-image-7867\" class=\"envira-gallery-image envira-gallery-image-4 envira-normal envira-lazy\" data-envira-index=\"4\" src=\"https:\/\/sp6wejherowo.pl\/wp-content\/uploads\/2024\/10\/IMG_20241017_133802-967x1024-640x480.jpg\" data-envira-src=\"https:\/\/sp6wejherowo.pl\/wp-content\/uploads\/2024\/10\/IMG_20241017_133802-967x1024-640x480.jpg\" data-envira-gallery-id=\"7863\" data-envira-item-id=\"7867\" data-envira-caption=\"Oplus_0\" alt=\"\" title=\"Oplus_0\"  itemprop=\"thumbnailUrl\" data-envira-srcset=\"https:\/\/sp6wejherowo.pl\/wp-content\/uploads\/2024\/10\/IMG_20241017_133802-967x1024-640x480.jpg 400w,https:\/\/sp6wejherowo.pl\/wp-content\/uploads\/2024\/10\/IMG_20241017_133802-967x1024-640x480.jpg 2x\" data-envira-width=\"283\" data-envira-height=\"300\" srcset=\"data:image\/gif;base64,R0lGODlhAQABAIAAAP\/\/\/\/\/\/\/yH5BAEKAAEALAAAAAABAAEAAAICTAEAOw==\" data-safe-src=\"data:image\/gif;base64,R0lGODlhAQABAIAAAP\/\/\/\/\/\/\/yH5BAEKAAEALAAAAAABAAEAAAICTAEAOw==\" \/><\/a><\/div><\/div><div id=\"envira-gallery-item-7868\" class=\"envira-gallery-item enviratope-item envira-gallery-item-5 envira-lazy-load\" style=\"padding-left: 5px; padding-bottom: 10px; padding-right: 5px;\"  itemscope itemtype=\"https:\/\/schema.org\/ImageObject\"><div class=\"envira-gallery-item-inner\"><div class=\"envira-gallery-position-overlay  envira-gallery-top-left\"><\/div><div class=\"envira-gallery-position-overlay  envira-gallery-top-right\"><\/div><div class=\"envira-gallery-position-overlay  envira-gallery-bottom-left\"><\/div><div class=\"envira-gallery-position-overlay  envira-gallery-bottom-right\"><\/div><a href=\"https:\/\/sp6wejherowo.pl\/wp-content\/uploads\/2024\/10\/IMG20240919142614-scaled.jpg\" class=\"envira-gallery-7863 envira-gallery-link\" rel=\"enviragallery7863\" title=\"oplus_34\" data-envira-caption=\"oplus_34\" data-envira-retina=\"\" data-thumbnail=\"\"  itemprop=\"contentUrl\"><img decoding=\"async\" id=\"envira-gallery-image-7868\" class=\"envira-gallery-image envira-gallery-image-5 envira-normal envira-lazy\" data-envira-index=\"5\" src=\"https:\/\/sp6wejherowo.pl\/wp-content\/uploads\/2024\/10\/IMG20240919142614-768x1024-640x480.jpg\" data-envira-src=\"https:\/\/sp6wejherowo.pl\/wp-content\/uploads\/2024\/10\/IMG20240919142614-768x1024-640x480.jpg\" data-envira-gallery-id=\"7863\" data-envira-item-id=\"7868\" data-envira-caption=\"oplus_34\" alt=\"\" title=\"oplus_34\"  itemprop=\"thumbnailUrl\" data-envira-srcset=\"https:\/\/sp6wejherowo.pl\/wp-content\/uploads\/2024\/10\/IMG20240919142614-768x1024-640x480.jpg 400w,https:\/\/sp6wejherowo.pl\/wp-content\/uploads\/2024\/10\/IMG20240919142614-768x1024-640x480.jpg 2x\" data-envira-width=\"225\" data-envira-height=\"300\" srcset=\"data:image\/gif;base64,R0lGODlhAQABAIAAAP\/\/\/\/\/\/\/yH5BAEKAAEALAAAAAABAAEAAAICTAEAOw==\" data-safe-src=\"data:image\/gif;base64,R0lGODlhAQABAIAAAP\/\/\/\/\/\/\/yH5BAEKAAEALAAAAAABAAEAAAICTAEAOw==\" \/><\/a><\/div><\/div><\/div><\/div><noscript><img decoding=\"async\" src=\"https:\/\/sp6wejherowo.pl\/wp-content\/uploads\/2024\/10\/IMG_20241017_133223-scaled.jpg\" alt=\"\" \/><img decoding=\"async\" src=\"https:\/\/sp6wejherowo.pl\/wp-content\/uploads\/2024\/10\/IMG_20241017_133705.jpg\" alt=\"\" \/><img decoding=\"async\" src=\"https:\/\/sp6wejherowo.pl\/wp-content\/uploads\/2024\/10\/IMG_20241017_133731.jpg\" alt=\"\" \/><img decoding=\"async\" src=\"https:\/\/sp6wejherowo.pl\/wp-content\/uploads\/2024\/10\/IMG_20241017_133802.jpg\" alt=\"\" \/><img decoding=\"async\" src=\"https:\/\/sp6wejherowo.pl\/wp-content\/uploads\/2024\/10\/IMG20240919142614-scaled.jpg\" alt=\"\" \/><\/noscript><\/code><\/p>\n<p>&#8212;&#8212;&#8212;&#8212;&#8212;&#8212;&#8212;&#8212;&#8212;&#8212;&#8212;&#8212;&#8212;&#8212;&#8212;&#8212;&#8212;&#8212;&#8212;&#8212;&#8212;&#8212;&#8212;&#8212;&#8212;&#8212;&#8212;&#8212;&#8212;&#8212;&#8212;&#8212;&#8212;&#8212;&#8212;&#8212;&#8212;&#8212;&#8212;&#8212;&#8212;&#8212;&#8212;&#8212;&#8212;&#8212;&#8212;&#8212;&#8212;&#8212;&#8212;&#8212;&#8212;&#8212;&#8212;&#8212;-<\/p>\n<p><span style=\"font-size: 12pt;\">Szko\u0142a Podstawowa nr 6 im. Tadeusza Ko\u015bciuszki w Wejherowie w roku szkolnym 2022\/2023 zrealizowa\u0142a projekt kr\u00f3tkoterminowy w ramach programu ERASMUS+ \u201e<strong>Otwarci na \u015bwiat, otwarci na wiedz\u0119 \u2013 podniesienie kompetencji pedagog\u00f3w szko\u0142y podstawowe<\/strong>j\u201d. <\/span><br \/>\n<span style=\"font-size: 12pt;\">W ramach tego projektu przedstawiciele kierownictwa plac\u00f3wki, nauczycieli oraz pracownik\u00f3w administracji szko\u0142y, zostali podzieleni na cztery grupy wyjazdowe, kt\u00f3re uczestniczy\u0142y w szkoleniach o r\u00f3\u017cnej tematyce w Maladze (Hiszpania). Partnerem projektu by\u0142 EUROMIND PROJECTS SL &#8211; Idevelop Training SL, Ubeda Jaen (Andaluzja), Hiszpania.<\/span><\/p>\n<div style=\"width: 640px;\" class=\"wp-video\"><video class=\"wp-video-shortcode\" id=\"video-7498-1\" width=\"640\" height=\"360\" preload=\"metadata\" controls=\"controls\"><source type=\"video\/mp4\" src=\"https:\/\/sp6wejherowo.pl\/wp-content\/uploads\/2023\/06\/ERASMUS-202223.mp4?_=1\" \/><a href=\"https:\/\/sp6wejherowo.pl\/wp-content\/uploads\/2023\/06\/ERASMUS-202223.mp4\">https:\/\/sp6wejherowo.pl\/wp-content\/uploads\/2023\/06\/ERASMUS-202223.mp4<\/a><\/video><\/div>\n","protected":false},"excerpt":{"rendered":"<p>30 wrze\u015bnia br. Szko\u0142a Podstawowa nr 6 w Wejherowie z\u0142o\u017cy\u0142a wniosek o akredytacj\u0119 programu unijnego Erasmus+ na lata 2024 \u2013 2027 w sektorze Edukacja Szkolna, Akcja 1 Mobilno\u015b\u0107 Edukacyjna.&nbsp; Ch\u0119\u0107 udzia\u0142u w projekcie jest odpowiedzi\u0105 na realne potrzeby naszej szko\u0142y. Naszym celem jest nie tylko podniesienie jako\u015bci nauczania, ale r\u00f3wnie\u017c przygotowanie uczni\u00f3w do aktywnego uczestnictwa&hellip;<\/p>\n","protected":false},"author":1,"featured_media":0,"parent":0,"menu_order":0,"comment_status":"closed","ping_status":"closed","template":"","meta":{"ngg_post_thumbnail":0,"footnotes":"","_links_to":"","_links_to_target":""},"class_list":["post-7498","page","type-page","status-publish","hentry"],"_links":{"self":[{"href":"https:\/\/sp6wejherowo.pl\/index.php?rest_route=\/wp\/v2\/pages\/7498","targetHints":{"allow":["GET"]}}],"collection":[{"href":"https:\/\/sp6wejherowo.pl\/index.php?rest_route=\/wp\/v2\/pages"}],"about":[{"href":"https:\/\/sp6wejherowo.pl\/index.php?rest_route=\/wp\/v2\/types\/page"}],"author":[{"embeddable":true,"href":"https:\/\/sp6wejherowo.pl\/index.php?rest_route=\/wp\/v2\/users\/1"}],"replies":[{"embeddable":true,"href":"https:\/\/sp6wejherowo.pl\/index.php?rest_route=%2Fwp%2Fv2%2Fcomments&post=7498"}],"version-history":[{"count":3,"href":"https:\/\/sp6wejherowo.pl\/index.php?rest_route=\/wp\/v2\/pages\/7498\/revisions"}],"predecessor-version":[{"id":7870,"href":"https:\/\/sp6wejherowo.pl\/index.php?rest_route=\/wp\/v2\/pages\/7498\/revisions\/7870"}],"wp:attachment":[{"href":"https:\/\/sp6wejherowo.pl\/index.php?rest_route=%2Fwp%2Fv2%2Fmedia&parent=7498"}],"curies":[{"name":"wp","href":"https:\/\/api.w.org\/{rel}","templated":true}]}}