{"id":68,"date":"2018-09-21T09:25:35","date_gmt":"2018-09-21T09:25:35","guid":{"rendered":"http:\/\/nowa.sp6wejherowo.pl\/Blog\/?page_id=68"},"modified":"2025-09-01T09:49:30","modified_gmt":"2025-09-01T09:49:30","slug":"stypendium","status":"publish","type":"page","link":"https:\/\/sp6wejherowo.pl\/?page_id=68","title":{"rendered":"Stypendium"},"content":{"rendered":"<p>&nbsp;<\/p>\n<p style=\"text-align: center;\"><span style=\"font-size: 12pt;\">Wszyscy uczniowie maj\u0105 mo\u017cliwo\u015b\u0107 ubiegania si\u0119 o stypendium<\/span><\/p>\n<p style=\"text-align: center;\"><span style=\"font-size: 12pt;\"> za wyniki w nauce oraz osi\u0105gni\u0119cia sportowe.<\/span><\/p>\n<p style=\"text-align: center;\"><span style=\"font-size: 12pt;\">Zapraszamy do zapoznania si\u0119 z regulaminami.<\/span><\/p>\n<p>&nbsp;<\/p>\n<p style=\"text-align: center;\"><span style=\"font-size: 12pt;\">Uczniowie Szko\u0142y Podstawowej Nr 6 w Wejherowie<\/span><\/p>\n<p style=\"text-align: center;\"><span style=\"font-size: 12pt;\"> maj\u0105 mo\u017cliwo\u015b\u0107 ubiegania si\u0119 o Stypendium im. kpt. Antoniego Kasztelana.<\/span><\/p>\n<p>&nbsp;<\/p>\n<p style=\"text-align: center;\"><a href=\"https:\/\/sp6wejherowo.pl\/wp-content\/uploads\/2025\/09\/SKM_C55825090108420.pdf\" target=\"_blank\" rel=\"noopener noreferrer\"><span style=\"font-size: 12pt;\">Regulamin przyznawania stypendium A. Kasztelana<\/span><\/a><\/p>\n<p style=\"text-align: center;\"><a href=\"https:\/\/sp6wejherowo.pl\/wp-content\/uploads\/2019\/11\/wniosek-stypendium-a.-kaszytelana.docx\" target=\"_blank\" rel=\"noopener noreferrer\"><span style=\"font-size: 12pt;\">Wniosek o stypendium A. Kasztelana<\/span><\/a><\/p>\n<p style=\"text-align: center;\"><a href=\"https:\/\/sp6wejherowo.pl\/wp-content\/uploads\/2019\/12\/regulamin_styp_2019.pdf\" target=\"_blank\" rel=\"noopener noreferrer\"><span style=\"font-size: 12pt;\">Regulamin przyznawania stypendium za wyniki w nauce i osi\u0105gni\u0119cia sportowe<\/span><\/a><\/p>\n<p style=\"text-align: center;\"><a href=\"https:\/\/sp6wejherowo.pl\/wp-content\/uploads\/2019\/12\/wniosek_nauka.pdf\"><span style=\"font-size: 12pt;\">Wniosek o przyznanie stypendium za wyniki w nauce<\/span><\/a><\/p>\n<p style=\"text-align: center;\"><a href=\"https:\/\/sp6wejherowo.pl\/wp-content\/uploads\/2019\/12\/wniosek_sport.pdf\"><span style=\"font-size: 12pt;\">Wniosek o przyznanie stypendium za osi\u0105gni\u0119cia sportowe<\/span><\/a><\/p>\n<p style=\"text-align: center;\">&nbsp;<\/p>\n","protected":false},"excerpt":{"rendered":"<p>&nbsp; Wszyscy uczniowie maj\u0105 mo\u017cliwo\u015b\u0107 ubiegania si\u0119 o stypendium za wyniki w nauce oraz osi\u0105gni\u0119cia sportowe. Zapraszamy do zapoznania si\u0119 z regulaminami. &nbsp; Uczniowie Szko\u0142y Podstawowej Nr 6 w Wejherowie maj\u0105 mo\u017cliwo\u015b\u0107 ubiegania si\u0119 o Stypendium im. kpt. Antoniego Kasztelana. &nbsp; Regulamin przyznawania stypendium A. Kasztelana Wniosek o stypendium A. Kasztelana Regulamin przyznawania stypendium za&hellip;<\/p>\n","protected":false},"author":1,"featured_media":0,"parent":0,"menu_order":0,"comment_status":"closed","ping_status":"closed","template":"","meta":{"ngg_post_thumbnail":0,"footnotes":"","_links_to":"","_links_to_target":""},"class_list":["post-68","page","type-page","status-publish","hentry"],"_links":{"self":[{"href":"https:\/\/sp6wejherowo.pl\/index.php?rest_route=\/wp\/v2\/pages\/68","targetHints":{"allow":["GET"]}}],"collection":[{"href":"https:\/\/sp6wejherowo.pl\/index.php?rest_route=\/wp\/v2\/pages"}],"about":[{"href":"https:\/\/sp6wejherowo.pl\/index.php?rest_route=\/wp\/v2\/types\/page"}],"author":[{"embeddable":true,"href":"https:\/\/sp6wejherowo.pl\/index.php?rest_route=\/wp\/v2\/users\/1"}],"replies":[{"embeddable":true,"href":"https:\/\/sp6wejherowo.pl\/index.php?rest_route=%2Fwp%2Fv2%2Fcomments&post=68"}],"version-history":[{"count":16,"href":"https:\/\/sp6wejherowo.pl\/index.php?rest_route=\/wp\/v2\/pages\/68\/revisions"}],"predecessor-version":[{"id":8168,"href":"https:\/\/sp6wejherowo.pl\/index.php?rest_route=\/wp\/v2\/pages\/68\/revisions\/8168"}],"wp:attachment":[{"href":"https:\/\/sp6wejherowo.pl\/index.php?rest_route=%2Fwp%2Fv2%2Fmedia&parent=68"}],"curies":[{"name":"wp","href":"https:\/\/api.w.org\/{rel}","templated":true}]}}