{"id":6533,"date":"2021-05-04T16:48:52","date_gmt":"2021-05-04T16:48:52","guid":{"rendered":"http:\/\/sp6wejherowo.pl\/?page_id=6533"},"modified":"2021-05-04T17:09:02","modified_gmt":"2021-05-04T17:09:02","slug":"epuap","status":"publish","type":"page","link":"https:\/\/sp6wejherowo.pl\/?page_id=6533","title":{"rendered":"Epuap"},"content":{"rendered":"<p><strong><span style=\"font-size: 12pt;\">Podmioty realizuj\u0105ce zadania publiczne obowi\u0105zane s\u0105 posiada\u0107 elektroniczn\u0105 skrzynk\u0119 podawcz\u0105.<\/span><\/strong><\/p>\n<p><span style=\"font-size: 12pt;\">Elektroniczna skrzynka podawcza pozwala na dor\u0119czanie do instytucji pism podpisanych bezpiecznym podpisem <\/span><span style=\"font-size: 12pt;\">elektronicznym w spos\u00f3b zapewniaj\u0105cy otrzymanie urz\u0119dowego po\u015bwiadczenia przed\u0142o\u017cenia (UPP).<\/span><\/p>\n<p><span style=\"font-size: 12pt;\">UPP jest dowodem dor\u0119czenia pisma, a widniej\u0105ca na nim data stanowi dat\u0119 dor\u0119czenia.<\/span><\/p>\n<p><strong><span style=\"font-size: 12pt;\">Dostarczenie do Szko\u0142y Podstawowej nr 6 im. Tadeusza Ko\u015bciuszki w Wejherowie dokumentu elektronicznego<\/span><\/strong><\/p>\n<p><span style=\"font-size: 12pt;\">W celu dostarczenia do Szko\u0142y Podstawowej nr nr 6 im. Tadeusza Ko\u015bciuszki w Wejherowie dokumentu elektronicznego <\/span><span style=\"font-size: 12pt;\">nale\u017cy zarejestrowa\u0107 si\u0119 na elektronicznej platformie us\u0142ug administracji publicznej (ePUAP) pod adresem <a href=\"https:\/\/epuap.gov.pl\/wps\/portal\" target=\"_blank\" rel=\"noopener\">epuap.gov.pl<\/a>.<\/span><\/p>\n<p><span style=\"font-size: 12pt;\"><a href=\"https:\/\/epuap.gov.pl\/wps\/portal\" target=\"_blank\" rel=\"noopener\">Dok\u0142adna instrukcja zak\u0142adania konta<\/a>. <\/span><span style=\"font-size: 12pt;\">Porady praktyczne (wraz ze zrzutami ekranowymi), jak za\u0142o\u017cy\u0107 konto, zaczynaj\u0105 <\/span><span style=\"font-size: 12pt;\">si\u0119 od strony 5. ww. instrukcji.<\/span><\/p>\n<p><span style=\"font-size: 12pt;\">Po za\u0142o\u017ceniu konta i zalogowaniu si\u0119 na ePUAP u\u017cytkownik ma dost\u0119p do elektronicznej skrzynki podawczej Szko\u0142y <\/span><span style=\"font-size: 12pt;\">Podstawowej nr nr 6 im. Tadeusza Ko\u015bciuszki w Wejherowie Wystarczy klikn\u0105\u0107 w link:<\/span><\/p>\n<p><a href=\"https:\/\/epuap.gov.pl\/wps\/myportal\/strefa-klienta\/katalog-spraw\/profil-urzedu\/SP6Wejherowo\" target=\"_blank\" rel=\"noopener\"><span style=\"font-size: 12pt;\">https:\/\/epuap.gov.pl\/wps\/myportal\/strefa-klienta\/katalog-spraw\/profil-urzedu\/SP6Wejherowo<\/span><\/a><\/p>\n<p><span style=\"font-size: 12pt;\">Za jego pomoc\u0105 za\u0142atwi\u0105 Pa\u0144stwo ka\u017cd\u0105 spraw\u0119 nale\u017c\u0105c\u0105 do kompetencji Szko\u0142y Podstawowej nr nr 6 im. Tadeusza <\/span><span style=\"font-size: 12pt;\">Ko\u015bciuszki w Wejherowie. <\/span><span style=\"font-size: 12pt;\">Do formularza mo\u017cna dodawa\u0107 za\u0142\u0105czniki o nast\u0119puj\u0105cych rozszerzeniach: .doc, .docx, .gif, .jpg (.jpeg), .ods, .odt, <\/span><span style=\"font-size: 12pt;\">.pdf, .png, .rtf, .svg, .tif(.tiff), .txt, .xls, .xlsx, .xml. <\/span><span style=\"font-size: 12pt;\">Maksymalny rozmiar dokumentu elektronicznego to 5 megabajt\u00f3w.<\/span><\/p>\n<p><span style=\"font-size: 12pt;\">Pliki zawieraj\u0105ce szkodliwe oprogramowanie b\u0119d\u0105 automatycznie usuwane.<\/span><\/p>\n<p><span style=\"font-size: 12pt;\">Odno\u015bnie spraw za\u0142atwianych w trybie post\u0119powania administracyjnego konieczne jest podanie imienia, nazwiska, adresu <\/span><span style=\"font-size: 12pt;\">osoby wnosz\u0105cej pismo oraz jej podpisu. Elektroniczna skrzynka podawcza obs\u0142uguje zar\u00f3wno bezpieczny kwalifikowany <\/span><span style=\"font-size: 12pt;\">podpis elektroniczny jak i jego darmowy odpowiednik, czyli profil zaufany ePUAP.<\/span><\/p>\n<p><strong><span style=\"font-size: 12pt;\">Profil zaufany ePUAP<\/span><\/strong><\/p>\n<p><span style=\"font-size: 12pt;\">Profil zaufany ePUAP ka\u017cda (pe\u0142noletnia) osoba zak\u0142ada r\u00f3wnie\u017c za po\u015brednictwem platformy <a href=\"https:\/\/epuap.gov.pl\/wps\/portal\" target=\"_blank\" rel=\"noopener\">epuap.gov.pl<\/a>.<\/span><\/p>\n<p><a href=\"https:\/\/epuap.gov.pl\/wps\/portal\" target=\"_blank\" rel=\"noopener\"><span style=\"font-size: 12pt;\">Dok\u0142adna instrukcja zak\u0142adania profilu zaufanego<\/span><\/a><\/p>\n<p><span style=\"font-size: 12pt;\">Porady praktyczne (wraz ze zrzutami ekranowymi), jak za\u0142o\u017cy\u0107 profil zaufany, zaczynaj\u0105 si\u0119 od str. 9. ww. instrukcji.<\/span><\/p>\n<p><span style=\"font-size: 12pt;\">Po z\u0142o\u017ceniu wniosku w systemie profil zaufany mo\u017cna potwierdzi\u0107 w ci\u0105gu 14 dni w ka\u017cdym urz\u0119dzie skarbowym, w ka\u017cdym <\/span><span style=\"font-size: 12pt;\">urz\u0119dzie wojew\u00f3dzkim, w wybranych oddzia\u0142ach ZUS i wybranych urz\u0119dach gmin. <a href=\"https:\/\/epuap.gov.pl\/wps\/portal\/strefa-klienta\/!ut\/p\/a1\/04_Sj9CPykssy0xPLMnMz0vMAfGjzOINLCw83R2dDbwMnN2MDBxNDJwc_cIsDQ0MzIAKIkEKcABHA0L6w_WjIEpwm1CQG2GQ7qioCABlYJ3l\/dl5\/d5\/L2dBISEvZ0FBIS9nQSEh\/\" target=\"_blank\" rel=\"noopener\">Lista punkt\u00f3w potwierdzaj\u0105cych<\/a>. Punkty <\/span><span style=\"font-size: 12pt;\">potwierdzaj\u0105ce s\u0105 odpowiednio oznakowane.<\/span><\/p>\n<p><a href=\"https:\/\/epuap.gov.pl\/wps\/portal\/strefa-klienta\/!ut\/p\/a1\/hY7LCoMwEEW_pR9QMhpN4jLGJkaLi1qtZiOhiAg-uiiF_n0rhe7U2Q3nzNyLDKqQmeyr7-yznyc7LLshDTCmFReQgJAucA9CnpWBA0C-Qk0aKeJLnioHGA9PoHM3j3JHgMIEmVXKCm-5Xt6vDIe99BsyWwlXuskV9nc4-fGNglk8jy2qUU0bjyZnXwcYgKYRaFeWYZYqYNJB1dB29v7e8fDfe4xFBb0-SskPHxNI34Y!\/dl5\/d5\/L2dBISEvZ0FBIS9nQSEh\/\" target=\"_blank\" rel=\"noopener\"><span style=\"font-size: 12pt;\">Najcz\u0119\u015bciej zadawane pytania odno\u015bnie profilu zaufanego<\/span><\/a><\/p>\n<p><a href=\"https:\/\/epuap.gov.pl\/wps\/portal\/strefa-klienta\/!ut\/p\/a1\/hY7LDoIwEEW_hQ8wM7zasixgS8GwsILQDSGGEBIeLoyJf6_ENTC7ybl3zoCBCszcvoe-fQ3L3I7rbkiDjCnJI0wxEg5yD0Oel4GNSH6BmjQiSq46kzYyHp5RaUfH2o5QugTMJmWFt7bX8xvD8ch-B7NnuNFdLl3_gJM_33kwT5apgxpq2ng0vfgqcBFpFqNyRBnmmUQmXKjGrm8fH3hORYWDOgluWV-n4rel\/dl5\/d5\/L2dBISEvZ0FBIS9nQSEh\/\" target=\"_blank\" rel=\"noopener\"><span style=\"font-size: 12pt;\">Trzy filmy instrukta\u017cowe odno\u015bnie rejestracji na platformie ePUAP oraz odno\u015bnie profilu zaufanego<\/span><\/a><\/p>\n<p><strong><span style=\"font-size: 12pt;\">Z\u0142o\u017cenie pisma podpisanego bezpiecznym podpisem elektronicznym<\/span><\/strong><\/p>\n<p><span style=\"font-size: 12pt;\">Obok mo\u017cliwo\u015bci z\u0142o\u017cenia dokumentu elektronicznego za pomoc\u0105 elektronicznej skrzynki podawczej istnieje mo\u017cliwo\u015b\u0107 <\/span><span style=\"font-size: 12pt;\">z\u0142o\u017cenia pisma podpisanego bezpiecznym podpisem elektronicznym w sekretariacie Szko\u0142y Podstawowej nr 6 im. Tadeusza Ko\u015bciuszki w Wejherowie<\/span><span style=\"font-size: 12pt;\">, w godzinach jego pracy. Podpisany elektronicznie plik mo\u017ce by\u0107 dostarczony na p\u0142ycie CD albo <\/span><span style=\"font-size: 12pt;\">przeno\u015bnym dysku (pendrive). No\u015bnik musi umo\u017cliwia\u0107 zapisanie na nim urz\u0119dowego po\u015bwiadczenia przed\u0142o\u017cenia (UPP).<\/span><\/p>\n<p>&#8212;&#8212;&#8212;&#8212;&#8212;&#8212;&#8212;&#8212;&#8212;&#8212;&#8212;&#8212;&#8212;&#8212;&#8212;&#8212;&#8212;&#8212;&#8212;&#8212;&#8212;&#8212;&#8212;&#8212;&#8212;&#8212;&#8212;&#8212;&#8212;&#8212;&#8212;&#8212;&#8212;&#8212;&#8212;&#8212;&#8212;&#8212;&#8212;&#8212;&#8212;&#8212;&#8212;&#8212;&#8212;&#8212;&#8212;&#8212;&#8212;&#8212;&#8212;&#8212;&#8212;&#8212;&#8212;&#8212;&#8212;&#8212;&#8212;&#8212;&#8212;&#8211;<\/p>\n<p><span style=\"font-size: 12pt;\">Wybrane przepisy Kodeksu post\u0119powania administracyjnego dotycz\u0105ce dokument\u00f3w elektronicznych: Art. 14, Art. 39(1), <\/span><span style=\"font-size: 12pt;\">Art. 63, Art. 46, Art. 217 \u00a7 4.<\/span><\/p>\n","protected":false},"excerpt":{"rendered":"<p>Podmioty realizuj\u0105ce zadania publiczne obowi\u0105zane s\u0105 posiada\u0107 elektroniczn\u0105 skrzynk\u0119 podawcz\u0105. Elektroniczna skrzynka podawcza pozwala na dor\u0119czanie do instytucji pism podpisanych bezpiecznym podpisem elektronicznym w spos\u00f3b zapewniaj\u0105cy otrzymanie urz\u0119dowego po\u015bwiadczenia przed\u0142o\u017cenia (UPP). UPP jest dowodem dor\u0119czenia pisma, a widniej\u0105ca na nim data stanowi dat\u0119 dor\u0119czenia. Dostarczenie do Szko\u0142y Podstawowej nr 6 im. Tadeusza Ko\u015bciuszki w Wejherowie&hellip;<\/p>\n","protected":false},"author":1,"featured_media":0,"parent":0,"menu_order":0,"comment_status":"closed","ping_status":"closed","template":"","meta":{"ngg_post_thumbnail":0,"footnotes":"","_links_to":"","_links_to_target":""},"class_list":["post-6533","page","type-page","status-publish","hentry"],"_links":{"self":[{"href":"https:\/\/sp6wejherowo.pl\/index.php?rest_route=\/wp\/v2\/pages\/6533","targetHints":{"allow":["GET"]}}],"collection":[{"href":"https:\/\/sp6wejherowo.pl\/index.php?rest_route=\/wp\/v2\/pages"}],"about":[{"href":"https:\/\/sp6wejherowo.pl\/index.php?rest_route=\/wp\/v2\/types\/page"}],"author":[{"embeddable":true,"href":"https:\/\/sp6wejherowo.pl\/index.php?rest_route=\/wp\/v2\/users\/1"}],"replies":[{"embeddable":true,"href":"https:\/\/sp6wejherowo.pl\/index.php?rest_route=%2Fwp%2Fv2%2Fcomments&post=6533"}],"version-history":[{"count":15,"href":"https:\/\/sp6wejherowo.pl\/index.php?rest_route=\/wp\/v2\/pages\/6533\/revisions"}],"predecessor-version":[{"id":6549,"href":"https:\/\/sp6wejherowo.pl\/index.php?rest_route=\/wp\/v2\/pages\/6533\/revisions\/6549"}],"wp:attachment":[{"href":"https:\/\/sp6wejherowo.pl\/index.php?rest_route=%2Fwp%2Fv2%2Fmedia&parent=6533"}],"curies":[{"name":"wp","href":"https:\/\/api.w.org\/{rel}","templated":true}]}}