{"id":6421,"date":"2021-02-22T20:36:06","date_gmt":"2021-02-22T20:36:06","guid":{"rendered":"http:\/\/sp6wejherowo.pl\/?page_id=6421"},"modified":"2021-02-22T20:36:06","modified_gmt":"2021-02-22T20:36:06","slug":"deklaracja-dostepnosci-2","status":"publish","type":"page","link":"https:\/\/sp6wejherowo.pl\/?page_id=6421","title":{"rendered":"Deklaracja dost\u0119pno\u015bci"},"content":{"rendered":"<p style=\"text-align: justify;\"><span style=\"font-size: 14pt;\"><strong>Deklaracja dost\u0119pno\u015bci<\/strong><\/span><\/p>\n<p style=\"text-align: justify;\"><span style=\"font-size: 12pt;\">Szko\u0142a Podstawowa nr 6 im. Tadeusza Ko\u015bciuszki w Wejherowie zobowi\u0105zuje si\u0119 zapewni\u0107 dost\u0119pno\u015b\u0107 swojej strony internetowej zgodnie z Ustaw\u0105 z dnia 4 kwietnia 2019r. o dost\u0119pno\u015bci cyfrowej stron internetowych i aplikacji mobilnych podmiot\u00f3w publicznych. O\u015bwiadczenie w\u00a0sprawie dost\u0119pno\u015bci ma zastosowanie do strony internetowej Szko\u0142y Podstawowej nr 6 im. Tadeusza Ko\u015bciuszki\u00a0w Wejherowie.<\/span><\/p>\n<p style=\"text-align: justify;\"><span style=\"font-size: 12pt;\">Data publikacji strony internetowej: 2015-09-01<\/span><\/p>\n<p style=\"text-align: justify;\"><strong><span style=\"font-size: 12pt;\">Data sporz\u0105dzenia deklaracji:<\/span><\/strong><\/p>\n<p style=\"text-align: justify;\"><span style=\"font-size: 12pt;\">Niniejsze o\u015bwiadczenie sporz\u0105dzono dnia: 2020-09-21<\/span><\/p>\n<p style=\"text-align: justify;\"><strong><span style=\"font-size: 12pt;\">Metoda przygotowania o\u015bwiadczenia:<\/span><\/strong><\/p>\n<p style=\"text-align: justify;\"><span style=\"font-size: 12pt;\">Deklaracj\u0119 sporz\u0105dzono na podstawie samooceny przeprowadzonej przez podmiot publiczny.<\/span><\/p>\n<p style=\"text-align: justify;\"><strong><span style=\"font-size: 12pt;\">Status pod wzgl\u0119dem zgodno\u015bci z ustaw\u0105:<\/span><\/strong><\/p>\n<p style=\"text-align: justify;\"><span style=\"font-size: 12pt;\">Strona internetowa jest cz\u0119\u015bciowo zgodna z ustaw\u0105 z dnia 4 kwietnia 2019r. o\u00a0dost\u0119pno\u015bci cyfrowej stron internetowych i aplikacji mobilnych podmiot\u00f3w publicznych z powodu niezgodno\u015bci lub wy\u0142\u0105cze\u0144 wymienionych poni\u017cej:<\/span><\/p>\n<p style=\"text-align: justify;\"><span style=\"font-size: 12pt;\">&#8211; filmy nie posiadaj\u0105 napis\u00f3w dla os\u00f3b nies\u0142ysz\u0105cych,<\/span><\/p>\n<p style=\"text-align: justify;\"><span style=\"font-size: 12pt;\">&#8211; niekt\u00f3re zdj\u0119cia z wydarze\u0144 nie posiadaj\u0105 pe\u0142nych opis\u00f3w alternatywnych,<\/span><\/p>\n<p style=\"text-align: justify;\"><span style=\"font-size: 12pt;\">&#8211; mapy s\u0105 wy\u0142\u0105czone z obowi\u0105zku zapewniania dost\u0119pno\u015bci,<\/span><\/p>\n<p style=\"text-align: justify;\"><span style=\"font-size: 12pt;\">&#8211; dokumenty w PDF nie s\u0105 dokumentami edytowalnymi,<\/span><\/p>\n<p style=\"text-align: justify;\"><span style=\"font-size: 12pt;\">&#8211; cz\u0119\u015b\u0107 plik\u00f3w nie jest dost\u0119pnych cyfrowo.<\/span><\/p>\n<p style=\"text-align: justify;\"><strong><span style=\"font-size: 12pt;\">U\u0142atwienia dost\u0119pu:<\/span><\/strong><\/p>\n<p style=\"text-align: justify;\"><span style=\"font-size: 12pt;\">Strona posiada narz\u0119dzie u\u0142atwie\u0144 dost\u0119pu (widoczny obrazek po lewej stronie przy poruszaniu si\u0119 po witrynie) a\u00a0w nim:<\/span><\/p>\n<ul style=\"text-align: justify;\">\n<li><span style=\"font-size: 12pt;\">podwy\u017cszony kontrast,<\/span><\/li>\n<li><span style=\"font-size: 12pt;\">mo\u017cliwo\u015b\u0107 powi\u0119kszenia liter,<\/span><\/li>\n<li><span style=\"font-size: 12pt;\">mo\u017cliwo\u015b\u0107 pomniejszenia liter,<\/span><\/li>\n<li><span style=\"font-size: 12pt;\">pod\u015bwietlane linki,<\/span><\/li>\n<li><span style=\"font-size: 12pt;\">jasne t\u0142o.<\/span><\/li>\n<\/ul>\n<p style=\"text-align: justify;\"><span style=\"font-size: 12pt;\">Na stronie internetowej mo\u017cna u\u017cywa\u0107 standardowych skr\u00f3t\u00f3w klawiaturowych przegl\u0105darki.<\/span><\/p>\n<p style=\"text-align: justify;\"><span style=\"font-size: 12pt;\">W celu przybli\u017cenia lub oddalenia obrazu znajduj\u0105cego si\u0119 na monitorze nale\u017cy wcisn\u0105\u0107 przycisk CTRL i trzymaj\u0105c go naciska\u0107 \u201e+\u201d (przybli\u017cenie), \u201e-\u201d (oddalenie). Zamiast znak\u00f3w \u201e+\u201d i \u201e-\u201dmo\u017cna u\u017cy\u0107 scroll\u2019a myszy.<\/span><\/p>\n<p style=\"text-align: justify;\"><span style=\"font-size: 12pt;\">W celu szybkiego w\u0142\u0105czenia lub wy\u0142\u0105czenia trybu du\u017cego kontrastu naci\u015bnij kombinacj\u0119 klawiszy Alt + lewy Shift + Print screen (na niekt\u00f3rych klawiaturach \u201ePrint\u00a0Scrn\u201d).<\/span><\/p>\n<p style=\"text-align: justify;\"><strong><span style=\"font-size: 12pt;\">Informacje zwrotne i dane kontaktowe<\/span><\/strong><\/p>\n<p style=\"text-align: justify;\"><span style=\"font-size: 12pt;\">W przypadku problem\u00f3w z dost\u0119pno\u015bci\u0105 strony internetowej prosimy o kontakt. Osob\u0105 kontaktow\u0105 jest Tomasz Nielek, e-mail: tomasznielek@o2.pl. \u00a0Kontaktowa\u0107 mo\u017cna si\u0119 tak\u017ce dzwoni\u0105c na\u00a0numer telefonu- sekretariat: 58 672 10 73, e-mail: <a href=\"mailto:sekretariat@sp6wejherowo.pl\">sekretariat@sp6wejherowo.pl<\/a>.\u00a0<\/span><\/p>\n<p style=\"text-align: justify;\"><span style=\"font-size: 12pt;\">Wnioski o udost\u0119pnienie informacji niedost\u0119pnej oraz skargi za brak zapewnienia dost\u0119pno\u015bci mo\u017cna sk\u0142ada\u0107 poprzez e-mail sekretariatu szko\u0142y.<\/span><\/p>\n<p style=\"text-align: justify;\"><strong><span style=\"font-size: 12pt;\">Informacje na temat procedury odwo\u0142awczej<\/span><\/strong><\/p>\n<p style=\"text-align: justify;\"><span style=\"font-size: 12pt;\">Ka\u017cdy ma prawo do wyst\u0105pienia z \u017c\u0105daniem zapewnienia dost\u0119pno\u015bci cyfrowej strony internetowej, aplikacji mobilnej lub jakiego\u015b ich elementu. Mo\u017cna tak\u017ce za\u017c\u0105da\u0107 udost\u0119pnienia informacji za\u00a0pomoc\u0105 alternatywnego sposobu dost\u0119pu, na przyk\u0142ad przez odczytanie niedost\u0119pnego cyfrowo dokumentu, opisanie zawarto\u015bci filmu bez audiodeskrypcji itp. \u017b\u0105danie powinno zawiera\u0107 dane osoby zg\u0142aszaj\u0105cej \u017c\u0105danie, wskazanie, o kt\u00f3r\u0105 stron\u0119 internetow\u0105 lub aplikacj\u0119 mobiln\u0105 chodzi oraz spos\u00f3b kontaktu. Je\u017celi osoba \u017c\u0105daj\u0105ca zg\u0142asza potrzeb\u0119 otrzymania informacji za pomoc\u0105 alternatywnego sposobu dost\u0119pu, powinna tak\u017ce okre\u015bli\u0107 dogodny dla niej spos\u00f3b przedstawienia tej informacji. Podmiot publiczny powinien zrealizowa\u0107 \u017c\u0105danie niezw\u0142ocznie, nie p\u00f3\u017aniej ni\u017c w\u00a0ci\u0105gu 7 dni od dnia wyst\u0105pienia z \u017c\u0105daniem. Je\u017celi dotrzymanie tego terminu nie jest mo\u017cliwe, podmiot publiczny niezw\u0142ocznie informuje o tym wnosz\u0105cego \u017c\u0105danie, kiedy realizacja \u017c\u0105dania b\u0119dzie mo\u017cliwa, przy czym termin ten nie mo\u017ce by\u0107 d\u0142u\u017cszy ni\u017c 2 miesi\u0105ce od dnia wyst\u0105pienia z\u00a0\u017c\u0105daniem. Je\u017celi zapewnienie dost\u0119pno\u015bci cyfrowej nie jest mo\u017cliwe, podmiot publiczny mo\u017ce zaproponowa\u0107 alternatywny spos\u00f3b dost\u0119pu do informacji.\u00a0<\/span><\/p>\n<p style=\"text-align: justify;\"><span style=\"font-size: 12pt;\">W przypadku, gdy podmiot publiczny odm\u00f3wi realizacji \u017c\u0105dania zapewnienia dost\u0119pno\u015bci lub alternatywnego sposobu dost\u0119pu do informacji, wnosz\u0105cy \u017c\u0105danie mo\u017cne z\u0142o\u017cy\u0107 skarg\u0119 w sprawie zapewniana dost\u0119pno\u015bci cyfrowej strony internetowej, aplikacji mobilnej lub elementu strony internetowej, lub aplikacji mobilnej.\u00a0<\/span><\/p>\n<p style=\"text-align: justify;\"><span style=\"font-size: 12pt;\">Po wyczerpaniu wskazanej wy\u017cej procedury mo\u017cna tak\u017ce z\u0142o\u017cy\u0107 wniosek do Rzecznika Praw Obywatelskich na stronie internetowej https:\/\/www.rpo.gov.pl\/.<\/span><\/p>\n<p style=\"text-align: justify;\"><strong><span style=\"font-size: 12pt;\">Dost\u0119pno\u015b\u0107 architektoniczna<\/span><\/strong><\/p>\n<p style=\"text-align: justify;\"><span style=\"font-size: 12pt;\">Do budynku prowadzi wej\u015bcie znajduj\u0105ce si\u0119 przy ul. \u015amiechowskiej 36, jest ono przystosowane dla os\u00f3b niepe\u0142nosprawnych. Przy wej\u015bciu pe\u0142ni\u0105 dy\u017cury pracownicy obs\u0142ugi, kt\u00f3rzy s\u0105 r\u00f3wnie\u017c oddelegowani do udzielania informacji. Na\u00a0tym poziomie znajduje si\u0119 oddzia\u0142 przedszkolny i\u00a0szatnie. Na pozosta\u0142e pi\u0119tra prowadz\u0105 schody. Na wniosek osoby ze szczeg\u00f3lnymi potrzebami, obs\u0142uga odbywa si\u0119 na parterze budynku. Przed\u00a0budynkiem nie ma wyznaczonych miejsc parkingowych dla os\u00f3b niepe\u0142nosprawnych. Do szko\u0142y mo\u017ce wej\u015b\u0107 osoba z psem asystuj\u0105cym i psem przewodnikiem. W budynku nie ma oznacze\u0144 w\u00a0alfabecie Braille`a, ani oznacze\u0144 kontrastowych lub w druku powi\u0119kszonym dla os\u00f3b niewidomych i\u00a0s\u0142abowidz\u0105cych, nie mo\u017cna skorzysta\u0107 z t\u0142umacza j\u0119zyka migowego.<\/span><\/p>\n","protected":false},"excerpt":{"rendered":"<p>Deklaracja dost\u0119pno\u015bci Szko\u0142a Podstawowa nr 6 im. Tadeusza Ko\u015bciuszki w Wejherowie zobowi\u0105zuje si\u0119 zapewni\u0107 dost\u0119pno\u015b\u0107 swojej strony internetowej zgodnie z Ustaw\u0105 z dnia 4 kwietnia 2019r. o dost\u0119pno\u015bci cyfrowej stron internetowych i aplikacji mobilnych podmiot\u00f3w publicznych. O\u015bwiadczenie w\u00a0sprawie dost\u0119pno\u015bci ma zastosowanie do strony internetowej Szko\u0142y Podstawowej nr 6 im. Tadeusza Ko\u015bciuszki\u00a0w Wejherowie. Data publikacji strony&hellip;<\/p>\n","protected":false},"author":1,"featured_media":0,"parent":0,"menu_order":0,"comment_status":"closed","ping_status":"closed","template":"","meta":{"ngg_post_thumbnail":0,"footnotes":"","_links_to":"","_links_to_target":""},"class_list":["post-6421","page","type-page","status-publish","hentry"],"_links":{"self":[{"href":"https:\/\/sp6wejherowo.pl\/index.php?rest_route=\/wp\/v2\/pages\/6421","targetHints":{"allow":["GET"]}}],"collection":[{"href":"https:\/\/sp6wejherowo.pl\/index.php?rest_route=\/wp\/v2\/pages"}],"about":[{"href":"https:\/\/sp6wejherowo.pl\/index.php?rest_route=\/wp\/v2\/types\/page"}],"author":[{"embeddable":true,"href":"https:\/\/sp6wejherowo.pl\/index.php?rest_route=\/wp\/v2\/users\/1"}],"replies":[{"embeddable":true,"href":"https:\/\/sp6wejherowo.pl\/index.php?rest_route=%2Fwp%2Fv2%2Fcomments&post=6421"}],"version-history":[{"count":1,"href":"https:\/\/sp6wejherowo.pl\/index.php?rest_route=\/wp\/v2\/pages\/6421\/revisions"}],"predecessor-version":[{"id":6422,"href":"https:\/\/sp6wejherowo.pl\/index.php?rest_route=\/wp\/v2\/pages\/6421\/revisions\/6422"}],"wp:attachment":[{"href":"https:\/\/sp6wejherowo.pl\/index.php?rest_route=%2Fwp%2Fv2%2Fmedia&parent=6421"}],"curies":[{"name":"wp","href":"https:\/\/api.w.org\/{rel}","templated":true}]}}