{"id":6268,"date":"2020-10-20T10:19:29","date_gmt":"2020-10-20T10:19:29","guid":{"rendered":"http:\/\/sp6wejherowo.pl\/?page_id=6268"},"modified":"2020-10-20T10:22:31","modified_gmt":"2020-10-20T10:22:31","slug":"mlegitymacja","status":"publish","type":"page","link":"https:\/\/sp6wejherowo.pl\/?page_id=6268","title":{"rendered":"mLegitymacja"},"content":{"rendered":"<p style=\"text-align: center;\"><a href=\"https:\/\/sp6wejherowo.pl\/wp-content\/uploads\/2020\/10\/mlegitymacja.pdf\" target=\"_blank\" rel=\"noopener noreferrer\"><span style=\"font-size: 12pt;\">Instrukcja korzystania z bezp\u0142atnego kreatora zdj\u0119\u0107 do mLegitymacji<\/span><\/a><\/p>\n<p style=\"text-align: center;\"><a href=\"https:\/\/passport-photo.online\/pl\/zdjecie-do-mlegitymacji\" target=\"_blank\" rel=\"noopener noreferrer\"><span style=\"font-size: 12pt;\">Link do kreatora<\/span><\/a><\/p>\n","protected":false},"excerpt":{"rendered":"<p>Instrukcja korzystania z bezp\u0142atnego kreatora zdj\u0119\u0107 do mLegitymacji Link do kreatora<\/p>\n","protected":false},"author":1,"featured_media":0,"parent":0,"menu_order":0,"comment_status":"closed","ping_status":"closed","template":"","meta":{"ngg_post_thumbnail":0,"footnotes":"","_links_to":"","_links_to_target":""},"class_list":["post-6268","page","type-page","status-publish","hentry"],"_links":{"self":[{"href":"https:\/\/sp6wejherowo.pl\/index.php?rest_route=\/wp\/v2\/pages\/6268","targetHints":{"allow":["GET"]}}],"collection":[{"href":"https:\/\/sp6wejherowo.pl\/index.php?rest_route=\/wp\/v2\/pages"}],"about":[{"href":"https:\/\/sp6wejherowo.pl\/index.php?rest_route=\/wp\/v2\/types\/page"}],"author":[{"embeddable":true,"href":"https:\/\/sp6wejherowo.pl\/index.php?rest_route=\/wp\/v2\/users\/1"}],"replies":[{"embeddable":true,"href":"https:\/\/sp6wejherowo.pl\/index.php?rest_route=%2Fwp%2Fv2%2Fcomments&post=6268"}],"version-history":[{"count":3,"href":"https:\/\/sp6wejherowo.pl\/index.php?rest_route=\/wp\/v2\/pages\/6268\/revisions"}],"predecessor-version":[{"id":6272,"href":"https:\/\/sp6wejherowo.pl\/index.php?rest_route=\/wp\/v2\/pages\/6268\/revisions\/6272"}],"wp:attachment":[{"href":"https:\/\/sp6wejherowo.pl\/index.php?rest_route=%2Fwp%2Fv2%2Fmedia&parent=6268"}],"curies":[{"name":"wp","href":"https:\/\/api.w.org\/{rel}","templated":true}]}}