{"id":6212,"date":"2020-09-01T14:08:54","date_gmt":"2020-09-01T14:08:54","guid":{"rendered":"http:\/\/sp6wejherowo.pl\/?page_id=6212"},"modified":"2025-09-10T08:46:44","modified_gmt":"2025-09-10T08:46:44","slug":"druki","status":"publish","type":"page","link":"https:\/\/sp6wejherowo.pl\/?page_id=6212","title":{"rendered":"Druki"},"content":{"rendered":"<p style=\"text-align: center;\"><a href=\"https:\/\/sp6wejherowo.pl\/wp-content\/uploads\/2020\/09\/duplikat-\u015bwiadectwa.pdf\" target=\"_blank\" rel=\"noopener noreferrer\"><span style=\"font-size: 12pt;\">Wniosek o wydanie duplikatu \u015bwiadectwa szkolnego<\/span><\/a><\/p>\n<p style=\"text-align: center;\"><a href=\"https:\/\/sp6wejherowo.pl\/wp-content\/uploads\/2020\/09\/legitymacja-duplikat.pdf\" target=\"_blank\" rel=\"noopener noreferrer\"><span style=\"font-size: 12pt;\">Wniosek o wydanie duplikatu legitymacji szkolnej<\/span><\/a><\/p>\n<p style=\"text-align: center;\"><a href=\"https:\/\/sp6wejherowo.pl\/wp-content\/uploads\/2020\/09\/duplikat-karty-rowerowej.pdf\" target=\"_blank\" rel=\"noopener noreferrer\"><span style=\"font-size: 12pt;\">Wniosek o wydanie duplikatu karty rowerowej<\/span><\/a><\/p>\n<p style=\"text-align: center;\"><a href=\"https:\/\/sp6wejherowo.pl\/wp-content\/uploads\/2020\/09\/wniosek-o-mlegitymacja.pdf\" target=\"_blank\" rel=\"noopener noreferrer\"><span style=\"font-size: 12pt;\">Wniosek o wydanie MLEGITYMACJI<\/span><\/a><\/p>\n<p style=\"text-align: center;\"><a href=\"https:\/\/sp6wejherowo.pl\/wp-content\/uploads\/2025\/09\/podanie-o-zwolnienie-z-wf.docx\"><span style=\"font-size: 12pt;\">Podanie o wypisanie dziecka z zaj\u0119\u0107 wychowania fizycznego<\/span><\/a><\/p>\n<p style=\"text-align: center;\"><a href=\"https:\/\/sp6wejherowo.pl\/wp-content\/uploads\/2025\/09\/wniosek-wypisanie_dziecka.doc\"><span style=\"font-size: 12pt;\">Wniosek o wypisanie dziecka ze szko\u0142y &#8211; przeniesienie do innej szko\u0142y<\/span><\/a><\/p>\n<p style=\"text-align: center;\"><a href=\"http:\/\/Wniosek o wypisanie dziecka ze szko\u0142y - wyjazd za granic\u0119\"><span style=\"font-size: 12pt;\">Wniosek o wypisanie dziecka ze szko\u0142y &#8211; wyjazd za granic\u0119<\/span><\/a><\/p>\n","protected":false},"excerpt":{"rendered":"<p>Wniosek o wydanie duplikatu \u015bwiadectwa szkolnego Wniosek o wydanie duplikatu legitymacji szkolnej Wniosek o wydanie duplikatu karty rowerowej Wniosek o wydanie MLEGITYMACJI Podanie o wypisanie dziecka z zaj\u0119\u0107 wychowania fizycznego Wniosek o wypisanie dziecka ze szko\u0142y &#8211; przeniesienie do innej szko\u0142y Wniosek o wypisanie dziecka ze szko\u0142y &#8211; wyjazd za granic\u0119<\/p>\n","protected":false},"author":1,"featured_media":0,"parent":0,"menu_order":0,"comment_status":"closed","ping_status":"closed","template":"","meta":{"ngg_post_thumbnail":0,"footnotes":"","_links_to":"","_links_to_target":""},"class_list":["post-6212","page","type-page","status-publish","hentry"],"_links":{"self":[{"href":"https:\/\/sp6wejherowo.pl\/index.php?rest_route=\/wp\/v2\/pages\/6212","targetHints":{"allow":["GET"]}}],"collection":[{"href":"https:\/\/sp6wejherowo.pl\/index.php?rest_route=\/wp\/v2\/pages"}],"about":[{"href":"https:\/\/sp6wejherowo.pl\/index.php?rest_route=\/wp\/v2\/types\/page"}],"author":[{"embeddable":true,"href":"https:\/\/sp6wejherowo.pl\/index.php?rest_route=\/wp\/v2\/users\/1"}],"replies":[{"embeddable":true,"href":"https:\/\/sp6wejherowo.pl\/index.php?rest_route=%2Fwp%2Fv2%2Fcomments&post=6212"}],"version-history":[{"count":4,"href":"https:\/\/sp6wejherowo.pl\/index.php?rest_route=\/wp\/v2\/pages\/6212\/revisions"}],"predecessor-version":[{"id":8175,"href":"https:\/\/sp6wejherowo.pl\/index.php?rest_route=\/wp\/v2\/pages\/6212\/revisions\/8175"}],"wp:attachment":[{"href":"https:\/\/sp6wejherowo.pl\/index.php?rest_route=%2Fwp%2Fv2%2Fmedia&parent=6212"}],"curies":[{"name":"wp","href":"https:\/\/api.w.org\/{rel}","templated":true}]}}