{"id":62,"date":"2018-09-21T09:22:20","date_gmt":"2018-09-21T09:22:20","guid":{"rendered":"http:\/\/nowa.sp6wejherowo.pl\/Blog\/?page_id=62"},"modified":"2018-10-02T19:56:14","modified_gmt":"2018-10-02T19:56:14","slug":"plan-lekcji","status":"publish","type":"page","link":"https:\/\/sp6wejherowo.pl\/?page_id=62","title":{"rendered":"Plan lekcji"},"content":{"rendered":"<p style=\"text-align: center;\"><span style=\"font-size: 12pt;\">Plan lekcji na bie\u017c\u0105cy rok szkolny<\/span><\/p>\n<p style=\"text-align: center;\"><span style=\"font-size: 12pt;\">jest dost\u0119pny w e-dzienniku na stronie <strong><a href=\"https:\/\/synergia.librus.pl\/loguj\" target=\"_blank\" rel=\"noopener\">https:\/\/synergia.librus.pl\/loguj<\/a><\/strong><\/span><\/p>\n<p style=\"text-align: center;\"><span style=\"font-size: 12pt;\">po zalogowaniu si\u0119.<\/span><\/p>\n<p style=\"text-align: center;\"><span style=\"font-size: 12pt;\">Loginy i has\u0142a dla nowych uczni\u00f3w naszej szko\u0142y<\/span><\/p>\n<p style=\"text-align: center;\"><span style=\"font-size: 12pt;\">mo\u017cna odbiera\u0107 u wychowawcy klasy.<\/span><\/p>\n<p style=\"text-align: center;\"><span style=\"font-size: 12pt;\">Dost\u0119p do e-dziennika jest ca\u0142kowicie bezp\u0142atny dla wszystkich rodzic\u00f3w i uczni\u00f3w.<\/span><\/p>\n","protected":false},"excerpt":{"rendered":"<p>Plan lekcji na bie\u017c\u0105cy rok szkolny jest dost\u0119pny w e-dzienniku na stronie https:\/\/synergia.librus.pl\/loguj po zalogowaniu si\u0119. Loginy i has\u0142a dla nowych uczni\u00f3w naszej szko\u0142y mo\u017cna odbiera\u0107 u wychowawcy klasy. Dost\u0119p do e-dziennika jest ca\u0142kowicie bezp\u0142atny dla wszystkich rodzic\u00f3w i uczni\u00f3w.<\/p>\n","protected":false},"author":1,"featured_media":0,"parent":0,"menu_order":0,"comment_status":"closed","ping_status":"closed","template":"","meta":{"ngg_post_thumbnail":0,"footnotes":"","_links_to":"","_links_to_target":""},"class_list":["post-62","page","type-page","status-publish","hentry"],"_links":{"self":[{"href":"https:\/\/sp6wejherowo.pl\/index.php?rest_route=\/wp\/v2\/pages\/62","targetHints":{"allow":["GET"]}}],"collection":[{"href":"https:\/\/sp6wejherowo.pl\/index.php?rest_route=\/wp\/v2\/pages"}],"about":[{"href":"https:\/\/sp6wejherowo.pl\/index.php?rest_route=\/wp\/v2\/types\/page"}],"author":[{"embeddable":true,"href":"https:\/\/sp6wejherowo.pl\/index.php?rest_route=\/wp\/v2\/users\/1"}],"replies":[{"embeddable":true,"href":"https:\/\/sp6wejherowo.pl\/index.php?rest_route=%2Fwp%2Fv2%2Fcomments&post=62"}],"version-history":[{"count":2,"href":"https:\/\/sp6wejherowo.pl\/index.php?rest_route=\/wp\/v2\/pages\/62\/revisions"}],"predecessor-version":[{"id":214,"href":"https:\/\/sp6wejherowo.pl\/index.php?rest_route=\/wp\/v2\/pages\/62\/revisions\/214"}],"wp:attachment":[{"href":"https:\/\/sp6wejherowo.pl\/index.php?rest_route=%2Fwp%2Fv2%2Fmedia&parent=62"}],"curies":[{"name":"wp","href":"https:\/\/api.w.org\/{rel}","templated":true}]}}