{"id":5823,"date":"2019-12-18T14:47:50","date_gmt":"2019-12-18T14:47:50","guid":{"rendered":"http:\/\/sp6wejherowo.pl\/?page_id=5823"},"modified":"2025-09-25T06:04:26","modified_gmt":"2025-09-25T06:04:26","slug":"samorzad-uczniowski","status":"publish","type":"page","link":"https:\/\/sp6wejherowo.pl\/?page_id=5823","title":{"rendered":"Samorz\u0105d uczniowski"},"content":{"rendered":"<p style=\"text-align: center;\"><a href=\"https:\/\/sp6wejherowo.pl\/wp-content\/uploads\/2019\/12\/regulamin_su.pdf\"><span style=\"font-size: 12pt;\">Regulamin Samorz\u0105du Uczniowskiego<\/span><\/a><\/p>\n<p style=\"text-align: center;\"><span style=\"text-decoration: underline;\"><strong><span style=\"font-size: 12pt;\">Aktualny sk\u0142ad Samorz\u0105du Uczniowskiego<\/span><\/strong><\/span><\/p>\n<p style=\"text-align: center;\"><span style=\"font-size: 12pt;\">Przewodnicz\u0105cy: <strong>Dariusz Ha\u0142uszczak<\/strong> kl. 8c<\/span><br \/>\n<span style=\"font-size: 12pt;\">Zast\u0119pca: <strong>Antonina Kierznikowicz<\/strong> kl. 7a<\/span><br \/>\n<span style=\"font-size: 12pt;\">Sekretarz: <strong>Ma\u0142gorzata Dereniowska<\/strong> kl. 8d<\/span><br \/>\n<span style=\"font-size: 12pt;\">Cz\u0142onkowie: <strong>Bia\u0142k Nina<\/strong> kl. 5d, <strong>Natan Kr\u00f3l<\/strong> kl. 8c, <strong>Kra\u015bniewska Zofia<\/strong> kl. 8c, <strong>Marczy\u0144ska Maja<\/strong> kl. 5d<\/span><\/p>\n<p style=\"text-align: center;\"><em><strong><span style=\"font-size: 12pt;\">Opiekun SU: Lucyna Formella<\/span><\/strong><\/em><\/p>\n","protected":false},"excerpt":{"rendered":"<p>Regulamin Samorz\u0105du Uczniowskiego Aktualny sk\u0142ad Samorz\u0105du Uczniowskiego Przewodnicz\u0105cy: Dariusz Ha\u0142uszczak kl. 8c Zast\u0119pca: Antonina Kierznikowicz kl. 7a Sekretarz: Ma\u0142gorzata Dereniowska kl. 8d Cz\u0142onkowie: Bia\u0142k Nina kl. 5d, Natan Kr\u00f3l kl. 8c, Kra\u015bniewska Zofia kl. 8c, Marczy\u0144ska Maja kl. 5d Opiekun SU: Lucyna Formella<\/p>\n","protected":false},"author":1,"featured_media":0,"parent":0,"menu_order":0,"comment_status":"closed","ping_status":"closed","template":"","meta":{"ngg_post_thumbnail":0,"footnotes":"","_links_to":"","_links_to_target":""},"class_list":["post-5823","page","type-page","status-publish","hentry"],"_links":{"self":[{"href":"https:\/\/sp6wejherowo.pl\/index.php?rest_route=\/wp\/v2\/pages\/5823","targetHints":{"allow":["GET"]}}],"collection":[{"href":"https:\/\/sp6wejherowo.pl\/index.php?rest_route=\/wp\/v2\/pages"}],"about":[{"href":"https:\/\/sp6wejherowo.pl\/index.php?rest_route=\/wp\/v2\/types\/page"}],"author":[{"embeddable":true,"href":"https:\/\/sp6wejherowo.pl\/index.php?rest_route=\/wp\/v2\/users\/1"}],"replies":[{"embeddable":true,"href":"https:\/\/sp6wejherowo.pl\/index.php?rest_route=%2Fwp%2Fv2%2Fcomments&post=5823"}],"version-history":[{"count":8,"href":"https:\/\/sp6wejherowo.pl\/index.php?rest_route=\/wp\/v2\/pages\/5823\/revisions"}],"predecessor-version":[{"id":8202,"href":"https:\/\/sp6wejherowo.pl\/index.php?rest_route=\/wp\/v2\/pages\/5823\/revisions\/8202"}],"wp:attachment":[{"href":"https:\/\/sp6wejherowo.pl\/index.php?rest_route=%2Fwp%2Fv2%2Fmedia&parent=5823"}],"curies":[{"name":"wp","href":"https:\/\/api.w.org\/{rel}","templated":true}]}}