{"id":469,"date":"2018-10-14T20:26:38","date_gmt":"2018-10-14T20:26:38","guid":{"rendered":"http:\/\/sp6wejherowo.pl\/?page_id=469"},"modified":"2025-09-17T09:54:12","modified_gmt":"2025-09-17T09:54:12","slug":"zajecia-pozalekcyjne","status":"publish","type":"page","link":"https:\/\/sp6wejherowo.pl\/?page_id=469","title":{"rendered":"Zaj\u0119cia pozalekcyjne"},"content":{"rendered":"<p style=\"text-align: center;\"><span style=\"color: #0000ff;\"><a style=\"color: #0000ff;\" href=\"https:\/\/sp6wejherowo.pl\/wp-content\/uploads\/2025\/09\/Z-A-J-E-C-I-A-R-O-Z-W-I-J-A-J-A-C-E-K-R-E-A-T-Y-W-N-O-S-C-2025-26.pdf\"><span style=\"font-size: 12pt;\">Zaj\u0119cia rozwijaj\u0105ce uzdolnienia i zainteresowania<\/span><\/a><\/span><\/p>\n<p style=\"text-align: center;\"><span style=\"color: #0000ff;\"><a style=\"color: #0000ff;\" href=\"https:\/\/sp6wejherowo.pl\/wp-content\/uploads\/2025\/09\/zaj_rozw_25_26.pdf\"><span style=\"font-size: 12pt;\">Zaj\u0119cia rozwijaj\u0105ce dla uczni\u00f3w klas I &#8211; III<\/span><\/a><\/span><\/p>\n<p style=\"text-align: center;\"><a href=\"https:\/\/sp6wejherowo.pl\/wp-content\/uploads\/2025\/09\/ZAJECIA-WYROWNAWCZE-2025-26.pdf\"><span style=\"font-size: 12pt;\"><span style=\"color: #0000ff;\">Zaj\u0119cia wyr\u00f3wnawcze z j\u0119zyka polskiego i matematyki<\/span><\/span><\/a><\/p>\n<p>&nbsp;<\/p>\n","protected":false},"excerpt":{"rendered":"<p>Zaj\u0119cia rozwijaj\u0105ce uzdolnienia i zainteresowania Zaj\u0119cia rozwijaj\u0105ce dla uczni\u00f3w klas I &#8211; III Zaj\u0119cia wyr\u00f3wnawcze z j\u0119zyka polskiego i matematyki &nbsp;<\/p>\n","protected":false},"author":1,"featured_media":0,"parent":0,"menu_order":0,"comment_status":"closed","ping_status":"closed","template":"","meta":{"ngg_post_thumbnail":0,"footnotes":"","_links_to":"","_links_to_target":""},"class_list":["post-469","page","type-page","status-publish","hentry"],"_links":{"self":[{"href":"https:\/\/sp6wejherowo.pl\/index.php?rest_route=\/wp\/v2\/pages\/469","targetHints":{"allow":["GET"]}}],"collection":[{"href":"https:\/\/sp6wejherowo.pl\/index.php?rest_route=\/wp\/v2\/pages"}],"about":[{"href":"https:\/\/sp6wejherowo.pl\/index.php?rest_route=\/wp\/v2\/types\/page"}],"author":[{"embeddable":true,"href":"https:\/\/sp6wejherowo.pl\/index.php?rest_route=\/wp\/v2\/users\/1"}],"replies":[{"embeddable":true,"href":"https:\/\/sp6wejherowo.pl\/index.php?rest_route=%2Fwp%2Fv2%2Fcomments&post=469"}],"version-history":[{"count":16,"href":"https:\/\/sp6wejherowo.pl\/index.php?rest_route=\/wp\/v2\/pages\/469\/revisions"}],"predecessor-version":[{"id":8192,"href":"https:\/\/sp6wejherowo.pl\/index.php?rest_route=\/wp\/v2\/pages\/469\/revisions\/8192"}],"wp:attachment":[{"href":"https:\/\/sp6wejherowo.pl\/index.php?rest_route=%2Fwp%2Fv2%2Fmedia&parent=469"}],"curies":[{"name":"wp","href":"https:\/\/api.w.org\/{rel}","templated":true}]}}