{"id":399,"date":"2018-10-09T19:56:07","date_gmt":"2018-10-09T19:56:07","guid":{"rendered":"http:\/\/sp6wejherowo.pl\/?page_id=399"},"modified":"2018-11-25T21:03:04","modified_gmt":"2018-11-25T21:03:04","slug":"sp6-dla-niepodleglej","status":"publish","type":"page","link":"https:\/\/sp6wejherowo.pl\/?page_id=399","title":{"rendered":"SP6 dla Niepodleg\u0142ej"},"content":{"rendered":"<p>&nbsp;<\/p>\n<table style=\"width: 100%; border-collapse: collapse;\" border=\"0\">\n<tbody>\n<tr>\n<td style=\"width: 50%;\">&nbsp;<\/p>\n<p><img loading=\"lazy\" decoding=\"async\" class=\"size-medium wp-image-404 aligncenter\" src=\"https:\/\/sp6wejherowo.pl\/wp-content\/uploads\/2018\/10\/Niepodleg\u0142a-logo-300x70.jpg\" alt=\"\" width=\"300\" height=\"70\" srcset=\"https:\/\/sp6wejherowo.pl\/wp-content\/uploads\/2018\/10\/Niepodleg\u0142a-logo-300x70.jpg 300w, https:\/\/sp6wejherowo.pl\/wp-content\/uploads\/2018\/10\/Niepodleg\u0142a-logo-768x180.jpg 768w, https:\/\/sp6wejherowo.pl\/wp-content\/uploads\/2018\/10\/Niepodleg\u0142a-logo-1024x240.jpg 1024w, https:\/\/sp6wejherowo.pl\/wp-content\/uploads\/2018\/10\/Niepodleg\u0142a-logo.jpg 1599w\" sizes=\"auto, (max-width: 300px) 100vw, 300px\" \/><\/td>\n<td style=\"width: 50%;\">&nbsp;<img loading=\"lazy\" decoding=\"async\" class=\"size-medium wp-image-403 aligncenter\" src=\"https:\/\/sp6wejherowo.pl\/wp-content\/uploads\/2018\/10\/men-300x225.png\" alt=\"\" width=\"300\" height=\"225\" srcset=\"https:\/\/sp6wejherowo.pl\/wp-content\/uploads\/2018\/10\/men-300x225.png 300w, https:\/\/sp6wejherowo.pl\/wp-content\/uploads\/2018\/10\/men-768x576.png 768w, https:\/\/sp6wejherowo.pl\/wp-content\/uploads\/2018\/10\/men.png 1024w\" sizes=\"auto, (max-width: 300px) 100vw, 300px\" \/><\/td>\n<\/tr>\n<\/tbody>\n<\/table>\n<p class=\"western\" style=\"text-align: justify;\"><span style=\"font-family: Times New Roman, serif;\"><span style=\"font-size: medium;\">Szko\u0142a Podstawowa nr 6 w Wejherowie aktywnie w\u0142\u0105cza si\u0119 w \u015bwi\u0119towanie 100-lecia odzyskania przez Polsk\u0119 niepodleg\u0142o\u015bci.<\/span><\/span><\/p>\n<p>&nbsp;<\/p>\n<p class=\"western\" style=\"text-align: center;\" align=\"center\"><strong><span style=\"font-family: Times New Roman, serif;\"><span style=\"font-size: medium;\"><i>WYSTAWA<\/i><\/span><\/span><\/strong><\/p>\n<p class=\"western\" style=\"text-align: justify;\" align=\"justify\"><span style=\"font-family: Times New Roman, serif;\"><span style=\"font-size: medium;\">Uczniowie Szko\u0142y Podstawowej nr 6 w Wejherowie zaanga\u017cowani zostali w zbi\u00f3rk\u0119 pami\u0105tek zwi\u0105zanych z odzyskaniem przez Polsk\u0119 niepodleg\u0142o\u015bci, budow\u0105 wolnego pa\u0144stwa oraz II wojn\u0105 \u015bwiatow\u0105. Efekty ich dzia\u0142a\u0144 przedstawione zostan\u0105 w formie wystawy w szkolnej Izbie Pami\u0119ci imienia W\u0142adys\u0142awa Gady w listopadzie 2018 roku i b\u0119dzie mo\u017cna ogl\u0105da\u0107 ju\u017c 7 listopada 2018r.<\/span><\/span><\/p>\n<p class=\"western\" style=\"text-align: justify;\" align=\"justify\"><span style=\"font-family: Times New Roman, serif;\"><span style=\"font-size: medium;\">W\u015br\u00f3d eksponat\u00f3w znajd\u0105 si\u0119 pami\u0105tki rodzinne i materia\u0142y z lokalnych archiw\u00f3w i eksponaty, przekazane przez uczni\u00f3w i kombatant\u00f3w odwiedzaj\u0105cych Izb\u0119 Pami\u0119ci, mi\u0119dzy innymi poczt\u00f3wka z 1939 roku, modlitewnik z 1938 roku, bi\u017cuteria, prasa mi\u0119dzywojenna i wojenna, pasiaki z KL Stutthof, mundur kapitana Antoniego Kasztelana, he\u0142my, fragmenty uzbrojenia).<\/span><\/span><\/p>\n<p class=\"western\" style=\"text-align: justify;\" align=\"justify\"><span style=\"font-family: Times New Roman, serif;\"><span style=\"font-size: medium;\">W pa\u017adzierniku uczniowie klas VII i VIII oraz klas III gimnazjum obejrz\u0105 film: \u201eMiasto z morza\u201d, gdzie dowiedz\u0105 si\u0119 jaka by\u0142a historia miasta Gdyni, kt\u00f3ra z niewielkiej osady rybackiej dzi\u0119ki d\u0142ugofalowym planom oraz uparto\u015bci sta\u0142o si\u0119 najwa\u017cniejszym portem II RP. <\/span><\/span><span style=\"color: #000000;\"><span style=\"font-family: Times New Roman, serif;\"><span style=\"font-size: medium;\">G\u0142\u00f3wnym propagatorem tej idei by\u0142 wicepremier Eugeniusz Kwiatkowski.<\/span><\/span><\/span><span style=\"font-family: Times New Roman, serif;\"><span style=\"font-size: medium;\"> Zapewne dzi\u0119ki temu b\u0119d\u0105 dobrze przygotowani do kolejnego dzia\u0142ania, jakim oczywi\u015bcie jest :<\/span><\/span><\/p>\n<p align=\"justify\">&nbsp;<\/p>\n<p class=\"western\" style=\"text-align: center;\" align=\"center\"><strong><span style=\"font-family: Times New Roman, serif;\"><span style=\"font-size: medium;\"><i>WYCIECZKA- \u201e\u015aLADAMI NIEPODLEG\u0141EJ\u201d <\/i><\/span><\/span><\/strong><\/p>\n<p class=\"western\" style=\"text-align: center;\" align=\"center\"><strong><span style=\"font-family: Times New Roman, serif;\"><span style=\"font-size: medium;\"><i>ORAZ DO SALI HISTORYCZNEJ<\/i><\/span><\/span><i> <\/i><span style=\"font-family: Times New Roman, serif;\"><span style=\"font-size: medium;\"><i>W URZ\u0118DZIE MIASTA WEJHEROWA<\/i><\/span><\/span><\/strong><\/p>\n<p class=\"western\" style=\"text-align: justify;\" align=\"center\"><span style=\"font-family: Times New Roman, serif;\"><span style=\"font-size: medium;\">W ramach projektu \u201eNiepodleg\u0142a\u201d zorganizowana zostanie tak\u017ce wycieczka patriotyczna pt.:\u201e\u015aladami Niepodleg\u0142ej\u201d zwi\u0105zana z miejscami , wydarzeniami i postaciami historycznymi, maj\u0105cymi miejsce w XX &#8211; leciu mi\u0119dzywojennym. <\/span><\/span><\/p>\n<p class=\"western\" style=\"text-align: justify;\" align=\"justify\"><span style=\"font-family: Times New Roman, serif;\"><span style=\"font-size: medium;\">Wycieczk\u0119 rozpoczniemy w Pucku, miejscu, w kt\u00f3rym J\u00f3zef Haller za\u015blubi\u0142 Polsk\u0119 z morzem. Pojedziemy tak\u017ce do W\u0142adys\u0142awowa, by zwiedzi\u0107 \u201eHaller\u00f3wk\u0119\u201d \u2013 zabytkowy obiekt, wybudowany w 1922 roku, nale\u017c\u0105cy do genera\u0142a Hallera i jego rodziny. Nast\u0119pnie udamy si\u0119 do Gdyni \u2013 \u201emiasta z morza i marze\u0144\u201d, symbolu odbudowy i wielko\u015bci II Rzeczpospolitej. Zwiedzimy port, kt\u00f3ry by\u0142 najnowocze\u015bniejszym na ca\u0142ym Ba\u0142tyku, we\u017amiemy udzia\u0142 w lekcji historii w Muzeum Miasta Gdyni.<\/span><\/span><\/p>\n<p class=\"western\" style=\"text-align: justify;\" align=\"justify\"><span style=\"font-family: Times New Roman, serif;\"><span style=\"font-size: medium;\">To nie koniec wycieczek.<\/span><\/span><\/p>\n<p class=\"western\" style=\"text-align: justify;\"><span style=\"font-family: Times New Roman, serif;\"><span style=\"font-size: medium;\">W pa\u017adzierniku odb\u0119d\u0105 si\u0119 wycieczki pod has\u0142em : \u201eOsi\u0105gni\u0119cia II Rzeczy pospolitej w naszym mie\u015bcie\u201d do sali historycznej \u201eWejherowo Okresu Mi\u0119dzywojennego\u201d Urz\u0119du Miasta Wejherowa . Tam mi\u0119dzy innymi uczniowie zapoznaj\u0105 si\u0119 z postaci\u0105 Teodora Bolduana, burmistrza miasta ,wielkiego patrioty, cz\u0142owieka prawego.<\/span><\/span><\/p>\n<p>&nbsp;<\/p>\n<p class=\"western\" style=\"text-align: center;\"><em><strong><span style=\"font-family: Times New Roman, serif;\"><span style=\"font-size: medium;\">INSCENIZACJA, DEBATA, KONCERT, STOISKA PROMUJ\u0104CE POLSKIE PRODUKTY<\/span><\/span><\/strong><\/em><\/p>\n<p class=\"western\" style=\"text-align: justify;\"><span style=\"font-family: Times New Roman, serif;\"><span style=\"font-size: medium;\">W czwartek 8 listopada 2018r., wzorem lat ubieg\u0142ych, przyb\u0119d\u0105 do naszej szko\u0142y znakomici go\u015bcie &#8211; przedstawiciele w\u0142adz miasta i powiatu oraz Rady Rodzic\u00f3w, kt\u00f3rzy wsp\u00f3lnie z nami b\u0119d\u0105 \u015bwi\u0119towa\u0107 100 rocznic\u0119 Odzyskania Niepodleg\u0142o\u015bci.<\/span><\/span><\/p>\n<p class=\"western\" style=\"text-align: justify;\"><span style=\"font-family: Times New Roman, serif;\"><span style=\"font-size: medium;\">Obejrzymy inscenizacj\u0119 zwi\u0105zan\u0105 z tym radosnym wydarzeniem i b\u0119dziemy mieli okazj\u0119 porozmawia\u0107 z naszymi go\u015b\u0107mi na temat wsp\u00f3\u0142czesnego patriotyzmu, tego og\u00f3lnopolskiego i lokalnego. Czym jest patriotyzm i jak dzisiaj by\u0107 patriot\u0105, czy warto si\u0119 anga\u017cowa\u0107 i pracowa\u0107 dla dobra kraju \u2013 na te i na inne pytania znajdziecie odpowied\u017a w debacie, w kt\u00f3rej wezm\u0105 udzia\u0142 przedstawiciele klas starszych i oddzia\u0142\u00f3w gimnazjalnych.<\/span><\/span><\/p>\n<p class=\"western\" style=\"text-align: justify;\"><span style=\"font-family: Times New Roman, serif;\"><span style=\"font-size: medium;\">Nast\u0119pnie radosnym od\u015bpiewaniem \u201eJeszcze Polska nie zgin\u0119\u0142a\u201d rozpoczniemy koncert pie\u015bni patriotycznych, w kt\u00f3rym wezm\u0105 udzia\u0142 klasy IV, V i VI. <\/span><\/span><\/p>\n<p class=\"western\" style=\"text-align: justify;\"><span style=\"font-family: Times New Roman, serif;\"><span style=\"font-size: medium;\">W tym dniu b\u0119dziemy podziwia\u0107 szko\u0142\u0119 udekorowan\u0105 w barwy bia\u0142o-czerwone .R\u00f3wnie\u017c zostan\u0105 przygotowane specjalne stoiska z produktami polskimi pod has\u0142em:\u201e Cudze chwalicie swego nie znacie\u201d-kupuj polskie produkty \u2013wspieraj nasz\u0105 gospodark\u0119.<\/span><\/span><\/p>\n<p>&nbsp;<\/p>\n<p class=\"western\" style=\"text-align: center;\" align=\"center\"><strong><span style=\"font-family: Times New Roman, serif;\"><span style=\"font-size: medium;\"><i>PRZEJAZD AUTOBUSAMI MIEJSKIMI W WEJHEROWIE<\/i><\/span><\/span><\/strong><\/p>\n<p class=\"western\" style=\"text-align: justify;\"><span style=\"font-family: Times New Roman, serif;\"><span style=\"font-size: medium;\">Pragniemy tak\u017ce podzieli\u0107 si\u0119 nasz\u0105 rado\u015bci\u0105 z mieszka\u0144cami Wejherowa. W tym celu nawi\u0105\u017cemy wsp\u00f3\u0142prac\u0119 z MZK Wejherowo i grupa naszych uczni\u00f3w przebrana w stroje z epoki mi\u0119dzywojennej b\u0119dzie je\u017adzi\u0142a miejskimi autobusami i \u015bpiewa\u0142a patriotyczne pie\u015bni. Bia\u0142o-czerwone flagi, posta\u0107 Pi\u0142sudskiego i specjalne wydanie naszej gazetki z pewno\u015bci\u0105 wzbudzi rado\u015b\u0107 i podziw pasa\u017cer\u00f3w. Mamy nadziej\u0119, \u017ce zach\u0119cimy ich do wzi\u0119cia udzia\u0142u w obchodach \u015awi\u0119ta Niepodleg\u0142o\u015bci i zainteresujemy ich nasz\u0105 szko\u0142\u0105.<\/span><\/span><\/p>\n<p class=\"western\" style=\"text-align: center;\"><strong><span style=\"font-family: Times New Roman, serif;\"><span style=\"font-size: medium;\"><i>HAPPENIG KLAS M\u0141ODSZYCH<\/i><\/span><\/span><\/strong><\/p>\n<p class=\"western\" style=\"text-align: center;\"><strong><span style=\"font-family: Times New Roman, serif;\"><span style=\"font-size: medium;\"> 100 lat temu Polska wr\u00f3ci\u0142a na map\u0119 Europy!<\/span><\/span><\/strong><\/p>\n<p class=\"western\" style=\"text-align: justify;\"><span style=\"font-family: Times New Roman, serif;\"><span style=\"font-size: medium;\">T\u0119 radosn\u0105 wiadomo\u015b\u0107 w formie ma\u0142ego happeningu przeka\u017c\u0105 uczniom klas m\u0142odszych ich starsi koledzy i kole\u017canki. W towarzystwie samego marsza\u0142ka Pi\u0142sudskiego i bia\u0142o-czerwonych flag przemaszeruj\u0105 szkolnymi korytarzami i zawitaj\u0105 do sal lekcyjnych. Po uroczystym powitaniu marsza\u0142ka wsp\u00f3lnie za\u015bpiewaj\u0105 wybran\u0105 piosenk\u0119.<\/span><\/span><\/p>\n<p>&nbsp;<\/p>\n<p class=\"western\" style=\"text-align: center;\"><strong><span style=\"font-family: Times New Roman, serif;\"><span style=\"font-size: medium;\"><i>Klasy 0 &#8211; III dla <\/i><\/span><\/span><span style=\"font-family: Times New Roman, serif;\"><span style=\"font-size: medium;\"><i>NIEPODLEG\u0141EJ<\/i><\/span><\/span><\/strong><\/p>\n<p class=\"western\" style=\"text-align: justify;\" align=\"justify\"><span style=\"font-family: Times New Roman, serif;\"><span style=\"font-size: medium;\">W klasach 0-III b\u0119d\u0105 odbywa\u0142y si\u0119 zaj\u0119cia na kt\u00f3rych uczniowie b\u0119d\u0105 wykonywa\u0107 dekoracje dotycz\u0105ce 100-rocznicy odzyskania przez Polsk\u0119 niepodleg\u0142o\u015bci, wykonane zostan\u0105 bia\u0142o- czerwone kotyliony. Niekt\u00f3re klasy udadz\u0105 si\u0119 do Muzeum Pi\u015bmiennictwa i Muzyki Kaszubsko-Pomorskiej w Wejherowie, gdzie wezm\u0105 udzia\u0142 w r\u00f3\u017cnorodnych zaj\u0119ciach i przygotuj\u0105 prace zwi\u0105zane z symbolami narodowymi. <\/span><\/span><\/p>\n<p class=\"western\" style=\"text-align: justify;\" align=\"justify\"><span style=\"font-family: Times New Roman, serif;\"><span style=\"font-size: medium;\">9 listopada odb\u0119dzie si\u0119 \u201eMini koncert pie\u015bni patriotycznych\u201d, podczas kt\u00f3rego uczniowie obejrz\u0105 prezentacj\u0119 multimedialn\u0105, b\u0119d\u0105 \u015bpiewa\u0107 pie\u015bni patriotyczne i recytowa\u0107 wiersze. <\/span><\/span><\/p>\n<p class=\"western\" style=\"text-align: justify;\" align=\"justify\"><span style=\"font-family: Times New Roman, serif;\"><span style=\"font-size: medium;\">Na prze\u0142omie pa\u017adziernika i listopada przeprowadzony zostanie konkurs plastyczny \u201eSymbole narodowe\u201d dla uczni\u00f3w klas 0-III.<\/span><\/span><\/p>\n<p class=\"western\" style=\"text-align: justify;\" align=\"justify\"><span style=\"font-family: Times New Roman, serif;\"><span style=\"font-size: medium;\">W listopadzie uczniowie klas III wezm\u0105 udzia\u0142 w quizie wiedzy o Polsce, a dzieci z zer\u00f3wki przygotuj\u0105 monta\u017c s\u0142owno-muzyczny dla rodzic\u00f3w i koleg\u00f3w z r\u00f3wnoleg\u0142ych grup. <\/span><\/span><\/p>\n<p align=\"justify\">&nbsp;<\/p>\n<p class=\"western\" style=\"text-align: center;\" align=\"justify\"><strong><span style=\"font-family: Times New Roman, serif;\"><span style=\"font-size: medium;\"><i>M\u0141ODE PI\u00d3RA DLA NIEPODLEG\u0141EJ<\/i><\/span><\/span><\/strong><\/p>\n<p class=\"western\" style=\"text-align: justify;\"><span style=\"font-family: Times New Roman, serif;\"><span style=\"font-size: medium;\">Uczniowie Szko\u0142y Podstawowej nr 6 im. Tadeusz Ko\u015bciuszki w Wejherowie b\u0119d\u0105 mieli mo\u017cliwo\u015b\u0107 wzi\u0119cia udzia\u0142u w specjalnej edycji szkolnego konkursu, kt\u00f3ry wpisa\u0142 si\u0119 na sta\u0142e w kalendarz szkolnych wydarze\u0144 artystycznych : ,,Wszystko jest poezj\u0105, ka\u017cdy mo\u017ce by\u0107 poet\u0105\u201d. W ramach projektu uczestnicy podejmuj\u0105 si\u0119 napisania tekstu poetyckiego, tematycznie zwi\u0105zanego z szeroko pojmowanym patriotyzmem. Wa\u017cnym aspektem konkursu jest dostrze\u017cenie przez uczestnik\u00f3w wielkowymiarowo\u015bci tego poj\u0119cia i pokazanie (poprzez wiersz), w jaki spos\u00f3b uczniowie odczuwaj\u0105 jego zwi\u0105zek z ich rzeczywistym \u017cyciem. Dlatego organizatorzy konkursu zach\u0119caj\u0105 do podj\u0119cia wyzwania napisania utworu poetyckiego odnosz\u0105cego si\u0119 do osobistych do\u015bwiadcze\u0144 znaczenia patriotyzmu. Chodzi o dostrze\u017cenie warto\u015bci piel\u0119gnowania postaw patriotycznych nie tylko w ich szerszym znaczeniu, ale tak\u017ce w kontek\u015bcie przywi\u0105zania do w\u0142asnej, lokalnej ma\u0142ej ojczyzny. Prace konkursowe zostan\u0105 ocenione przez powo\u0142ane jury. Zwyci\u0119skie wiersze zostan\u0105 &#8211; zgodnie z tradycj\u0105 szko\u0142y &#8211; wydane w formie tomiku poezji \u201e M\u0142ode Pi\u00f3ra\u201d a laureaci &nbsp;b\u0119d\u0105 uczestniczy\u0107 w wycieczce \u201e\u015aladami Niepodleg\u0142ej\u201d zorganizowanej specjalnie na t\u0119 okazj\u0119.<\/span><\/span><\/p>\n<p>&nbsp;<\/p>\n<p class=\"western\" style=\"text-align: center;\" align=\"center\"><strong><span style=\"font-family: Times New Roman, serif;\"><span style=\"font-size: medium;\"><i>NIEPODLEG\u0141A NA SPORTOWO<\/i><\/span><\/span><\/strong><\/p>\n<p class=\"western\" style=\"text-align: justify;\"><span style=\"font-family: Times New Roman, serif;\"><span style=\"font-size: medium;\">Poniewa\u017c \u201eW zdrowym ciele zdrowy duch\u201d pragniemy uczci\u0107 \u015bwi\u0119towanie na sportowo ,dlatego zaanga\u017cujemy uczni\u00f3w w turniej sprawno\u015bciowy \u201eNiepodleg\u0142ej\u201d, kt\u00f3ry odb\u0119dzie si\u0119 w listopadzie.<\/span><\/span><\/p>\n<p class=\"western\" style=\"text-align: justify;\"><span style=\"font-family: Times New Roman, serif;\"><span style=\"font-size: medium;\">Czeka nas du\u017co niespodzianek, zapraszamy do w\u0142\u0105czenia si\u0119 w nasze dzia\u0142ania.<\/span><\/span><\/p>\n<p class=\"western\" style=\"text-align: justify;\"><span style=\"font-family: Times New Roman, serif;\"><span style=\"font-size: medium;\">Dzia\u0142ania w ramach programu \u201eGodno\u015b\u0107 ,Wolno\u015b\u0107, Niepodleg\u0142o\u015b\u0107\u201d sfinansowano ze \u015brodk\u00f3w Ministra Edukacji Narodowej w ramach Programu Wieloletniego NIEPODLEG\u0141A na lata 2017-2021.<\/span><\/span><\/p>\n<p>&nbsp;<\/p>\n<hr>\n<p style=\"text-align: center;\">REALIZACJA PROJEKTU<\/p>\n<hr>\n<p>Ca\u0142a spo\u0142eczno\u015b\u0107 naszej szko\u0142y anga\u017cuje si\u0119 w przygotowania do obchod\u00f3w 100 rocznicy odzyskania niepodleg\u0142o\u015bci przez Polsk\u0119.<\/p>\nngg_shortcode_0_placeholder\n<p style=\"text-align: justify;\"><em><strong><span style=\"font-family: 'times new roman', times, serif; font-size: 12pt;\">Mieszka\u0144cy Wejherowa &#8211; 100 lat temu Polska wr\u00f3ci\u0142a na map\u0119 \u015bwiata!<\/span><\/strong><\/em><\/p>\n<p style=\"text-align: justify;\"><span style=\"font-family: 'times new roman', times, serif; font-size: 12pt;\">W dniach 7 i 9 listopada 2018r. grupa uczni\u00f3w klas VIII pod opiek\u0105 p. Arendt i p.Albeckiej je\u017adzi\u0142a autobusami MZK obwieszczaj\u0105c wszystkim radosn\u0105 wie\u015b\u0107 &#8211; Polska wr\u00f3ci\u0142a na map\u0119 \u015bwiata! Marsza\u0142ek Pi\u0142sudski, Tadeusz Ko\u015bciuszki i uczniowie ubrani w stroje z epoki mi\u0119dzywojennej, wzbudzali wielkie zainteresowanie pasa\u017cer\u00f3w i mieszka\u0144c\u00f3w miasta. \u015apiewane przez uczni\u00f3w pie\u015bni patriotyczne wywo\u0142ywa\u0142y wspomnienia i \u0142zy wzruszenia.Wiele os\u00f3b podejmowa\u0142o wsp\u00f3lny \u015bpiew i brawami nagradza\u0142o inicjatyw\u0119 uczni\u00f3w. Du\u017cym zainteresowanie cieszy\u0142a si\u0119 okoliczno\u015bciowa gazetka promuj\u0105ca nasz\u0105 szko\u0142\u0119, w kt\u00f3rej umieszczono wszystkie dzia\u0142ania zwi\u0105zane ze stuleciem odzyskania Niepodleg\u0142o\u015bci.<\/span><\/p>\n<p style=\"text-align: justify;\"><span style=\"font-family: 'times new roman', times, serif; font-size: 12pt;\">Dodatkowo, nasza grupa &#8222;autobusowa &#8221; w dniu 9 listopada 2018r. odwiedzi\u0142a dzieci z Przedszkola &#8222;Urwis&#8221;. i tam Pi\u0142sudski obwie\u015bci\u0142 odzyskanie niepodleg\u0142o\u015bci przed stu laty przez pa\u0144stwo polskie, a Tadeusz Ko\u015bciuszko, kt\u00f3ry t\u0119 walk\u0119 zapocz\u0105tkowa\u0142, zosta\u0142 przedstawiony w hymnie szkolnym.Wizycie towarzyszy\u0142y pie\u015bni patriotyczne i wsp\u00f3lne z przedszkolakami wykonanie &#8222;Piechoty&#8221;.<\/span><\/p>\n<p style=\"text-align: justify;\"><span style=\"font-family: 'times new roman', times, serif; font-size: 12pt;\">Przechodz\u0105c z jednej linii autobusowej na drug\u0105 ,przystawali\u015bmy w r\u00f3\u017cnych punktach miasta i \u015bpiewali\u015bmy o Legionach i u\u0142anach, obwieszczaj\u0105c mieszka\u0144com to radosne \u015bwi\u0119to. Brawa i ciep\u0142e s\u0142owa pod adresem uczni\u00f3w by\u0142y dla nas najwi\u0119ksz\u0105 nagrod\u0105.<\/span><\/p>\nngg_shortcode_1_placeholder\n<p><span style=\"font-family: 'times new roman', times, serif; font-size: 12pt;\">7 i 9 listopada 2018r. klasy m\u0142odsze odwiedzi\u0142a grupa uczni\u00f3w z Tadeuszem Ko\u015bciuszk\u0105 i J\u00f3zefem Pi\u0142sudskim na czele. Uczniowie byli ubrani w stroje z epoki mi\u0119dzywojennej i wyposa\u017ceni w bia\u0142o-czerwone flagi. W czasie kr\u00f3tkiej inscenizacji, kt\u00f3r\u0105 rozpocz\u0105\u0142 sprzedawca gazet, Marsza\u0142ek J\u00f3zef Pi\u0142sudski obwie\u015bci\u0142 powstanie niepodleg\u0142ej Polski.<\/span><\/p>\n<p><span style=\"font-family: 'times new roman', times, serif; font-size: 12pt;\">Mini konkurs historyczny ze znajomo\u015bci najwa\u017cniejszych wydarze\u0144 z dziej\u00f3w Polski zako\u0144czy\u0142 si\u0119 koncertem pie\u015bni patriotycznych, do kt\u00f3rego klasy m\u0142odsze w\u0142\u0105czy\u0142y si\u0119 z wielk\u0105 rado\u015bci\u0105.<\/span><\/p>\nngg_shortcode_2_placeholder\n","protected":false},"excerpt":{"rendered":"<p>&nbsp; &nbsp; &nbsp; Szko\u0142a Podstawowa nr 6 w Wejherowie aktywnie w\u0142\u0105cza si\u0119 w \u015bwi\u0119towanie 100-lecia odzyskania przez Polsk\u0119 niepodleg\u0142o\u015bci. &nbsp; WYSTAWA Uczniowie Szko\u0142y Podstawowej nr 6 w Wejherowie zaanga\u017cowani zostali w zbi\u00f3rk\u0119 pami\u0105tek zwi\u0105zanych z odzyskaniem przez Polsk\u0119 niepodleg\u0142o\u015bci, budow\u0105 wolnego pa\u0144stwa oraz II wojn\u0105 \u015bwiatow\u0105. Efekty ich dzia\u0142a\u0144 przedstawione zostan\u0105 w formie wystawy w&hellip;<\/p>\n","protected":false},"author":1,"featured_media":0,"parent":0,"menu_order":0,"comment_status":"closed","ping_status":"closed","template":"","meta":{"ngg_post_thumbnail":0,"footnotes":"","_links_to":"","_links_to_target":""},"class_list":["post-399","page","type-page","status-publish","hentry"],"_links":{"self":[{"href":"https:\/\/sp6wejherowo.pl\/index.php?rest_route=\/wp\/v2\/pages\/399","targetHints":{"allow":["GET"]}}],"collection":[{"href":"https:\/\/sp6wejherowo.pl\/index.php?rest_route=\/wp\/v2\/pages"}],"about":[{"href":"https:\/\/sp6wejherowo.pl\/index.php?rest_route=\/wp\/v2\/types\/page"}],"author":[{"embeddable":true,"href":"https:\/\/sp6wejherowo.pl\/index.php?rest_route=\/wp\/v2\/users\/1"}],"replies":[{"embeddable":true,"href":"https:\/\/sp6wejherowo.pl\/index.php?rest_route=%2Fwp%2Fv2%2Fcomments&post=399"}],"version-history":[{"count":12,"href":"https:\/\/sp6wejherowo.pl\/index.php?rest_route=\/wp\/v2\/pages\/399\/revisions"}],"predecessor-version":[{"id":902,"href":"https:\/\/sp6wejherowo.pl\/index.php?rest_route=\/wp\/v2\/pages\/399\/revisions\/902"}],"wp:attachment":[{"href":"https:\/\/sp6wejherowo.pl\/index.php?rest_route=%2Fwp%2Fv2%2Fmedia&parent=399"}],"curies":[{"name":"wp","href":"https:\/\/api.w.org\/{rel}","templated":true}]}}