{"id":2747,"date":"2019-11-04T13:32:41","date_gmt":"2019-11-04T13:32:41","guid":{"rendered":"http:\/\/sp6wejherowo.pl\/?page_id=2747"},"modified":"2024-09-22T10:20:29","modified_gmt":"2024-09-22T10:20:29","slug":"procedury-ogolne","status":"publish","type":"page","link":"https:\/\/sp6wejherowo.pl\/?page_id=2747","title":{"rendered":"Procedury og\u00f3lne"},"content":{"rendered":"<p style=\"text-align: center;\"><a href=\"https:\/\/sp6wejherowo.pl\/wp-content\/uploads\/2019\/11\/Procedura-powiadamiania-rodzic\u00f3w-o-ocenach-\u015br\u00f3drocznych.pdf\" target=\"_blank\" rel=\"noopener noreferrer\"><span style=\"font-size: 10pt;\">Procedura powiadamiania rodzic\u00f3w o ocenach \u015br\u00f3drocznych<\/span><\/a><\/p>\n<p style=\"text-align: center;\"><a href=\"https:\/\/sp6wejherowo.pl\/wp-content\/uploads\/2024\/08\/Procedura-adaptacyjna-dziecka-z-grupy-przedszkolnej.pdf\" target=\"_blank\" rel=\"noopener noreferrer\"><span style=\"font-size: 10pt;\">Procedura procesu adaptacyjnego dziecka obj\u0119tego rocznym przygotowaniem przedszkolnym<\/span><\/a><\/p>\n<p style=\"text-align: center;\"><a href=\"https:\/\/sp6wejherowo.pl\/wp-content\/uploads\/2024\/08\/Procedura-adaptacyjna-ucznia-klasy-pierwszej.pdf\" target=\"_blank\" rel=\"noopener noreferrer\"><span style=\"font-size: 10pt;\">Procedura procesu adaptacyjnego uczni\u00f3w klas pierwszych<\/span><\/a><\/p>\n<p style=\"text-align: center;\"><a href=\"https:\/\/sp6wejherowo.pl\/wp-content\/uploads\/2024\/09\/procedura-adaptacyjna-dla-klIV-2.doc\" target=\"_blank\" rel=\"noopener noreferrer\"><span style=\"font-size: 10pt;\">Procedura procesu adaptacyjnego uczni\u00f3w klas czwartych<\/span><\/a><\/p>\n<p style=\"text-align: center;\"><a href=\"https:\/\/sp6wejherowo.pl\/wp-content\/uploads\/2019\/11\/Procedura-przyjmowania-i-realizacji-pism-od-rodzic\u00f3w.pdf\" target=\"_blank\" rel=\"noopener noreferrer\"><span style=\"font-size: 10pt;\">Procedura przyjmowania i realizacji pism od rodzic\u00f3w<\/span><\/a><\/p>\n<p style=\"text-align: center;\"><a href=\"https:\/\/sp6wejherowo.pl\/wp-content\/uploads\/2019\/11\/Procedura-rozpatrywania-skarg-i-wniosk\u00f3w.pdf\" target=\"_blank\" rel=\"noopener noreferrer\"><span style=\"font-size: 10pt;\">Procedura rozpatrywania skarg i wniosk\u00f3w<\/span><\/a><\/p>\n<p style=\"text-align: center;\"><a href=\"https:\/\/sp6wejherowo.pl\/wp-content\/uploads\/2019\/11\/Procedura-wydawania-opinii-o-uczniu.pdf\" target=\"_blank\" rel=\"noopener noreferrer\"><span style=\"font-size: 10pt;\">Procedura wydawania opinii o uczniu<\/span><\/a><\/p>\n<p style=\"text-align: center;\"><a href=\"https:\/\/sp6wejherowo.pl\/wp-content\/uploads\/2019\/11\/Procedura-zwalniania-uczni\u00f3w-z-zaj\u0119\u0107-szkolnych.pdf\" target=\"_blank\" rel=\"noopener noreferrer\"><span style=\"font-size: 10pt;\">Procedura zwalniania uczni\u00f3w z zaj\u0119\u0107 szkolnych<\/span><\/a><\/p>\n<p style=\"text-align: center;\"><a href=\"https:\/\/sp6wejherowo.pl\/wp-content\/uploads\/2019\/11\/SKM_C454e19111911270.pdf\"><span style=\"font-size: 10pt;\">Procedura post\u0119powania w przypadku stwierdzenia wszawicy w szkole<\/span><\/a><\/p>\n<p style=\"text-align: center;\"><a href=\"https:\/\/sp6wejherowo.pl\/wp-content\/uploads\/2024\/09\/proczajwyr2425.pdf\"><span style=\"font-size: 10pt;\">Procedura kontrolowania frekwencji uczni\u00f3w na zaj\u0119ciach wyr\u00f3wnawczych<\/span><\/a><\/p>\n<p style=\"text-align: center;\"><a href=\"https:\/\/sp6wejherowo.pl\/wp-content\/uploads\/2020\/10\/Procedura_zdalne_nauczanie.pdf\" target=\"_blank\" rel=\"noopener noreferrer\"><span style=\"font-size: 10pt;\">Procedura zdalnego nauczania<\/span><\/a><\/p>\n<p style=\"text-align: center;\"><a href=\"https:\/\/sp6wejherowo.pl\/wp-content\/uploads\/2023\/09\/Procedura-organizacji-i-dokumentowania-zajec-WzR.pdf\"><span style=\"font-size: 10pt;\">Procedura organizacji i dokumentowania zaj\u0119\u0107 \u201eWychowanie do \u017cycia w rodzinie\u201d<\/span><\/a><\/p>\n<p style=\"text-align: center;\"><span style=\"font-size: 10pt;\"><a href=\"https:\/\/sp6wejherowo.pl\/wp-content\/uploads\/2024\/08\/Regulamin-korzystania-z-szatni.pdf\">Regulamin korzystania z szatni szkolnej<\/a><\/span><\/p>\n<p>&nbsp;<\/p>\n","protected":false},"excerpt":{"rendered":"<p>Procedura powiadamiania rodzic\u00f3w o ocenach \u015br\u00f3drocznych Procedura procesu adaptacyjnego dziecka obj\u0119tego rocznym przygotowaniem przedszkolnym Procedura procesu adaptacyjnego uczni\u00f3w klas pierwszych Procedura procesu adaptacyjnego uczni\u00f3w klas czwartych Procedura przyjmowania i realizacji pism od rodzic\u00f3w Procedura rozpatrywania skarg i wniosk\u00f3w Procedura wydawania opinii o uczniu Procedura zwalniania uczni\u00f3w z zaj\u0119\u0107 szkolnych Procedura post\u0119powania w przypadku stwierdzenia wszawicy&hellip;<\/p>\n","protected":false},"author":1,"featured_media":0,"parent":0,"menu_order":0,"comment_status":"closed","ping_status":"closed","template":"","meta":{"ngg_post_thumbnail":0,"footnotes":"","_links_to":"","_links_to_target":""},"class_list":["post-2747","page","type-page","status-publish","hentry"],"_links":{"self":[{"href":"https:\/\/sp6wejherowo.pl\/index.php?rest_route=\/wp\/v2\/pages\/2747","targetHints":{"allow":["GET"]}}],"collection":[{"href":"https:\/\/sp6wejherowo.pl\/index.php?rest_route=\/wp\/v2\/pages"}],"about":[{"href":"https:\/\/sp6wejherowo.pl\/index.php?rest_route=\/wp\/v2\/types\/page"}],"author":[{"embeddable":true,"href":"https:\/\/sp6wejherowo.pl\/index.php?rest_route=\/wp\/v2\/users\/1"}],"replies":[{"embeddable":true,"href":"https:\/\/sp6wejherowo.pl\/index.php?rest_route=%2Fwp%2Fv2%2Fcomments&post=2747"}],"version-history":[{"count":12,"href":"https:\/\/sp6wejherowo.pl\/index.php?rest_route=\/wp\/v2\/pages\/2747\/revisions"}],"predecessor-version":[{"id":7835,"href":"https:\/\/sp6wejherowo.pl\/index.php?rest_route=\/wp\/v2\/pages\/2747\/revisions\/7835"}],"wp:attachment":[{"href":"https:\/\/sp6wejherowo.pl\/index.php?rest_route=%2Fwp%2Fv2%2Fmedia&parent=2747"}],"curies":[{"name":"wp","href":"https:\/\/api.w.org\/{rel}","templated":true}]}}