{"id":2745,"date":"2019-11-04T13:22:22","date_gmt":"2019-11-04T13:22:22","guid":{"rendered":"http:\/\/sp6wejherowo.pl\/?page_id=2745"},"modified":"2019-11-07T08:41:18","modified_gmt":"2019-11-07T08:41:18","slug":"procedury-dotyczace-obserwacji-zajec","status":"publish","type":"page","link":"https:\/\/sp6wejherowo.pl\/?page_id=2745","title":{"rendered":"Procedury dotycz\u0105ce obserwacji zaj\u0119\u0107"},"content":{"rendered":"<p style=\"text-align: center;\"><a href=\"https:\/\/sp6wejherowo.pl\/wp-content\/uploads\/2019\/11\/Procedura-obserwacji-zaj\u0119\u0107-w-SP-6-Wejherowo-1.pdf\" target=\"_blank\" rel=\"noopener noreferrer\"><span style=\"font-size: 10pt;\">Procedura obserwacji zaj\u0119\u0107 w SP nr 6 w Wejherowie<\/span><\/a><\/p>\n<p style=\"text-align: center;\"><a href=\"https:\/\/sp6wejherowo.pl\/wp-content\/uploads\/2019\/11\/Za\u0142\u0105cznik-1-Kwestionariusz-poprzedzaj\u0105cy-obserwacj\u0119-1.pdf\" target=\"_blank\" rel=\"noopener noreferrer\"><span style=\"font-size: 10pt;\">Za\u0142\u0105cznik 1 &#8211; Kwestionariusz poprzedzaj\u0105cy obserwacj\u0119<\/span><\/a><\/p>\n<p style=\"text-align: center;\"><a href=\"https:\/\/sp6wejherowo.pl\/wp-content\/uploads\/2019\/11\/Za\u0142\u0105cznik-2-Arkusz-obserwacji-lekcji-1.pdf\" target=\"_blank\" rel=\"noopener noreferrer\"><span style=\"font-size: 10pt;\">Za\u0142\u0105cznik 2 &#8211; Arkusz obserwacji lekcji<\/span><\/a><\/p>\n<p style=\"text-align: center;\"><a href=\"https:\/\/sp6wejherowo.pl\/wp-content\/uploads\/2019\/11\/Za\u0142\u0105cznik-3-Arkusz-obserwacji-nauczyciela-wspomagaj\u0105cego.pdf\" target=\"_blank\" rel=\"noopener noreferrer\"><span style=\"font-size: 10pt;\">Za\u0142\u0105cznik 3 &#8211; Arkusz obserwacji nauczyciela wspomagaj\u0105cego<\/span><\/a><\/p>\n<p style=\"text-align: center;\"><a href=\"https:\/\/sp6wejherowo.pl\/wp-content\/uploads\/2019\/11\/Za\u0142\u0105cznik-4-Arkusz-obserwacji-zaj\u0119\u0107-wdra\u017canie-nowej-podstawy-programowej.pdf\" target=\"_blank\" rel=\"noopener noreferrer\"><span style=\"font-size: 10pt;\">Za\u0142\u0105cznik 4 &#8211; Arkusz obserwacji zaj\u0119\u0107 &#8211; wdra\u017canie nowej podstawy programowej<\/span><\/a><\/p>\n<p style=\"text-align: center;\"><a href=\"https:\/\/sp6wejherowo.pl\/wp-content\/uploads\/2019\/11\/Za\u0142\u0105cznik-5-Arkusz-obserwacji-zaj\u0119\u0107-pozalekcyjnych.pdf\" target=\"_blank\" rel=\"noopener noreferrer\"><span style=\"font-size: 10pt;\">Za\u0142\u0105cznik 5 &#8211; Arkusz obserwacji zaj\u0119\u0107 pozalekcyjnych<\/span><\/a><\/p>\n<p style=\"text-align: center;\"><a href=\"https:\/\/sp6wejherowo.pl\/wp-content\/uploads\/2019\/11\/Za\u0142\u0105cznik-6-Arkusz-realizacja-zaj\u0119\u0107-z-pomocy-PP.pdf\" target=\"_blank\" rel=\"noopener noreferrer\"><span style=\"font-size: 10pt;\">Za\u0142\u0105cznik 6 &#8211; Arkusz &#8211; Realizacja zaj\u0119\u0107 z pomocy PP<\/span><\/a><\/p>\n<p style=\"text-align: center;\"><a href=\"https:\/\/sp6wejherowo.pl\/wp-content\/uploads\/2019\/11\/Za\u0142\u0105cznik-7-Arkusz-obserwacji-zebrania-z-rodzicami-1.pdf\" target=\"_blank\" rel=\"noopener noreferrer\"><span style=\"font-size: 10pt;\">Za\u0142\u0105cznik 7 &#8211; Arkusz obserwacji zabrania z rodzicami<\/span><\/a><\/p>\n<p style=\"text-align: center;\"><a href=\"https:\/\/sp6wejherowo.pl\/wp-content\/uploads\/2019\/11\/Za\u0142\u0105cznik-8-Arkusz-obserwacji-uroczystosci-szkolnej-1.pdf\" target=\"_blank\" rel=\"noopener noreferrer\"><span style=\"font-size: 10pt;\">Za\u0142\u0105cznik 8 &#8211; Arkusz obserwacji uroczysto\u015bci szkolnej<\/span><\/a><\/p>\n","protected":false},"excerpt":{"rendered":"<p>Procedura obserwacji zaj\u0119\u0107 w SP nr 6 w Wejherowie Za\u0142\u0105cznik 1 &#8211; Kwestionariusz poprzedzaj\u0105cy obserwacj\u0119 Za\u0142\u0105cznik 2 &#8211; Arkusz obserwacji lekcji Za\u0142\u0105cznik 3 &#8211; Arkusz obserwacji nauczyciela wspomagaj\u0105cego Za\u0142\u0105cznik 4 &#8211; Arkusz obserwacji zaj\u0119\u0107 &#8211; wdra\u017canie nowej podstawy programowej Za\u0142\u0105cznik 5 &#8211; Arkusz obserwacji zaj\u0119\u0107 pozalekcyjnych Za\u0142\u0105cznik 6 &#8211; Arkusz &#8211; Realizacja zaj\u0119\u0107 z pomocy&hellip;<\/p>\n","protected":false},"author":1,"featured_media":0,"parent":0,"menu_order":0,"comment_status":"closed","ping_status":"closed","template":"","meta":{"ngg_post_thumbnail":0,"footnotes":"","_links_to":"","_links_to_target":""},"class_list":["post-2745","page","type-page","status-publish","hentry"],"_links":{"self":[{"href":"https:\/\/sp6wejherowo.pl\/index.php?rest_route=\/wp\/v2\/pages\/2745","targetHints":{"allow":["GET"]}}],"collection":[{"href":"https:\/\/sp6wejherowo.pl\/index.php?rest_route=\/wp\/v2\/pages"}],"about":[{"href":"https:\/\/sp6wejherowo.pl\/index.php?rest_route=\/wp\/v2\/types\/page"}],"author":[{"embeddable":true,"href":"https:\/\/sp6wejherowo.pl\/index.php?rest_route=\/wp\/v2\/users\/1"}],"replies":[{"embeddable":true,"href":"https:\/\/sp6wejherowo.pl\/index.php?rest_route=%2Fwp%2Fv2%2Fcomments&post=2745"}],"version-history":[{"count":10,"href":"https:\/\/sp6wejherowo.pl\/index.php?rest_route=\/wp\/v2\/pages\/2745\/revisions"}],"predecessor-version":[{"id":3409,"href":"https:\/\/sp6wejherowo.pl\/index.php?rest_route=\/wp\/v2\/pages\/2745\/revisions\/3409"}],"wp:attachment":[{"href":"https:\/\/sp6wejherowo.pl\/index.php?rest_route=%2Fwp%2Fv2%2Fmedia&parent=2745"}],"curies":[{"name":"wp","href":"https:\/\/api.w.org\/{rel}","templated":true}]}}