{"id":2740,"date":"2019-11-04T13:03:06","date_gmt":"2019-11-04T13:03:06","guid":{"rendered":"http:\/\/sp6wejherowo.pl\/?page_id=2740"},"modified":"2024-08-30T07:03:09","modified_gmt":"2024-08-30T07:03:09","slug":"procedury-dotyczace-bezpieczenstwa","status":"publish","type":"page","link":"https:\/\/sp6wejherowo.pl\/?page_id=2740","title":{"rendered":"Procedury dotycz\u0105ce bezpiecze\u0144stwa"},"content":{"rendered":"<p style=\"text-align: center;\"><a href=\"https:\/\/sp6wejherowo.pl\/wp-content\/uploads\/2024\/08\/Procedura-przebywania-uczniow-rodzicow-i-osob-obcych-na-terenie-szkoly.pdf\">Procedura przebywania uczni\u00f3w, rodzic\u00f3w i os\u00f3b obcych na terenie szko\u0142y<\/a><\/p>\n<p style=\"text-align: center;\"><a href=\"https:\/\/sp6wejherowo.pl\/wp-content\/uploads\/2019\/11\/Procedura-post\u0119powania-gdy-ucze\u0144-jest-pod-wp\u0142ywem-alkoholu.pdf\" target=\"_blank\" rel=\"noopener noreferrer\"><span style=\"font-size: 10pt;\">Procedura post\u0119powania, gdy ucze\u0144 jest pod wp\u0142ywem alkoholu<\/span><\/a><\/p>\n<p style=\"text-align: center;\"><a href=\"https:\/\/sp6wejherowo.pl\/wp-content\/uploads\/2019\/11\/Procedura-post\u0119powania-gdy-ucze\u0144-jest-w-posiadaniu-substancji-psychoaktywnej.pdf\" target=\"_blank\" rel=\"noopener noreferrer\"><span style=\"font-size: 10pt;\">Procedura post\u0119powania, gdy ucze\u0144 jest w posiadaniu substancji psychoaktywnej<\/span><\/a><\/p>\n<p style=\"text-align: center;\"><a href=\"https:\/\/sp6wejherowo.pl\/wp-content\/uploads\/2019\/11\/Procedura-post\u0119powania-gdy-ucze\u0144-narusza-godno\u015b\u0107-osobist\u0105-nauczyciela.pdf\" target=\"_blank\" rel=\"noopener noreferrer\"><span style=\"font-size: 10pt;\">Procedura post\u0119powania, gdy ucze\u0144 narusza godno\u015b\u0107 osobist\u0105 nauczyciela<\/span><\/a><\/p>\n<p style=\"text-align: center;\"><a href=\"https:\/\/sp6wejherowo.pl\/wp-content\/uploads\/2019\/11\/Procedura-post\u0119powania-gdy-ucze\u0144-\u017ale-si\u0119-czuje-na-lekcji.pdf\" target=\"_blank\" rel=\"noopener noreferrer\"><span style=\"font-size: 10pt;\">Procedura post\u0119powania, gdy ucze\u0144 \u017ale si\u0119 czuje na lekcji<\/span><\/a><\/p>\n<p style=\"text-align: center;\"><a href=\"https:\/\/sp6wejherowo.pl\/wp-content\/uploads\/2019\/11\/Procedura-post\u0119powania-gdy-wydarzy-si\u0119-wypadek.pdf\" target=\"_blank\" rel=\"noopener noreferrer\"><span style=\"font-size: 10pt;\">Procedura post\u0119powania, gdy wydarzy si\u0119 wypadek<\/span><\/a><\/p>\n<p style=\"text-align: center;\"><a href=\"https:\/\/sp6wejherowo.pl\/wp-content\/uploads\/2019\/11\/Procedura-post\u0119powania-w-przypadku-zak\u0142\u00f3cania-przez-ucznia-toku-lekcji.pdf\" target=\"_blank\" rel=\"noopener noreferrer\"><span style=\"font-size: 10pt;\">Procedura post\u0119powania w przypadku zak\u0142\u00f3cania przez ucznia toku lekcji<\/span><\/a><\/p>\n<p style=\"text-align: center;\"><a href=\"https:\/\/sp6wejherowo.pl\/wp-content\/uploads\/2019\/11\/procedura-post\u0119powania-wobec-ofiary-czynu-karalnego.pdf\" target=\"_blank\" rel=\"noopener noreferrer\"><span style=\"font-size: 10pt;\">Procedura post\u0119powania wobec ofiary czynu karalnego<\/span><\/a><\/p>\n<p style=\"text-align: center;\"><a href=\"https:\/\/sp6wejherowo.pl\/wp-content\/uploads\/2019\/11\/Procedura-post\u0119powania-wobec-sprawcy-czynu-karalnego.pdf\" target=\"_blank\" rel=\"noopener noreferrer\"><span style=\"font-size: 10pt;\">Procedura post\u0119powania wobec sprawcy czynu karalnego<\/span><\/a><\/p>\n<p style=\"text-align: center;\"><a href=\"https:\/\/sp6wejherowo.pl\/wp-content\/uploads\/2019\/11\/Procedura-post\u0119powania-z-dzieckiem-przewlekle-chorym.pdf\" target=\"_blank\" rel=\"noopener noreferrer\"><span style=\"font-size: 10pt;\">Procedura post\u0119powania z dzieckiem przewlekle chorym<\/span><\/a><\/p>\n<p style=\"text-align: center;\"><a href=\"https:\/\/sp6wejherowo.pl\/wp-content\/uploads\/2019\/11\/s-03.pdf\"><span style=\"font-size: 10pt;\">Procedura post\u0119powania w razie sytuacji realnego zagro\u017cenia pr\u00f3ba samob\u00f3jcz\u0105<\/span><\/a><\/p>\n<p style=\"text-align: center;\"><a href=\"https:\/\/sp6wejherowo.pl\/wp-content\/uploads\/2019\/11\/s-02.pdf\"><span style=\"font-size: 10pt;\">Procedura reagowania na epizod psychotyczny ucznia oraz dzia\u0142anie wobec ucznia po leczeniu szpitalnym\/psychiatrycznym<\/span><\/a><\/p>\n<p style=\"text-align: center;\"><a href=\"https:\/\/sp6wejherowo.pl\/wp-content\/uploads\/2019\/11\/s-01.pdf\" target=\"_blank\" rel=\"noopener noreferrer\"><span style=\"font-size: 10pt;\">Procedura na wypadek zagro\u017cenia atakiem terrorystycznym<\/span><\/a><\/p>\n<p style=\"text-align: center;\"><a href=\"https:\/\/sp6wejherowo.pl\/wp-content\/uploads\/2020\/08\/SKM_C454e20083110520.pdf\" target=\"_blank\" rel=\"noopener noreferrer\"><span style=\"font-size: 10pt;\">Procedury funkcjonowania szko\u0142y w okresie epidemii<\/span><\/a><\/p>\n<p style=\"text-align: center;\"><a href=\"https:\/\/sp6wejherowo.pl\/wp-content\/uploads\/2020\/09\/Procedura-na-wypadek-podejrzenia-zaka\u017cenia.pdf\" target=\"_blank\" rel=\"noopener noreferrer\"><span style=\"font-size: 10pt;\">Procedura post\u0119powania na wypadek podejrzenia zaka\u017cenia koronawirusem lub zachorowania na COVID-19<\/span><\/a><\/p>\n","protected":false},"excerpt":{"rendered":"<p>Procedura przebywania uczni\u00f3w, rodzic\u00f3w i os\u00f3b obcych na terenie szko\u0142y Procedura post\u0119powania, gdy ucze\u0144 jest pod wp\u0142ywem alkoholu Procedura post\u0119powania, gdy ucze\u0144 jest w posiadaniu substancji psychoaktywnej Procedura post\u0119powania, gdy ucze\u0144 narusza godno\u015b\u0107 osobist\u0105 nauczyciela Procedura post\u0119powania, gdy ucze\u0144 \u017ale si\u0119 czuje na lekcji Procedura post\u0119powania, gdy wydarzy si\u0119 wypadek Procedura post\u0119powania w przypadku zak\u0142\u00f3cania&hellip;<\/p>\n","protected":false},"author":1,"featured_media":0,"parent":0,"menu_order":0,"comment_status":"closed","ping_status":"closed","template":"","meta":{"ngg_post_thumbnail":0,"footnotes":"","_links_to":"","_links_to_target":""},"class_list":["post-2740","page","type-page","status-publish","hentry"],"_links":{"self":[{"href":"https:\/\/sp6wejherowo.pl\/index.php?rest_route=\/wp\/v2\/pages\/2740","targetHints":{"allow":["GET"]}}],"collection":[{"href":"https:\/\/sp6wejherowo.pl\/index.php?rest_route=\/wp\/v2\/pages"}],"about":[{"href":"https:\/\/sp6wejherowo.pl\/index.php?rest_route=\/wp\/v2\/types\/page"}],"author":[{"embeddable":true,"href":"https:\/\/sp6wejherowo.pl\/index.php?rest_route=\/wp\/v2\/users\/1"}],"replies":[{"embeddable":true,"href":"https:\/\/sp6wejherowo.pl\/index.php?rest_route=%2Fwp%2Fv2%2Fcomments&post=2740"}],"version-history":[{"count":17,"href":"https:\/\/sp6wejherowo.pl\/index.php?rest_route=\/wp\/v2\/pages\/2740\/revisions"}],"predecessor-version":[{"id":7803,"href":"https:\/\/sp6wejherowo.pl\/index.php?rest_route=\/wp\/v2\/pages\/2740\/revisions\/7803"}],"wp:attachment":[{"href":"https:\/\/sp6wejherowo.pl\/index.php?rest_route=%2Fwp%2Fv2%2Fmedia&parent=2740"}],"curies":[{"name":"wp","href":"https:\/\/api.w.org\/{rel}","templated":true}]}}