{"id":247,"date":"2018-10-02T20:41:49","date_gmt":"2018-10-02T20:41:49","guid":{"rendered":"http:\/\/nowa.sp6wejherowo.pl\/?page_id=247"},"modified":"2025-03-11T12:31:28","modified_gmt":"2025-03-11T12:31:28","slug":"regulaminy","status":"publish","type":"page","link":"https:\/\/sp6wejherowo.pl\/?page_id=247","title":{"rendered":"Regulaminy"},"content":{"rendered":"<p style=\"text-align: center;\"><a href=\"https:\/\/sp6wejherowo.pl\/wp-content\/uploads\/2019\/11\/Regulamin-organizacji-wycieczek-szkolnych.pdf\" target=\"_blank\" rel=\"noopener noreferrer\"><span style=\"font-size: 12pt;\">Regulamin organizacji wycieczek szkolnych<\/span><\/a><\/p>\n<p style=\"text-align: center;\"><a href=\"https:\/\/sp6wejherowo.pl\/wp-content\/uploads\/2025\/03\/Regulamin-korzystania-z-darmowych-podrecznikow-i-materialow-edukacyjnych-w-Szkole-Podstawowej-nr-6-w-Wejherowie.pdf\"><span style=\"font-size: 12pt;\">Regulamin korzystania z darmowych podr\u0119cznik\u00f3w i materia\u0142\u00f3w edukacyjnych<\/span><\/a><\/p>\n<p style=\"text-align: center;\"><a href=\"https:\/\/sp6wejherowo.pl\/wp-content\/uploads\/2018\/10\/Regulamin_korzystania_z_darmowych_podr\u0119cznik\u00f3w_i_materia\u0142\u00f3w_edukacyjnych_w_Szkole_Podstawowej_nr_6_w_Wejherowie.pdf\"><span style=\"font-size: 12pt;\">w Szkole Podstawowej nr 6 w Wejherowie<\/span><\/a><\/p>\n","protected":false},"excerpt":{"rendered":"<p>Regulamin organizacji wycieczek szkolnych Regulamin korzystania z darmowych podr\u0119cznik\u00f3w i materia\u0142\u00f3w edukacyjnych w Szkole Podstawowej nr 6 w Wejherowie<\/p>\n","protected":false},"author":1,"featured_media":0,"parent":0,"menu_order":0,"comment_status":"closed","ping_status":"closed","template":"","meta":{"ngg_post_thumbnail":0,"footnotes":"","_links_to":"","_links_to_target":""},"class_list":["post-247","page","type-page","status-publish","hentry"],"_links":{"self":[{"href":"https:\/\/sp6wejherowo.pl\/index.php?rest_route=\/wp\/v2\/pages\/247","targetHints":{"allow":["GET"]}}],"collection":[{"href":"https:\/\/sp6wejherowo.pl\/index.php?rest_route=\/wp\/v2\/pages"}],"about":[{"href":"https:\/\/sp6wejherowo.pl\/index.php?rest_route=\/wp\/v2\/types\/page"}],"author":[{"embeddable":true,"href":"https:\/\/sp6wejherowo.pl\/index.php?rest_route=\/wp\/v2\/users\/1"}],"replies":[{"embeddable":true,"href":"https:\/\/sp6wejherowo.pl\/index.php?rest_route=%2Fwp%2Fv2%2Fcomments&post=247"}],"version-history":[{"count":10,"href":"https:\/\/sp6wejherowo.pl\/index.php?rest_route=\/wp\/v2\/pages\/247\/revisions"}],"predecessor-version":[{"id":8004,"href":"https:\/\/sp6wejherowo.pl\/index.php?rest_route=\/wp\/v2\/pages\/247\/revisions\/8004"}],"wp:attachment":[{"href":"https:\/\/sp6wejherowo.pl\/index.php?rest_route=%2Fwp%2Fv2%2Fmedia&parent=247"}],"curies":[{"name":"wp","href":"https:\/\/api.w.org\/{rel}","templated":true}]}}