{"id":1447,"date":"2019-05-29T12:23:20","date_gmt":"2019-05-29T12:23:20","guid":{"rendered":"http:\/\/sp6wejherowo.pl\/?page_id=1447"},"modified":"2019-10-10T11:07:42","modified_gmt":"2019-10-10T11:07:42","slug":"bezpieczenstwo-uczniow","status":"publish","type":"page","link":"https:\/\/sp6wejherowo.pl\/?page_id=1447","title":{"rendered":"Bezpiecze\u0144stwo uczni\u00f3w"},"content":{"rendered":"<p style=\"text-align: center;\"><a href=\"https:\/\/sp6wejherowo.pl\/wp-content\/uploads\/2019\/05\/telefony.pdf\"><span style=\"font-size: 10pt;\">Telefony alarmowe<\/span><\/a><\/p>\n<p style=\"text-align: center;\">&#8212;&#8212;&#8212;&#8212;&#8212;&#8212;&#8212;&#8212;&#8212;&#8212;&#8212;&#8212;&#8212;&#8212;&#8212;&#8212;&#8212;&#8212;&#8212;&#8212;&#8212;&#8212;&#8212;&#8212;&#8212;&#8212;&#8212;&#8212;&#8211;<\/p>\n<p style=\"text-align: center;\"><a href=\"https:\/\/sp6wejherowo.pl\/wp-content\/uploads\/2019\/10\/MEN-i-GIS_Informacja-na-temat-zagro\u017ce\u0144-dotycz\u0105cych-e-papieros\u00f3w.pdf\"><span style=\"font-size: 10pt;\">Informacja na temat potencjalnych zagro\u017ce\u0144<\/span><\/a><\/p>\n<p style=\"text-align: center;\"><a href=\"https:\/\/sp6wejherowo.pl\/wp-content\/uploads\/2019\/10\/MEN-i-GIS_Informacja-na-temat-zagro\u017ce\u0144-dotycz\u0105cych-e-papieros\u00f3w.pdf\"><span style=\"font-size: 10pt;\"> zwi\u0105zanych <\/span><span style=\"font-size: 10pt;\">ze stosowaniem elektronicznych papieros\u00f3w<\/span><\/a><\/p>\n","protected":false},"excerpt":{"rendered":"<p>Telefony alarmowe &#8212;&#8212;&#8212;&#8212;&#8212;&#8212;&#8212;&#8212;&#8212;&#8212;&#8212;&#8212;&#8212;&#8212;&#8212;&#8212;&#8212;&#8212;&#8212;&#8212;&#8212;&#8212;&#8212;&#8212;&#8212;&#8212;&#8212;&#8212;&#8211; Informacja na temat potencjalnych zagro\u017ce\u0144 zwi\u0105zanych ze stosowaniem elektronicznych papieros\u00f3w<\/p>\n","protected":false},"author":1,"featured_media":0,"parent":0,"menu_order":0,"comment_status":"closed","ping_status":"closed","template":"","meta":{"ngg_post_thumbnail":0,"footnotes":"","_links_to":"","_links_to_target":""},"class_list":["post-1447","page","type-page","status-publish","hentry"],"_links":{"self":[{"href":"https:\/\/sp6wejherowo.pl\/index.php?rest_route=\/wp\/v2\/pages\/1447","targetHints":{"allow":["GET"]}}],"collection":[{"href":"https:\/\/sp6wejherowo.pl\/index.php?rest_route=\/wp\/v2\/pages"}],"about":[{"href":"https:\/\/sp6wejherowo.pl\/index.php?rest_route=\/wp\/v2\/types\/page"}],"author":[{"embeddable":true,"href":"https:\/\/sp6wejherowo.pl\/index.php?rest_route=\/wp\/v2\/users\/1"}],"replies":[{"embeddable":true,"href":"https:\/\/sp6wejherowo.pl\/index.php?rest_route=%2Fwp%2Fv2%2Fcomments&post=1447"}],"version-history":[{"count":5,"href":"https:\/\/sp6wejherowo.pl\/index.php?rest_route=\/wp\/v2\/pages\/1447\/revisions"}],"predecessor-version":[{"id":1622,"href":"https:\/\/sp6wejherowo.pl\/index.php?rest_route=\/wp\/v2\/pages\/1447\/revisions\/1622"}],"wp:attachment":[{"href":"https:\/\/sp6wejherowo.pl\/index.php?rest_route=%2Fwp%2Fv2%2Fmedia&parent=1447"}],"curies":[{"name":"wp","href":"https:\/\/api.w.org\/{rel}","templated":true}]}}