{"id":1433,"date":"2019-05-28T08:08:08","date_gmt":"2019-05-28T08:08:08","guid":{"rendered":"http:\/\/sp6wejherowo.pl\/?page_id=1433"},"modified":"2022-06-23T07:20:47","modified_gmt":"2022-06-23T07:20:47","slug":"praca","status":"publish","type":"page","link":"https:\/\/sp6wejherowo.pl\/?page_id=1433","title":{"rendered":"Praca"},"content":{"rendered":"<p style=\"text-align: center;\"><span style=\"font-size: 10pt;\">Og\u0142oszenie o naborze na stanowisko&nbsp;<\/span><\/p>\n<p style=\"text-align: center;\"><strong><span style=\"font-size: 10pt;\">SAMODZIELNY REFERENT<\/span><\/strong><\/p>\n<p style=\"text-align: center;\"><span style=\"font-size: 10pt;\">w Szkole Podstawowej nr 6 im. Tadeusz Ko\u015bciuszki w Wejherowie<\/span><\/p>\n<p style=\"text-align: center;\"><span style=\"font-size: 10pt; color: #0000ff;\"><a style=\"color: #0000ff;\" href=\"https:\/\/sp6wejherowo.pl\/wp-content\/uploads\/2022\/06\/ogl_konk_ref.pdf\" target=\"_blank\" rel=\"noopener noreferrer\">[POBIERZ INFORMACJE SZCZEG\u00d3\u0141OWE]<\/a><\/span><\/p>\n<p style=\"text-align: center;\"><span style=\"font-size: 10pt;\"><a href=\"https:\/\/sp6wejherowo.pl\/wp-content\/uploads\/2022\/06\/lista_kand_form.pdf\"><span style=\"color: #0000ff;\">LISTA KANDYDAT\u00d3W SPE\u0141NIAJ\u0104CYCH WYMAGANIA FORMALNE<\/span><\/a><\/span><\/p>\n<p style=\"text-align: center;\"><a href=\"https:\/\/sp6wejherowo.pl\/wp-content\/uploads\/2022\/06\/Informacja-o-wynikach-naboru.pdf\"><span style=\"font-size: 10pt;\"><span style=\"color: #0000ff;\"><span style=\"color: #3366ff;\"><span style=\"color: #0000ff;\">INFORMACJA O WYNIKACH NABORU<\/span><\/span><\/span><\/span><\/a><\/p>\n<p>&nbsp;<\/p>\n<p style=\"text-align: center;\">&nbsp;<\/p>\n","protected":false},"excerpt":{"rendered":"<p>Og\u0142oszenie o naborze na stanowisko&nbsp; SAMODZIELNY REFERENT w Szkole Podstawowej nr 6 im. Tadeusz Ko\u015bciuszki w Wejherowie [POBIERZ INFORMACJE SZCZEG\u00d3\u0141OWE] LISTA KANDYDAT\u00d3W SPE\u0141NIAJ\u0104CYCH WYMAGANIA FORMALNE INFORMACJA O WYNIKACH NABORU &nbsp; &nbsp;<\/p>\n","protected":false},"author":1,"featured_media":0,"parent":0,"menu_order":0,"comment_status":"closed","ping_status":"closed","template":"","meta":{"ngg_post_thumbnail":0,"footnotes":"","_links_to":"","_links_to_target":""},"class_list":["post-1433","page","type-page","status-publish","hentry"],"_links":{"self":[{"href":"https:\/\/sp6wejherowo.pl\/index.php?rest_route=\/wp\/v2\/pages\/1433","targetHints":{"allow":["GET"]}}],"collection":[{"href":"https:\/\/sp6wejherowo.pl\/index.php?rest_route=\/wp\/v2\/pages"}],"about":[{"href":"https:\/\/sp6wejherowo.pl\/index.php?rest_route=\/wp\/v2\/types\/page"}],"author":[{"embeddable":true,"href":"https:\/\/sp6wejherowo.pl\/index.php?rest_route=\/wp\/v2\/users\/1"}],"replies":[{"embeddable":true,"href":"https:\/\/sp6wejherowo.pl\/index.php?rest_route=%2Fwp%2Fv2%2Fcomments&post=1433"}],"version-history":[{"count":30,"href":"https:\/\/sp6wejherowo.pl\/index.php?rest_route=\/wp\/v2\/pages\/1433\/revisions"}],"predecessor-version":[{"id":6986,"href":"https:\/\/sp6wejherowo.pl\/index.php?rest_route=\/wp\/v2\/pages\/1433\/revisions\/6986"}],"wp:attachment":[{"href":"https:\/\/sp6wejherowo.pl\/index.php?rest_route=%2Fwp%2Fv2%2Fmedia&parent=1433"}],"curies":[{"name":"wp","href":"https:\/\/api.w.org\/{rel}","templated":true}]}}