{"id":14,"date":"2018-09-20T11:11:30","date_gmt":"2018-09-20T11:11:30","guid":{"rendered":"http:\/\/nowa.sp6wejherowo.pl\/Blog\/?page_id=14"},"modified":"2025-11-10T19:39:40","modified_gmt":"2025-11-10T19:39:40","slug":"kontakt","status":"publish","type":"page","link":"https:\/\/sp6wejherowo.pl\/?page_id=14","title":{"rendered":"Kontakt"},"content":{"rendered":"<p style=\"text-align: center;\"><span style=\"font-size: 12pt;\">Szko\u0142a Podstawowa Nr 6<\/span><\/p>\n<p style=\"text-align: center;\"><span style=\"font-size: 12pt;\">ul. \u015amiechowska 36<\/span><\/p>\n<p style=\"text-align: center;\"><span style=\"font-size: 12pt;\">84-200 Wejherowo<\/span><\/p>\n<p style=\"text-align: center;\"><span style=\"font-size: 12pt;\">Tel.: (058) 672-10-73<\/span><\/p>\n<p style=\"text-align: center;\"><span style=\"font-size: 12pt;\">Fax: (058) 672-76-92<\/span><\/p>\n<p style=\"text-align: center;\"><span style=\"font-size: 12pt;\">Sekretariat szko\u0142y czynny codziennie w godzinach: 7.30 &#8211; 15.30<\/span><\/p>\n<hr>\n<p style=\"text-align: center;\"><span style=\"font-size: 12pt;\">\u015awietlica szkolna czynna codziennie w godzinach: 7.00-17.00<\/span><\/p>\n<p style=\"text-align: center;\"><span style=\"font-size: 12pt;\">Tel. do \u015bwietlicy szkolnej: (058) 672-25-47<\/span><\/p>\n<hr>\n<p style=\"text-align: center;\"><span style=\"font-size: 12pt;\">e-mail: <span id=\"cloak9bd66298d61c72fa64b39e19e3b8cd9b\"><a href=\"mailto:sekretariat@zs1wejherowo.pl\">sekretariat@sp6wejherowo.pl<\/a><\/span><\/span><\/p>\n<hr>\n<p style=\"text-align: center;\"><span style=\"font-size: 12pt;\">Adres skrzynki podawczej ePUAP: <span id=\"cloak9bd66298d61c72fa64b39e19e3b8cd9b\"><a href=\"https:\/\/epuap.gov.pl\/wps\/myportal\/strefa-klienta\/katalog-spraw\/profil-urzedu\/SP6Wejherowo\">\/SP6Wejherowo\/SkrytkaESP<\/a><\/span><\/span><\/p>\n<hr>\n<p style=\"text-align: center;\"><span style=\"font-size: 12pt;\">Adres do e &#8211; dor\u0119cze\u0144: AE:PL-54318-86193-AAAWU-14<\/span><\/p>\n<hr>\n<p style=\"text-align: center;\"><span style=\"font-size: 12pt;\">Jak do nas trafi\u0107: <a href=\"https:\/\/www.google.pl\/maps\/place\/Zesp%C3%B3%C5%82+Szk%C3%B3%C5%82+nr+1+w+Wejherowie+ul.+%C5%9Amiechowska+36\/@54.6026023,18.2512844,15z\/data=!4m2!3m1!1s0x46fdba34138beba9:0xd384fa0efcfffae1\" target=\"_blank\" rel=\"noopener noreferrer\">mapka dojazdowa<\/a><\/span><\/p>\n","protected":false},"excerpt":{"rendered":"<p>Szko\u0142a Podstawowa Nr 6 ul. \u015amiechowska 36 84-200 Wejherowo Tel.: (058) 672-10-73 Fax: (058) 672-76-92 Sekretariat szko\u0142y czynny codziennie w godzinach: 7.30 &#8211; 15.30 \u015awietlica szkolna czynna codziennie w godzinach: 7.00-17.00 Tel. do \u015bwietlicy szkolnej: (058) 672-25-47 e-mail: sekretariat@sp6wejherowo.pl Adres skrzynki podawczej ePUAP: \/SP6Wejherowo\/SkrytkaESP Adres do e &#8211; dor\u0119cze\u0144: AE:PL-54318-86193-AAAWU-14 Jak do nas trafi\u0107: mapka&hellip;<\/p>\n","protected":false},"author":1,"featured_media":0,"parent":0,"menu_order":0,"comment_status":"closed","ping_status":"closed","template":"","meta":{"ngg_post_thumbnail":0,"footnotes":"","_links_to":"","_links_to_target":""},"class_list":["post-14","page","type-page","status-publish","hentry"],"_links":{"self":[{"href":"https:\/\/sp6wejherowo.pl\/index.php?rest_route=\/wp\/v2\/pages\/14","targetHints":{"allow":["GET"]}}],"collection":[{"href":"https:\/\/sp6wejherowo.pl\/index.php?rest_route=\/wp\/v2\/pages"}],"about":[{"href":"https:\/\/sp6wejherowo.pl\/index.php?rest_route=\/wp\/v2\/types\/page"}],"author":[{"embeddable":true,"href":"https:\/\/sp6wejherowo.pl\/index.php?rest_route=\/wp\/v2\/users\/1"}],"replies":[{"embeddable":true,"href":"https:\/\/sp6wejherowo.pl\/index.php?rest_route=%2Fwp%2Fv2%2Fcomments&post=14"}],"version-history":[{"count":15,"href":"https:\/\/sp6wejherowo.pl\/index.php?rest_route=\/wp\/v2\/pages\/14\/revisions"}],"predecessor-version":[{"id":8245,"href":"https:\/\/sp6wejherowo.pl\/index.php?rest_route=\/wp\/v2\/pages\/14\/revisions\/8245"}],"wp:attachment":[{"href":"https:\/\/sp6wejherowo.pl\/index.php?rest_route=%2Fwp%2Fv2%2Fmedia&parent=14"}],"curies":[{"name":"wp","href":"https:\/\/api.w.org\/{rel}","templated":true}]}}