{"id":1175,"date":"2019-02-11T17:10:37","date_gmt":"2019-02-11T17:10:37","guid":{"rendered":"http:\/\/sp6wejherowo.pl\/?page_id=1175"},"modified":"2026-02-08T17:37:55","modified_gmt":"2026-02-08T17:37:55","slug":"rekrutacja-oddzial-przedszkolny","status":"publish","type":"page","link":"https:\/\/sp6wejherowo.pl\/?page_id=1175","title":{"rendered":"Rekrutacja &#8211; Oddzia\u0142 przedszkolny"},"content":{"rendered":"<p><\/p>\r\n<p><a href=\"https:\/\/sp6wejherowo.pl\/wp-content\/uploads\/2026\/02\/Harmonogram-rekrutacji-dla-oddzialow-przedszkolnych-w-szkolach-podstawowych.pdf\"><span style=\"font-size: 12pt;\">Harmonogram rekrutacji do oddzia\u0142\u00f3w przedszkolnych<\/span><\/a><\/p>\r\n<p><a href=\"https:\/\/sp6wejherowo.pl\/wp-content\/uploads\/2026\/02\/Regulamin-rekrutacji-do-oddzialu-przedszkolnego.docx\" target=\"_blank\" rel=\"noopener\"><span style=\"font-size: 12pt;\">Regulamin rekrutacji do oddzia\u0142u przedszkolnego<\/span><\/a><\/p>\r\n<p><a href=\"https:\/\/sp6wejherowo.pl\/wp-content\/uploads\/2026\/02\/Deklaracja-czasu-pobytu-dziecka-w-grupie.docx\" target=\"_blank\" rel=\"noopener\"><span style=\"font-size: 12pt;\">Deklaracja czasu pobytu dziecka w grupie<\/span><\/a><\/p>\r\n<p><span style=\"font-size: 12pt;\">\r\n\r\n<\/span><\/p>\r\n<p><a href=\"https:\/\/sp6wejherowo.pl\/wp-content\/uploads\/2026\/02\/Zalacznik-1-wniosek-do-oddzialu-przedszkolnego.docx\" target=\"_blank\" rel=\"noopener\"><span style=\"font-size: 12pt;\">Za\u0142\u0105cznik 1 &#8211; wniosek do oddzia\u0142u przedszkolnego<\/span><\/a><\/p>\r\n<p><span style=\"font-size: 12pt;\">\r\n\r\n<\/span><\/p>\r\n<p><a href=\"https:\/\/sp6wejherowo.pl\/wp-content\/uploads\/2026\/02\/Zalacznik-2-oswiadczenie-woli.docx\" target=\"_blank\" rel=\"noopener\"><span style=\"font-size: 12pt;\">Za\u0142\u0105cznik 2 &#8211; o\u015bwiadczenie woli<\/span><\/a><\/p>\r\n<p><span style=\"font-size: 12pt;\">\r\n\r\n<\/span><\/p>\r\n<p><a href=\"https:\/\/sp6wejherowo.pl\/wp-content\/uploads\/2026\/02\/Zalacznik-3-oswiadczenie-o-wielodzietnosci-rodziny.docx\" target=\"_blank\" rel=\"noopener\"><span style=\"font-size: 12pt;\">Za\u0142\u0105cznik 3 &#8211; o\u015bwiadczenie o wielodzietno\u015bci rodziny<\/span><\/a><\/p>\r\n<p><span style=\"font-size: 12pt;\">\r\n\r\n<\/span><\/p>\r\n<p><a href=\"https:\/\/sp6wejherowo.pl\/wp-content\/uploads\/2026\/02\/Zalacznik-4-samotne-wychowywanie-dziecka.docx\" target=\"_blank\" rel=\"noopener\"><span style=\"font-size: 12pt;\">Za\u0142\u0105cznik 4 &#8211; samotne wychowywanie dziecka<\/span><\/a><\/p>\r\n","protected":false},"excerpt":{"rendered":"<p>Harmonogram rekrutacji do oddzia\u0142\u00f3w przedszkolnych Regulamin rekrutacji do oddzia\u0142u przedszkolnego Deklaracja czasu pobytu dziecka w grupie Za\u0142\u0105cznik 1 &#8211; wniosek do oddzia\u0142u przedszkolnego Za\u0142\u0105cznik 2 &#8211; o\u015bwiadczenie woli Za\u0142\u0105cznik 3 &#8211; o\u015bwiadczenie o wielodzietno\u015bci rodziny Za\u0142\u0105cznik 4 &#8211; samotne wychowywanie dziecka<\/p>\n","protected":false},"author":1,"featured_media":0,"parent":0,"menu_order":0,"comment_status":"closed","ping_status":"closed","template":"","meta":{"ngg_post_thumbnail":0,"footnotes":"","_links_to":"","_links_to_target":""},"class_list":["post-1175","page","type-page","status-publish","hentry"],"_links":{"self":[{"href":"https:\/\/sp6wejherowo.pl\/index.php?rest_route=\/wp\/v2\/pages\/1175","targetHints":{"allow":["GET"]}}],"collection":[{"href":"https:\/\/sp6wejherowo.pl\/index.php?rest_route=\/wp\/v2\/pages"}],"about":[{"href":"https:\/\/sp6wejherowo.pl\/index.php?rest_route=\/wp\/v2\/types\/page"}],"author":[{"embeddable":true,"href":"https:\/\/sp6wejherowo.pl\/index.php?rest_route=\/wp\/v2\/users\/1"}],"replies":[{"embeddable":true,"href":"https:\/\/sp6wejherowo.pl\/index.php?rest_route=%2Fwp%2Fv2%2Fcomments&post=1175"}],"version-history":[{"count":14,"href":"https:\/\/sp6wejherowo.pl\/index.php?rest_route=\/wp\/v2\/pages\/1175\/revisions"}],"predecessor-version":[{"id":8317,"href":"https:\/\/sp6wejherowo.pl\/index.php?rest_route=\/wp\/v2\/pages\/1175\/revisions\/8317"}],"wp:attachment":[{"href":"https:\/\/sp6wejherowo.pl\/index.php?rest_route=%2Fwp%2Fv2%2Fmedia&parent=1175"}],"curies":[{"name":"wp","href":"https:\/\/api.w.org\/{rel}","templated":true}]}}