{"id":1173,"date":"2019-02-11T17:09:56","date_gmt":"2019-02-11T17:09:56","guid":{"rendered":"http:\/\/sp6wejherowo.pl\/?page_id=1173"},"modified":"2026-02-08T17:28:14","modified_gmt":"2026-02-08T17:28:14","slug":"rekrutacja-klasa-1","status":"publish","type":"page","link":"https:\/\/sp6wejherowo.pl\/?page_id=1173","title":{"rendered":"Rekrutacja &#8211; Klasa 1"},"content":{"rendered":"<p><\/p>\r\n<p><a href=\"https:\/\/sp6wejherowo.pl\/wp-content\/uploads\/2026\/02\/Harmonogram-rekrutacji-do-klas-pierwszych-szkol-podstawowych.pdf\"><span style=\"font-size: 12pt;\">Harmonogram rekrutacji do klas pierwszych<\/span><\/a><\/p>\r\n<p><a href=\"https:\/\/sp6wejherowo.pl\/wp-content\/uploads\/2026\/02\/Regulamin-rekrutacji-do-klasy-I-Szkoly-Podstawowej-nr-6.docx\" target=\"_blank\" rel=\"noopener\"><span style=\"font-size: 12pt;\">Regulamin rekrutacji do klasy I Szko\u0142y Podstawowej nr 6<\/span><\/a><\/p>\r\n<p><span style=\"font-size: 12pt;\">\r\n\r\n<\/span><\/p>\r\n<p><a href=\"https:\/\/sp6wejherowo.pl\/wp-content\/uploads\/2026\/02\/Zalacznik-1-zgloszenie-dziecka-do-klasy-1.docx\" target=\"_blank\" rel=\"noopener\"><span style=\"font-size: 12pt;\">Za\u0142\u0105cznik 1 &#8211; zg\u0142oszenie dziecka do klasy 1<\/span><\/a><\/p>\r\n<p><span style=\"font-size: 12pt;\">\r\n\r\n<\/span><\/p>\r\n<p><a href=\"https:\/\/sp6wejherowo.pl\/wp-content\/uploads\/2026\/02\/Zalacznik-2-wniosek-do-klasy-1-spoza-rejonu.docx\" target=\"_blank\" rel=\"noopener\"><span style=\"font-size: 12pt;\">Za\u0142\u0105cznik 2 &#8211; wniosek do klasy 1 spoza rejonu<\/span><\/a><\/p>\r\n<p><span style=\"font-size: 12pt;\">\r\n\r\n<\/span><\/p>\r\n<p><a href=\"https:\/\/sp6wejherowo.pl\/wp-content\/uploads\/2026\/02\/Zalacznik-3-oswiadczenie-woli.docx\" target=\"_blank\" rel=\"noopener\"><span style=\"font-size: 12pt;\">Za\u0142\u0105cznik 3 &#8211; o\u015bwiadczenie woli<\/span><\/a><\/p>\r\n<p><span style=\"font-size: 12pt;\">\r\n\r\n<\/span><\/p>\r\n<p><a href=\"https:\/\/sp6wejherowo.pl\/wp-content\/uploads\/2026\/02\/Zalacznik-4-zgloszenie-dziecka-do-klasy-1-rocznik-2019.docx\" target=\"_blank\" rel=\"noopener\"><span style=\"font-size: 12pt;\">Za\u0142\u0105cznik 4 &#8211; zg\u0142oszenie dziecka do klasy 1&nbsp; &#8211; rocznik 2019<\/span><\/a><\/p>\r\n<p><span style=\"font-size: 12pt;\">\r\n\r\n<\/span><\/p>\r\n<p><a href=\"https:\/\/sp6wejherowo.pl\/wp-content\/uploads\/2026\/02\/Zalacznik-5-wniosek-do-klasy-1-spoza-rejonu-rocznik-2019.docx\" target=\"_blank\" rel=\"noopener\"><span style=\"font-size: 12pt;\">Za\u0142\u0105cznik 5 &#8211; wniosek do klasy 1 spoza rejonu&nbsp; &#8211; rocznik 2019<\/span><\/a><\/p>\r\n","protected":false},"excerpt":{"rendered":"<p>Harmonogram rekrutacji do klas pierwszych Regulamin rekrutacji do klasy I Szko\u0142y Podstawowej nr 6 Za\u0142\u0105cznik 1 &#8211; zg\u0142oszenie dziecka do klasy 1 Za\u0142\u0105cznik 2 &#8211; wniosek do klasy 1 spoza rejonu Za\u0142\u0105cznik 3 &#8211; o\u015bwiadczenie woli Za\u0142\u0105cznik 4 &#8211; zg\u0142oszenie dziecka do klasy 1&nbsp; &#8211; rocznik 2019 Za\u0142\u0105cznik 5 &#8211; wniosek do klasy 1 spoza&hellip;<\/p>\n","protected":false},"author":1,"featured_media":0,"parent":0,"menu_order":0,"comment_status":"closed","ping_status":"closed","template":"","meta":{"ngg_post_thumbnail":0,"footnotes":"","_links_to":"","_links_to_target":""},"class_list":["post-1173","page","type-page","status-publish","hentry"],"_links":{"self":[{"href":"https:\/\/sp6wejherowo.pl\/index.php?rest_route=\/wp\/v2\/pages\/1173","targetHints":{"allow":["GET"]}}],"collection":[{"href":"https:\/\/sp6wejherowo.pl\/index.php?rest_route=\/wp\/v2\/pages"}],"about":[{"href":"https:\/\/sp6wejherowo.pl\/index.php?rest_route=\/wp\/v2\/types\/page"}],"author":[{"embeddable":true,"href":"https:\/\/sp6wejherowo.pl\/index.php?rest_route=\/wp\/v2\/users\/1"}],"replies":[{"embeddable":true,"href":"https:\/\/sp6wejherowo.pl\/index.php?rest_route=%2Fwp%2Fv2%2Fcomments&post=1173"}],"version-history":[{"count":12,"href":"https:\/\/sp6wejherowo.pl\/index.php?rest_route=\/wp\/v2\/pages\/1173\/revisions"}],"predecessor-version":[{"id":8309,"href":"https:\/\/sp6wejherowo.pl\/index.php?rest_route=\/wp\/v2\/pages\/1173\/revisions\/8309"}],"wp:attachment":[{"href":"https:\/\/sp6wejherowo.pl\/index.php?rest_route=%2Fwp%2Fv2%2Fmedia&parent=1173"}],"curies":[{"name":"wp","href":"https:\/\/api.w.org\/{rel}","templated":true}]}}