{"id":111,"date":"2018-09-21T10:09:48","date_gmt":"2018-09-21T10:09:48","guid":{"rendered":"http:\/\/nowa.sp6wejherowo.pl\/Blog\/?page_id=111"},"modified":"2025-09-22T12:11:09","modified_gmt":"2025-09-22T12:11:09","slug":"terapeuta-pedagogiczny","status":"publish","type":"page","link":"https:\/\/sp6wejherowo.pl\/?page_id=111","title":{"rendered":"Terapeuta pedagogiczny"},"content":{"rendered":"<p style=\"text-align: center;\"><strong><span style=\"font-size: 12pt;\">Terapeuta pedagogiczny<\/span><\/strong><\/p>\n<p style=\"text-align: center;\"><em><strong><span style=\"font-size: 12pt;\">mgr Agata Palach<\/span><\/strong><\/em><\/p>\n<p style=\"text-align: center;\">&nbsp;<\/p>\n<p style=\"text-align: justify;\"><span style=\"font-size: 10pt;\">TERAPIA PEDAGOGICZNA<\/span><br \/>\n<span style=\"font-size: 10pt;\">W naszej szkole odbywaj\u0105 si\u0119 zaj\u0119cia korekcyjno- kompensacyjne prowadzone przez wyspecjalizowanego terapeut\u0119 pedagogicznego. Organizuje si\u0119 je dla uczni\u00f3w z kl. I-VIII z zaburzeniami i odchyleniami rozwojowymi lub specyficznymi trudno\u015bciami w uczeniu si\u0119, czyli z dysleksj\u0105 rozwojow\u0105: w formie dysleksji, dysortografii lub dysgrafii. Zaj\u0119cia prowadzone s\u0105 w ma\u0142ych grupach i odbywaj\u0105 si\u0119 raz w tygodniu.<\/span><\/p>\n<p style=\"text-align: justify;\"><span style=\"font-size: 10pt;\">\u2022 w klasach I-III szko\u0142y podstawowej najwa\u017cniejszym celem zaj\u0119\u0107 jest: rozpoznanie i usuwanie przyczyn trudno\u015bci w uczeniu si\u0119 dziecka, w tym ryzyka trudno\u015bci specyficznych, a wi\u0119c usprawnianie funkcji spostrzegania wzrokowego, funkcji s\u0142uchowej, orientacji przestrzennej, koordynacji wzrokowo-ruchowej, funkcji motorycznych; wyr\u00f3wnywanie brak\u00f3w w zakresie edukacji polonistycznej i matematycznej oraz rozwijanie pozytywnej motywacji do pracy<\/span><br \/>\n<span style=\"font-size: 10pt;\">\u2022 w klasach IV-VIII szko\u0142y podstawowej celem zaj\u0119\u0107 jest g\u0142\u00f3wnie stworzenie mo\u017cliwo\u015bci wszechstronnego rozwoju umys\u0142owego, psychicznego i spo\u0142ecznego uczniom z utrudnieniami rozwojowymi, umo\u017cliwienie uczniom opanowania podstawowych umiej\u0119tno\u015bci czytania i pisania, wyr\u00f3wnywanie brak\u00f3w w wiadomo\u015bciach i umiej\u0119tno\u015bciach b\u0119d\u0105cych przyczyn\u0105 trudno\u015bci szkolnych oraz przezwyci\u0119\u017canie skutk\u00f3w niepowodze\u0144 szkolnych, tj. trudno\u015bci w czytaniu, pisaniu i liczeniu.<\/span><\/p>\n","protected":false},"excerpt":{"rendered":"<p>Terapeuta pedagogiczny mgr Agata Palach &nbsp; TERAPIA PEDAGOGICZNA W naszej szkole odbywaj\u0105 si\u0119 zaj\u0119cia korekcyjno- kompensacyjne prowadzone przez wyspecjalizowanego terapeut\u0119 pedagogicznego. Organizuje si\u0119 je dla uczni\u00f3w z kl. I-VIII z zaburzeniami i odchyleniami rozwojowymi lub specyficznymi trudno\u015bciami w uczeniu si\u0119, czyli z dysleksj\u0105 rozwojow\u0105: w formie dysleksji, dysortografii lub dysgrafii. Zaj\u0119cia prowadzone s\u0105 w ma\u0142ych&hellip;<\/p>\n","protected":false},"author":1,"featured_media":0,"parent":0,"menu_order":0,"comment_status":"closed","ping_status":"closed","template":"","meta":{"ngg_post_thumbnail":0,"footnotes":"","_links_to":"","_links_to_target":""},"class_list":["post-111","page","type-page","status-publish","hentry"],"_links":{"self":[{"href":"https:\/\/sp6wejherowo.pl\/index.php?rest_route=\/wp\/v2\/pages\/111","targetHints":{"allow":["GET"]}}],"collection":[{"href":"https:\/\/sp6wejherowo.pl\/index.php?rest_route=\/wp\/v2\/pages"}],"about":[{"href":"https:\/\/sp6wejherowo.pl\/index.php?rest_route=\/wp\/v2\/types\/page"}],"author":[{"embeddable":true,"href":"https:\/\/sp6wejherowo.pl\/index.php?rest_route=\/wp\/v2\/users\/1"}],"replies":[{"embeddable":true,"href":"https:\/\/sp6wejherowo.pl\/index.php?rest_route=%2Fwp%2Fv2%2Fcomments&post=111"}],"version-history":[{"count":8,"href":"https:\/\/sp6wejherowo.pl\/index.php?rest_route=\/wp\/v2\/pages\/111\/revisions"}],"predecessor-version":[{"id":8198,"href":"https:\/\/sp6wejherowo.pl\/index.php?rest_route=\/wp\/v2\/pages\/111\/revisions\/8198"}],"wp:attachment":[{"href":"https:\/\/sp6wejherowo.pl\/index.php?rest_route=%2Fwp%2Fv2%2Fmedia&parent=111"}],"curies":[{"name":"wp","href":"https:\/\/api.w.org\/{rel}","templated":true}]}}