{"id":109,"date":"2018-09-21T10:09:08","date_gmt":"2018-09-21T10:09:08","guid":{"rendered":"http:\/\/nowa.sp6wejherowo.pl\/Blog\/?page_id=109"},"modified":"2025-09-19T17:35:09","modified_gmt":"2025-09-19T17:35:09","slug":"pracownicy-administracji-i-obslugi","status":"publish","type":"page","link":"https:\/\/sp6wejherowo.pl\/?page_id=109","title":{"rendered":"Pracownicy administracji i obs\u0142ugi"},"content":{"rendered":"<p><span style=\"font-size: 12pt;\">1 Bojke Justyna<\/span><br \/>\n<span style=\"font-size: 12pt;\">2 Formella Barbara<\/span><br \/>\n<span style=\"font-size: 12pt;\">3 Joskowska Alicja<\/span><br \/>\n<span style=\"font-size: 12pt;\">4 Konkol Ewa<\/span><br \/>\n<span style=\"font-size: 12pt;\">5 Kowalczyk Monika<\/span><br \/>\n<span style=\"font-size: 12pt;\">6 Kowalska Bogumi\u0142a<\/span><br \/>\n<span style=\"font-size: 12pt;\">7 Kwidzi\u0144ska Aldona<\/span><br \/>\n<span style=\"font-size: 12pt;\">8 Lesner Katarzyna<\/span><br \/>\n<span style=\"font-size: 12pt;\">9 Lessnau Joanna<\/span><br \/>\n<span style=\"font-size: 12pt;\">10 Leyk Alicja<\/span><br \/>\n<span style=\"font-size: 12pt;\">11 P\u0142otka Bogumi\u0142a<\/span><br \/>\n<span style=\"font-size: 12pt;\">12 Pob\u0142ocka Marta<\/span><br \/>\n<span style=\"font-size: 12pt;\">13 Por\u0119bska Anna<\/span><br \/>\n<span style=\"font-size: 12pt;\">14 Potrykus Marzena<\/span><br \/>\n<span style=\"font-size: 12pt;\">15 Rekowski Arkadiusz<\/span><br \/>\n<span style=\"font-size: 12pt;\">16 Ropela Anetta<\/span><br \/>\n<span style=\"font-size: 12pt;\">17 Semmerling Tadeusz<\/span><br \/>\n<span style=\"font-size: 12pt;\">18 \u015aliwi\u0144ska Mariola<\/span><br \/>\n<span style=\"font-size: 12pt;\">19 Tokarz Joanna<\/span><br \/>\n<span style=\"font-size: 12pt;\">20 Tokarz Leszek<\/span><br \/>\n<span style=\"font-size: 12pt;\">21 Woss-\u015alifarska Urszula<\/span><br \/>\n<span style=\"font-size: 12pt;\">22 Ziemann Renata<\/span><\/p>\n","protected":false},"excerpt":{"rendered":"<p>1 Bojke Justyna 2 Formella Barbara 3 Joskowska Alicja 4 Konkol Ewa 5 Kowalczyk Monika 6 Kowalska Bogumi\u0142a 7 Kwidzi\u0144ska Aldona 8 Lesner Katarzyna 9 Lessnau Joanna 10 Leyk Alicja 11 P\u0142otka Bogumi\u0142a 12 Pob\u0142ocka Marta 13 Por\u0119bska Anna 14 Potrykus Marzena 15 Rekowski Arkadiusz 16 Ropela Anetta 17 Semmerling Tadeusz 18 \u015aliwi\u0144ska Mariola 19&hellip;<\/p>\n","protected":false},"author":1,"featured_media":0,"parent":0,"menu_order":0,"comment_status":"closed","ping_status":"closed","template":"","meta":{"ngg_post_thumbnail":0,"footnotes":"","_links_to":"","_links_to_target":""},"class_list":["post-109","page","type-page","status-publish","hentry"],"_links":{"self":[{"href":"https:\/\/sp6wejherowo.pl\/index.php?rest_route=\/wp\/v2\/pages\/109","targetHints":{"allow":["GET"]}}],"collection":[{"href":"https:\/\/sp6wejherowo.pl\/index.php?rest_route=\/wp\/v2\/pages"}],"about":[{"href":"https:\/\/sp6wejherowo.pl\/index.php?rest_route=\/wp\/v2\/types\/page"}],"author":[{"embeddable":true,"href":"https:\/\/sp6wejherowo.pl\/index.php?rest_route=\/wp\/v2\/users\/1"}],"replies":[{"embeddable":true,"href":"https:\/\/sp6wejherowo.pl\/index.php?rest_route=%2Fwp%2Fv2%2Fcomments&post=109"}],"version-history":[{"count":13,"href":"https:\/\/sp6wejherowo.pl\/index.php?rest_route=\/wp\/v2\/pages\/109\/revisions"}],"predecessor-version":[{"id":8197,"href":"https:\/\/sp6wejherowo.pl\/index.php?rest_route=\/wp\/v2\/pages\/109\/revisions\/8197"}],"wp:attachment":[{"href":"https:\/\/sp6wejherowo.pl\/index.php?rest_route=%2Fwp%2Fv2%2Fmedia&parent=109"}],"curies":[{"name":"wp","href":"https:\/\/api.w.org\/{rel}","templated":true}]}}