{"id":107,"date":"2018-09-21T10:08:41","date_gmt":"2018-09-21T10:08:41","guid":{"rendered":"http:\/\/nowa.sp6wejherowo.pl\/Blog\/?page_id=107"},"modified":"2024-10-02T08:03:31","modified_gmt":"2024-10-02T08:03:31","slug":"stomatolog","status":"publish","type":"page","link":"https:\/\/sp6wejherowo.pl\/?page_id=107","title":{"rendered":"Stomatolog"},"content":{"rendered":"<p style=\"text-align: center;\"><strong><span style=\"font-size: 12pt;\">GABINET STOMATOLOGICZNY<\/span><\/strong><\/p>\n<p style=\"text-align: center;\"><em><span style=\"font-size: 12pt;\">lek. stomatolog<\/span><strong><span style=\"font-size: 12pt;\"> Andrzej Steczy\u0144ski<\/span><\/strong><\/em><\/p>\n<p style=\"text-align: center;\"><span style=\"font-size: 12pt;\"><em>lek. stomatolog<strong> Natalia Czucha<br \/>\n<\/strong><\/em><\/span><\/p>\n<p style=\"text-align: center;\"><em><span style=\"font-size: 12pt;\">higienistka stomatologiczna<\/span><strong><span style=\"font-size: 12pt;\"> Izabela Sujkowska<br \/>\n<\/span><\/strong><\/em><\/p>\n<p style=\"text-align: center;\"><span style=\"font-size: 12pt;\">Poniedzia\u0142ek <strong>08.00 &#8211; 14.00<\/strong><\/span><br \/>\n<span style=\"font-size: 12pt;\">Wtorek <strong>08.00 &#8211; 14.00<\/strong><\/span><br \/>\n<span style=\"font-size: 12pt;\">\u015aroda <strong>8.00 &#8211; 11.00<\/strong><\/span><br \/>\n<span style=\"font-size: 12pt;\">Czwartek <strong>8.00 &#8211; 13.00<\/strong><\/span><br \/>\n<span style=\"font-size: 12pt;\">Pi\u0105tek <strong>8.00 &#8211; 13.00<\/strong><\/span><\/p>\n<p style=\"text-align: center;\"><span style=\"font-size: 12pt;\">Przyj\u0119cia pacjent\u00f3w po uprzedniej rejestracji telefonicznej: <\/span><\/p>\n<p style=\"text-align: center;\"><span style=\"font-size: 12pt;\"><strong>Tel.&nbsp; 793 &#8211; 943 &#8211; 111<\/strong><\/span><\/p>\n","protected":false},"excerpt":{"rendered":"<p>GABINET STOMATOLOGICZNY lek. stomatolog Andrzej Steczy\u0144ski lek. stomatolog Natalia Czucha higienistka stomatologiczna Izabela Sujkowska Poniedzia\u0142ek 08.00 &#8211; 14.00 Wtorek 08.00 &#8211; 14.00 \u015aroda 8.00 &#8211; 11.00 Czwartek 8.00 &#8211; 13.00 Pi\u0105tek 8.00 &#8211; 13.00 Przyj\u0119cia pacjent\u00f3w po uprzedniej rejestracji telefonicznej: Tel.&nbsp; 793 &#8211; 943 &#8211; 111<\/p>\n","protected":false},"author":1,"featured_media":0,"parent":0,"menu_order":0,"comment_status":"closed","ping_status":"closed","template":"","meta":{"ngg_post_thumbnail":0,"footnotes":"","_links_to":"","_links_to_target":""},"class_list":["post-107","page","type-page","status-publish","hentry"],"_links":{"self":[{"href":"https:\/\/sp6wejherowo.pl\/index.php?rest_route=\/wp\/v2\/pages\/107","targetHints":{"allow":["GET"]}}],"collection":[{"href":"https:\/\/sp6wejherowo.pl\/index.php?rest_route=\/wp\/v2\/pages"}],"about":[{"href":"https:\/\/sp6wejherowo.pl\/index.php?rest_route=\/wp\/v2\/types\/page"}],"author":[{"embeddable":true,"href":"https:\/\/sp6wejherowo.pl\/index.php?rest_route=\/wp\/v2\/users\/1"}],"replies":[{"embeddable":true,"href":"https:\/\/sp6wejherowo.pl\/index.php?rest_route=%2Fwp%2Fv2%2Fcomments&post=107"}],"version-history":[{"count":7,"href":"https:\/\/sp6wejherowo.pl\/index.php?rest_route=\/wp\/v2\/pages\/107\/revisions"}],"predecessor-version":[{"id":7854,"href":"https:\/\/sp6wejherowo.pl\/index.php?rest_route=\/wp\/v2\/pages\/107\/revisions\/7854"}],"wp:attachment":[{"href":"https:\/\/sp6wejherowo.pl\/index.php?rest_route=%2Fwp%2Fv2%2Fmedia&parent=107"}],"curies":[{"name":"wp","href":"https:\/\/api.w.org\/{rel}","templated":true}]}}