{"id":103,"date":"2018-09-21T10:08:15","date_gmt":"2018-09-21T10:08:15","guid":{"rendered":"http:\/\/nowa.sp6wejherowo.pl\/Blog\/?page_id=103"},"modified":"2025-09-19T17:33:11","modified_gmt":"2025-09-19T17:33:11","slug":"nauczyciele","status":"publish","type":"page","link":"https:\/\/sp6wejherowo.pl\/?page_id=103","title":{"rendered":"Nauczyciele"},"content":{"rendered":"<p><span style=\"font-size: 12pt;\">1 Bary\u0142owska Barbara<\/span><br \/>\n<span style=\"font-size: 12pt;\">2 Bingoraj-Heldt Katarzyna<\/span><br \/>\n<span style=\"font-size: 12pt;\">3 Borska Gra\u017cyna<\/span><br \/>\n<span style=\"font-size: 12pt;\">4 Boszke Justyna<\/span><br \/>\n<span style=\"font-size: 12pt;\">5 Brzeska Magdalena<\/span><br \/>\n<span style=\"font-size: 12pt;\">6 Budek Justyna<\/span><br \/>\n<span style=\"font-size: 12pt;\">7 Ch\u0142opecka Beata<\/span><br \/>\n<span style=\"font-size: 12pt;\">8 Ciborska Ewa<\/span><br \/>\n<span style=\"font-size: 12pt;\">9 Damps Kinga<\/span><br \/>\n<span style=\"font-size: 12pt;\">10 Dawidowicz-Lenarczyk Wioletta<\/span><br \/>\n<span style=\"font-size: 12pt;\">11 Dickert Maria<\/span><br \/>\n<span style=\"font-size: 12pt;\">12 Doering-St\u0119ch\u0142y Bo\u017cena<\/span><br \/>\n<span style=\"font-size: 12pt;\">13 Dopke Anna<\/span><br \/>\n<span style=\"font-size: 12pt;\">14 Duda Katarzyna<\/span><br \/>\n<span style=\"font-size: 12pt;\">15 Formella Lucyna<\/span><br \/>\n<span style=\"font-size: 12pt;\">16 Funk Izabela<\/span><br \/>\n<span style=\"font-size: 12pt;\">17 Ga\u0142ka Patrycja<\/span><br \/>\n<span style=\"font-size: 12pt;\">18 Grzenkowicz Sandra<\/span><br \/>\n<span style=\"font-size: 12pt;\">19 Hinc Ewelina<\/span><br \/>\n<span style=\"font-size: 12pt;\">20 Hoeft Mateusz<\/span><br \/>\n<span style=\"font-size: 12pt;\">21 Jankowska Bo\u017cena<\/span><br \/>\n<span style=\"font-size: 12pt;\">22 Kacprzak Alina<\/span><br \/>\n<span style=\"font-size: 12pt;\">23 Kankowska Alicja<\/span><br \/>\n<span style=\"font-size: 12pt;\">24 Klejbor Alicja<\/span><br \/>\n<span style=\"font-size: 12pt;\">25 Krauza Angelika<\/span><br \/>\n<span style=\"font-size: 12pt;\">26 Krawczyk Alicja<\/span><br \/>\n<span style=\"font-size: 12pt;\">27 Kreft Agnieszka<\/span><br \/>\n<span style=\"font-size: 12pt;\">28 Krzymowska Anna<\/span><br \/>\n<span style=\"font-size: 12pt;\">29 Kwiatkowska Kamila<\/span><br \/>\n<span style=\"font-size: 12pt;\">30 Kwidzi\u0144ska Natalia<\/span><br \/>\n<span style=\"font-size: 12pt;\">31 Laskowska Barbara<\/span><br \/>\n<span style=\"font-size: 12pt;\">32 Lesner Marzena<\/span><br \/>\n<span style=\"font-size: 12pt;\">33 Lessnau Katarzyna<\/span><br \/>\n<span style=\"font-size: 12pt;\">34 Lewi\u0144ska-Pawlak Hanna<\/span><br \/>\n<span style=\"font-size: 12pt;\">35 Lis Aleksandra<\/span><br \/>\n<span style=\"font-size: 12pt;\">36 Litwin Justyna<\/span><br \/>\n<span style=\"font-size: 12pt;\">37 Litwin Piotr<\/span><br \/>\n<span style=\"font-size: 12pt;\">38 \u0141ab\u0119cka Jolanta<\/span><br \/>\n<span style=\"font-size: 12pt;\">39 Mech Aleksandra<\/span><br \/>\n<span style=\"font-size: 12pt;\">40 Michalska Irena<\/span><br \/>\n<span style=\"font-size: 12pt;\">41 Mormol Miros\u0142awa<\/span><br \/>\n<span style=\"font-size: 12pt;\">42 Nielek Tomasz<\/span><br \/>\n<span style=\"font-size: 12pt;\">43 Nikielska-Towgin Izabela<\/span><br \/>\n<span style=\"font-size: 12pt;\">44 Nowicka Agnieszka<\/span><br \/>\n<span style=\"font-size: 12pt;\">45 Ostrowska Barbara<\/span><br \/>\n<span style=\"font-size: 12pt;\">46 Pad\u0142o Barbara<\/span><br \/>\n<span style=\"font-size: 12pt;\">47 Palach Agata<\/span><br \/>\n<span style=\"font-size: 12pt;\">48 Pawlik-Jadach Izabela<\/span><br \/>\n<span style=\"font-size: 12pt;\">49 Pi\u0105tkowska Marta<\/span><br \/>\n<span style=\"font-size: 12pt;\">50 Piotrowska Danuta<\/span><br \/>\n<span style=\"font-size: 12pt;\">51 Pis Beata<\/span><br \/>\n<span style=\"font-size: 12pt;\">52 P\u0142ocka Dorota<\/span><br \/>\n<span style=\"font-size: 12pt;\">53 Poche\u0107 Anita<\/span><br \/>\n<span style=\"font-size: 12pt;\">54 Polak Ewelina<\/span><br \/>\n<span style=\"font-size: 12pt;\">55 Rinz-Malewska Barbara<\/span><br \/>\n<span style=\"font-size: 12pt;\">56 Rogowska Katarzyna<\/span><br \/>\n<span style=\"font-size: 12pt;\">57 Rolbiecka Joanna<\/span><br \/>\n<span style=\"font-size: 12pt;\">58 Rompza Joanna<\/span><br \/>\n<span style=\"font-size: 12pt;\">59 Rygelska Katarzyna<\/span><br \/>\n<span style=\"font-size: 12pt;\">60 Rzepka Adriana<\/span><br \/>\n<span style=\"font-size: 12pt;\">61 Rzeppa Monika<\/span><br \/>\n<span style=\"font-size: 12pt;\">62 Sad\u0142owska Izabela<\/span><br \/>\n<span style=\"font-size: 12pt;\">63 Soldatke Joanna<\/span><br \/>\n<span style=\"font-size: 12pt;\">64 Stanecka Barbara<\/span><br \/>\n<span style=\"font-size: 12pt;\">65 Stanisz Paulina<\/span><br \/>\n<span style=\"font-size: 12pt;\">66 Stenka Agata<\/span><br \/>\n<span style=\"font-size: 12pt;\">67 Szlas Arkadiusz<\/span><br \/>\n<span style=\"font-size: 12pt;\">68 Szulc Bo\u017cena<\/span><br \/>\n<span style=\"font-size: 12pt;\">69 Szymerowska Weronika<\/span><br \/>\n<span style=\"font-size: 12pt;\">70 Treder Anna<\/span><br \/>\n<span style=\"font-size: 12pt;\">71 Uci\u0144ska-Makowska Aleksandra<\/span><br \/>\n<span style=\"font-size: 12pt;\">72 Wadas Mariola<\/span><br \/>\n<span style=\"font-size: 12pt;\">73 Wysocza\u0144ska Aleksandra<\/span><br \/>\n<span style=\"font-size: 12pt;\">74 Zaborowska Anita<\/span><br \/>\n<span style=\"font-size: 12pt;\">75 Zi\u0119bakowska Agnieszka<\/span><br \/>\n<span style=\"font-size: 12pt;\">76 Zi\u0119tara-Kluz Ewelina<\/span><\/p>\n","protected":false},"excerpt":{"rendered":"<p>1 Bary\u0142owska Barbara 2 Bingoraj-Heldt Katarzyna 3 Borska Gra\u017cyna 4 Boszke Justyna 5 Brzeska Magdalena 6 Budek Justyna 7 Ch\u0142opecka Beata 8 Ciborska Ewa 9 Damps Kinga 10 Dawidowicz-Lenarczyk Wioletta 11 Dickert Maria 12 Doering-St\u0119ch\u0142y Bo\u017cena 13 Dopke Anna 14 Duda Katarzyna 15 Formella Lucyna 16 Funk Izabela 17 Ga\u0142ka Patrycja 18 Grzenkowicz Sandra 19&hellip;<\/p>\n","protected":false},"author":1,"featured_media":0,"parent":0,"menu_order":0,"comment_status":"closed","ping_status":"closed","template":"","meta":{"ngg_post_thumbnail":0,"footnotes":"","_links_to":"","_links_to_target":""},"class_list":["post-103","page","type-page","status-publish","hentry"],"_links":{"self":[{"href":"https:\/\/sp6wejherowo.pl\/index.php?rest_route=\/wp\/v2\/pages\/103","targetHints":{"allow":["GET"]}}],"collection":[{"href":"https:\/\/sp6wejherowo.pl\/index.php?rest_route=\/wp\/v2\/pages"}],"about":[{"href":"https:\/\/sp6wejherowo.pl\/index.php?rest_route=\/wp\/v2\/types\/page"}],"author":[{"embeddable":true,"href":"https:\/\/sp6wejherowo.pl\/index.php?rest_route=\/wp\/v2\/users\/1"}],"replies":[{"embeddable":true,"href":"https:\/\/sp6wejherowo.pl\/index.php?rest_route=%2Fwp%2Fv2%2Fcomments&post=103"}],"version-history":[{"count":18,"href":"https:\/\/sp6wejherowo.pl\/index.php?rest_route=\/wp\/v2\/pages\/103\/revisions"}],"predecessor-version":[{"id":8196,"href":"https:\/\/sp6wejherowo.pl\/index.php?rest_route=\/wp\/v2\/pages\/103\/revisions\/8196"}],"wp:attachment":[{"href":"https:\/\/sp6wejherowo.pl\/index.php?rest_route=%2Fwp%2Fv2%2Fmedia&parent=103"}],"curies":[{"name":"wp","href":"https:\/\/api.w.org\/{rel}","templated":true}]}}