{"id":101,"date":"2018-09-21T10:07:52","date_gmt":"2018-09-21T10:07:52","guid":{"rendered":"http:\/\/nowa.sp6wejherowo.pl\/Blog\/?page_id=101"},"modified":"2025-09-16T08:25:39","modified_gmt":"2025-09-16T08:25:39","slug":"logopeda","status":"publish","type":"page","link":"https:\/\/sp6wejherowo.pl\/?page_id=101","title":{"rendered":"Logopeda"},"content":{"rendered":"<p style=\"text-align: center;\"><strong><span style=\"font-size: 12pt;\">Logopeda<\/span><\/strong><\/p>\n<p style=\"text-align: center;\"><em><strong><span style=\"font-size: 12pt;\">mgr Barbara Ostrowska<\/span><\/strong><\/em><\/p>\n<p style=\"text-align: center;\"><span style=\"font-size: 12pt;\">Godziny pracy:<\/span><br \/>\n<span style=\"font-size: 12pt;\">Poniedzia\u0142ek <strong>07.30 &#8211; 12.30<\/strong><\/span><br \/>\n<span style=\"font-size: 12pt;\">Wtorek <strong>07.20 &#8211; 13.20<\/strong><\/span><br \/>\n<span style=\"font-size: 12pt;\">\u015aroda <strong>07.20 &#8211; 12.20<\/strong><\/span><br \/>\n<span style=\"font-size: 12pt;\">Czwartek <strong>07.30 &#8211; 13.30<\/strong><\/span><br \/>\n<span style=\"font-size: 12pt;\">Pi\u0105tek <strong>09.15 &#8211; 13.15<\/strong><\/span><\/p>\n","protected":false},"excerpt":{"rendered":"<p>Logopeda mgr Barbara Ostrowska Godziny pracy: Poniedzia\u0142ek 07.30 &#8211; 12.30 Wtorek 07.20 &#8211; 13.20 \u015aroda 07.20 &#8211; 12.20 Czwartek 07.30 &#8211; 13.30 Pi\u0105tek 09.15 &#8211; 13.15<\/p>\n","protected":false},"author":1,"featured_media":0,"parent":0,"menu_order":0,"comment_status":"closed","ping_status":"closed","template":"","meta":{"ngg_post_thumbnail":0,"footnotes":"","_links_to":"","_links_to_target":""},"class_list":["post-101","page","type-page","status-publish","hentry"],"_links":{"self":[{"href":"https:\/\/sp6wejherowo.pl\/index.php?rest_route=\/wp\/v2\/pages\/101","targetHints":{"allow":["GET"]}}],"collection":[{"href":"https:\/\/sp6wejherowo.pl\/index.php?rest_route=\/wp\/v2\/pages"}],"about":[{"href":"https:\/\/sp6wejherowo.pl\/index.php?rest_route=\/wp\/v2\/types\/page"}],"author":[{"embeddable":true,"href":"https:\/\/sp6wejherowo.pl\/index.php?rest_route=\/wp\/v2\/users\/1"}],"replies":[{"embeddable":true,"href":"https:\/\/sp6wejherowo.pl\/index.php?rest_route=%2Fwp%2Fv2%2Fcomments&post=101"}],"version-history":[{"count":11,"href":"https:\/\/sp6wejherowo.pl\/index.php?rest_route=\/wp\/v2\/pages\/101\/revisions"}],"predecessor-version":[{"id":8181,"href":"https:\/\/sp6wejherowo.pl\/index.php?rest_route=\/wp\/v2\/pages\/101\/revisions\/8181"}],"wp:attachment":[{"href":"https:\/\/sp6wejherowo.pl\/index.php?rest_route=%2Fwp%2Fv2%2Fmedia&parent=101"}],"curies":[{"name":"wp","href":"https:\/\/api.w.org\/{rel}","templated":true}]}}